
{"id":118260,"date":"2024-06-08T06:06:51","date_gmt":"2024-06-08T06:06:51","guid":{"rendered":"https:\/\/b2c.gtmdev.nl\/product\/conyfair-ratelwig\/"},"modified":"2026-03-18T03:02:43","modified_gmt":"2026-03-18T03:02:43","slug":"conyfair-ratelwig","status":"publish","type":"product","link":"https:\/\/b2c.gtmdev.nl\/de\/product\/conyfair-ratelwig\/","title":{"rendered":"Conyfair ratelwig"},"content":{"rendered":"","protected":false},"excerpt":{"rendered":"<p>De Ratelwig is een gebrevetteerd werkmiddel dat ontwikkeld is door boomklimmers voor boomklimmers, en dit om de veiligheid en werkomstandigheden te verbeteren bij het demonteren van bomen. Voordien moest de boomspecialist zich in moeilijke posities manoeuvreren of rekenen op de hulp van medewerkers op de grond om stukken stam de juiste richting te laten vallen. Nu kan de boomklimmer zonder moeite grote stukken stam aan. Je moet het gezien hebben om het te geloven! <\/p>\n<p>De Ratelwig, gemaakt uit lichtgewichtaluminium, weegt nauwelijks 1,4 kg en kan gemakkelijk mee in de boom genomen worden. De Ratelwig is ook een belangrijk hulpmiddel voor de kettingzaag. In de omstandigheden, waarbij het zaagblad dreigt knel te geraken, kan men op eenvoudige wijze de Ratelwig in de zaagsnede draaien, waardoor er geen druk op het blad kan komen. Als de zaagsnede door is en er maximale druk op de wig staat, kan men hem er weer eenvoudig uitdraaien. De Ratelwig wordt zonder twijfel binnen de kortste tijd een basisuitrusting voor elke professionele boomklimmer!<\/p>\n<p>Klik hier voor meer informatie: <a href=\"http:\/\/www.arbomat.com\/en\/index.php\">www.arbomat.com<\/a><\/p>","protected":false},"featured_media":123963,"comment_status":"open","ping_status":"closed","template":"","meta":{"_acf_changed":false},"product_brand":[],"product_cat":[2349],"product_tag":[],"class_list":{"0":"post-118260","1":"product","2":"type-product","3":"status-publish","4":"has-post-thumbnail","6":"product_cat-accessoires","8":"first","9":"instock","10":"shipping-taxable","11":"purchasable","12":"product-type-simple"},"acf":{"media":{"afbeelding_1":null,"afbeelding_2":null,"afbeelding_3":null,"afbeelding_4":null,"afbeelding_5":null,"video":null,"video_thumbnail":null},"de":{"titel_en":"","omschrijving_de":"<p>Der Ratschenkeil ist ein patentiertes Arbeitsmittel da\u00df von Baumkletterern f\u00fcr Baumkletterer entwickelt wurde, und zwar um die Sicherheit und Arbeitsumst\u00e4nde zu verbessern beim Demontieren von B\u00e4umen. Fr\u00fcher mu\u00dfte der Baumspezialist sich in schwierigen Positionen man\u00f6vrieren oder sich auf die Hilfe von Mitarbeitern auf dem Boden verlassen um St\u00fccke des Baumstamms in der richtigen Richtung fallen zu lassen. Jetzt kann der Baumkletterer ohne M\u00fche gro\u00dfe St\u00fccke des Stamms bearbeiten. Um es zu glauben mu\u00df man es selber gesehen haben! <\/p>\r\n<p>Der Ratschenkeil, aus Leichtgewichtaluminium, wiegt kaum 1,4 Kilo und kann leicht auf den Baum mitgenommen werden. Der Ratschenkeil wird ohne Zweifel kurzfristig eine Basisausr\u00fcstung f\u00fcr jeden professionellen Baumkletterer!<\/p>\r\n<p>Click here for more information: <a href=\"http:\/\/www.arbomat.com\/en\/index.php\">www.arbomat.com<\/a><\/p>","specs_overview_de":"","specs_de":""},"nl":{"specs_overview_nl":""},"cat":"ACCESS","attributes":[{"attribute_acf":"dwactie","term_acf":"False"},{"attribute_acf":"dwartcat_code","term_acf":"ACCESS"},{"attribute_acf":"dwcompo","term_acf":"False"},{"attribute_acf":"dwctwebhfdgrp_code","term_acf":"TUIN"},{"attribute_acf":"dwctwebsupgrp_code_0","term_acf":"RATELWIG"},{"attribute_acf":"dwfpagekeurd","term_acf":"False"},{"attribute_acf":"dwhaksuitvoer","term_acf":"False"},{"attribute_acf":"dwleveringdealer","term_acf":"False"},{"attribute_acf":"dwnieuw","term_acf":"False"},{"attribute_acf":"dwonderdelentekening","term_acf":"False"},{"attribute_acf":"dwpriority","term_acf":"0"},{"attribute_acf":"dwprodgrp_code","term_acf":"ACCOV"},{"attribute_acf":"dwseizoen","term_acf":"False"},{"attribute_acf":"dwvijlbaar","term_acf":"False"},{"attribute_acf":"dwvozinclhoes","term_acf":"False"},{"attribute_acf":"dwvzinclhoes","term_acf":"False"},{"attribute_acf":"dwyoutube","term_acf":"_ziaLzNwF7k"},{"attribute_acf":"dwzichtbaarparticulier","term_acf":"True"},{"attribute_acf":"dwzichtbaarwebsite","term_acf":"True"},{"attribute_acf":"lift","term_acf":"False"}],"elynx_update_at":""},"_links":{"self":[{"href":"https:\/\/b2c.gtmdev.nl\/de\/wp-json\/wp\/v2\/product\/118260","targetHints":{"allow":["GET"]}}],"collection":[{"href":"https:\/\/b2c.gtmdev.nl\/de\/wp-json\/wp\/v2\/product"}],"about":[{"href":"https:\/\/b2c.gtmdev.nl\/de\/wp-json\/wp\/v2\/types\/product"}],"replies":[{"embeddable":true,"href":"https:\/\/b2c.gtmdev.nl\/de\/wp-json\/wp\/v2\/comments?post=118260"}],"wp:featuredmedia":[{"embeddable":true,"href":"https:\/\/b2c.gtmdev.nl\/de\/wp-json\/wp\/v2\/media\/123963"}],"wp:attachment":[{"href":"https:\/\/b2c.gtmdev.nl\/de\/wp-json\/wp\/v2\/media?parent=118260"}],"wp:term":[{"taxonomy":"product_brand","embeddable":true,"href":"https:\/\/b2c.gtmdev.nl\/de\/wp-json\/wp\/v2\/product_brand?post=118260"},{"taxonomy":"product_cat","embeddable":true,"href":"https:\/\/b2c.gtmdev.nl\/de\/wp-json\/wp\/v2\/product_cat?post=118260"},{"taxonomy":"product_tag","embeddable":true,"href":"https:\/\/b2c.gtmdev.nl\/de\/wp-json\/wp\/v2\/product_tag?post=118260"}],"curies":[{"name":"wp","href":"https:\/\/api.w.org\/{rel}","templated":true}]}}