
{"id":119358,"date":"2024-06-08T06:16:44","date_gmt":"2024-06-08T06:16:44","guid":{"rendered":"https:\/\/b2c.gtmdev.nl\/product\/gtm460-sp1-sc-1800w\/"},"modified":"2026-03-18T06:01:18","modified_gmt":"2026-03-18T06:01:18","slug":"gtm460-sp1-sc-1800w","status":"publish","type":"product","link":"https:\/\/b2c.gtmdev.nl\/de\/product\/gtm460-sp1-sc-1800w\/","title":{"rendered":"GTM460 SP1 SC 1800W"},"content":{"rendered":"<ul>\n<li>1800W\n  <\/li>\n<li>3100 tpm\n  <\/li>\n<li>1 versnelling\n  <\/li>\n<li>Stalen chassis\n  <\/li>\n<li>Inklapbare duwboom\n  <\/li>\n<li>Wielen voor: 18 cm&nbsp;\n  <\/li>\n<li>Wielen achter: 20 cm\n  <\/li>\n<li>460 mm maaibreedte\n  <\/li>\n<li>Maaihoogte 7 x instelbaar tussen 3 en 7,5 cm\n  <\/li>\n<li>60 l grasvangzak\n  <\/li>\n<li>Mulch plug inbegrepen\n  <\/li>\n<li>26,5 kg<\/li>\n<\/ul>","protected":false},"excerpt":{"rendered":"<p>Deze grasmaaier is voorzien van een elektrische motor met een groot<br \/>\nprestatievermogen van 1800 Watt. De combinatie met het 46 cm brede stalen<br \/>\nmaaidek maakt de grasmaaier geschikt voor gazons tot 1500 vierkante meter. De<br \/>\nmachine beschikt over een 3-in-1 systeem: maaien met opvangzak, met zijdelingse<br \/>\ngrasuitworp of mulchen.<\/p>","protected":false},"featured_media":124956,"comment_status":"open","ping_status":"closed","template":"","meta":{"_acf_changed":false},"product_brand":[],"product_cat":[2351],"product_tag":[],"class_list":{"0":"post-119358","1":"product","2":"type-product","3":"status-publish","4":"has-post-thumbnail","6":"product_cat-gazon","8":"first","9":"instock","10":"shipping-taxable","11":"purchasable","12":"product-type-simple"},"acf":{"media":{"afbeelding_1":131382,"afbeelding_2":131383,"afbeelding_3":"","afbeelding_4":"","afbeelding_5":"","video":"https:\/\/www.youtube.com\/watch?v=z_yy6qZbIWA","video_thumbnail":131383},"de":{"titel_en":"","omschrijving_de":"\r\n<p>Dieser Rasenm\u00e4her verf\u00fcgt \u00fcber einen Elektromotor mit einer gro\u00dfen \r\nLeistungsf\u00e4higkeit von 1800 Watt. Diese Kombination mit 46 cm breitem \r\nStahlm\u00e4hdeck eignet sich f\u00fcr Rasen bis 1500 Quadratmeter. Die Maschine verf\u00fcgt \r\n\u00fcber ein 3-in-1-System: M\u00e4hen mit Grasfangsack, mit Seitenauswurf oder \r\nmulchen.<\/p>","specs_overview_de":"\r\n<ul>\r\n  <li>Rasenm\u00e4her \u00d8 46 cm<\/li>\r\n  <li>Elektrisch 1800 W - 1 Gang<\/li>\r\n  <li>Seitenauswurf + Fangsack 60 L<\/li>\r\n  <li>F\u00fcr Rasen bis etwa 1500 m\u00b2<\/li><\/ul>","specs_de":"\r\n<ul>\r\n  <li>1800W \r\n  <\/li><li>3100 UpM \r\n  <\/li><li>1 Gang \r\n  <\/li><li>Stahlblechgeh\u00e4use \r\n  <\/li><li>Einklappbarer F\u00fchrungsholm \r\n  <\/li><li>R\u00e4der vorne: 18 cm  \r\n  <\/li><li>R\u00e4der hinten: 20 cm \r\n  <\/li><li>460 mm M\u00e4hbreite \r\n  <\/li><li>30-75 mm M\u00e4hh\u00f6he \r\n  <\/li><li>60 l Gewebefangsack \r\n  <\/li><li>Mulchstopfen enthalten \r\n  <\/li><li>26,5 kg<\/li><\/ul>"},"nl":{"specs_overview_nl":"\r\n<ul>\r\n  <li>Grasmaaier \u00d8 46 cm<\/li>\r\n  <li>Elektrisch 1800 W - 1 versnelling<\/li>\r\n  <li>Zijuitworp + opvangzak 60 l<\/li>\r\n  <li>Gazons tot ca. 1500 m\u00b2<\/li><\/ul>"},"cat":"GAZON","attributes":[{"attribute_acf":"dwactie","term_acf":"False"},{"attribute_acf":"dwartcat_code","term_acf":"GAZON"},{"attribute_acf":"dwartsubcat_code","term_acf":"GRASM"},{"attribute_acf":"dwcompo","term_acf":"False"},{"attribute_acf":"dwctwebhfdgrp_code","term_acf":"TUIN"},{"attribute_acf":"dwctwebsupgrp_code_0","term_acf":"MAAIERS"},{"attribute_acf":"dwfpagekeurd","term_acf":"False"},{"attribute_acf":"dwgazonmaaibr_code","term_acf":"46"},{"attribute_acf":"dwgazonmotor_code","term_acf":"ELEKTRISCH"},{"attribute_acf":"dwhaksuitvoer","term_acf":"False"},{"attribute_acf":"dwleveringdealer","term_acf":"True"},{"attribute_acf":"dwnieuw","term_acf":"False"},{"attribute_acf":"dwonderdelentekening","term_acf":"False"},{"attribute_acf":"dwpriority","term_acf":"993"},{"attribute_acf":"dwseizoen","term_acf":"False"},{"attribute_acf":"dwvijlbaar","term_acf":"False"},{"attribute_acf":"dwvozinclhoes","term_acf":"False"},{"attribute_acf":"dwvzinclhoes","term_acf":"False"},{"attribute_acf":"dwzichtbaarparticulier","term_acf":"True"},{"attribute_acf":"dwzichtbaarwebsite","term_acf":"True"},{"attribute_acf":"lift","term_acf":"False"}],"elynx_update_at":"2026-03-18T04:47:45.728Z"},"_links":{"self":[{"href":"https:\/\/b2c.gtmdev.nl\/de\/wp-json\/wp\/v2\/product\/119358","targetHints":{"allow":["GET"]}}],"collection":[{"href":"https:\/\/b2c.gtmdev.nl\/de\/wp-json\/wp\/v2\/product"}],"about":[{"href":"https:\/\/b2c.gtmdev.nl\/de\/wp-json\/wp\/v2\/types\/product"}],"replies":[{"embeddable":true,"href":"https:\/\/b2c.gtmdev.nl\/de\/wp-json\/wp\/v2\/comments?post=119358"}],"wp:featuredmedia":[{"embeddable":true,"href":"https:\/\/b2c.gtmdev.nl\/de\/wp-json\/wp\/v2\/media\/124956"}],"wp:attachment":[{"href":"https:\/\/b2c.gtmdev.nl\/de\/wp-json\/wp\/v2\/media?parent=119358"}],"wp:term":[{"taxonomy":"product_brand","embeddable":true,"href":"https:\/\/b2c.gtmdev.nl\/de\/wp-json\/wp\/v2\/product_brand?post=119358"},{"taxonomy":"product_cat","embeddable":true,"href":"https:\/\/b2c.gtmdev.nl\/de\/wp-json\/wp\/v2\/product_cat?post=119358"},{"taxonomy":"product_tag","embeddable":true,"href":"https:\/\/b2c.gtmdev.nl\/de\/wp-json\/wp\/v2\/product_tag?post=119358"}],"curies":[{"name":"wp","href":"https:\/\/api.w.org\/{rel}","templated":true}]}}