
{"id":119382,"date":"2024-06-08T06:16:49","date_gmt":"2024-06-08T06:16:49","guid":{"rendered":"https:\/\/b2c.gtmdev.nl\/product\/gtm500-sp1-c\/"},"modified":"2026-03-18T06:00:14","modified_gmt":"2026-03-18T06:00:14","slug":"gtm500-sp1-c","status":"publish","type":"product","link":"https:\/\/b2c.gtmdev.nl\/de\/product\/gtm500-sp1-c\/","title":{"rendered":"GTM500 SP1 C"},"content":{"rendered":"<ul>\n<li>B&amp;S 675EXI Series<\/li>\n<li>163 cc<\/li>\n<li>2800 tpm<\/li>\n<li>1 l tankinhoud<\/li>\n<li>Loodvrij 95<\/li>\n<li>Stalen chassis<\/li>\n<li>Verstelbare\/inklapbare duwboom<\/li>\n<li>1 versnelling<\/li>\n<li>203 mm wielen voor\/achter<\/li>\n<li>Dubbele wiellagering<\/li>\n<li>510 mm maaibreedte<\/li>\n<li>30-75 mm maaihoogte<\/li>\n<li>65 l grasvangzak<\/li>\n<li>40 kg<\/li>\n<\/ul>","protected":false},"excerpt":{"rendered":"<p>Een zeer populaire zelfrijdende grasmaaier van GTM Professional. Met zijn 50<br \/>\ncm een traditioneel veel verkochte maaibreedte en geschikt voor gazons van 1500<br \/>\ntot 2000 vierkante meters. De sterke B&amp;S motor uit de DOV750EX serie schrikt<br \/>\nniet terug van een beetje gras. Deze machine heeft \u00e9\u00e9n versnelling. Het stalen<br \/>\nchassis is goed bestand tegen steenslag.<\/p>","protected":false},"featured_media":132794,"comment_status":"open","ping_status":"closed","template":"","meta":{"_acf_changed":false},"product_brand":[],"product_cat":[2351],"product_tag":[],"class_list":{"0":"post-119382","1":"product","2":"type-product","3":"status-publish","4":"has-post-thumbnail","6":"product_cat-gazon","8":"first","9":"instock","10":"shipping-taxable","11":"purchasable","12":"product-type-simple"},"acf":{"media":{"afbeelding_1":131387,"afbeelding_2":"","afbeelding_3":"","afbeelding_4":"","afbeelding_5":"","video":"https:\/\/www.youtube.com\/watch?v=z_yy6qZbIWA","video_thumbnail":131383},"de":{"titel_en":"","omschrijving_de":"\r\n<p>Qualitativ hochwertiger 1 Gang angetriebener Rasenm\u00e4her aus stabilem Stahl. \r\nMit starkem Briggs&Stratton Motor aus der DOV750EX Serie. Der M\u00e4her is 50 cm \r\nbreit und hat eine zentrale H\u00f6henverstellung. Gro\u00dfe kugelgelagerte R\u00e4der. Die \r\nMaschine ist geeignet f\u00fcr Rasen von 1500 bis 2000 \r\nQuadratmetern.<\/p>","specs_overview_de":"\r\n<ul>\r\n  <li>Rasenm\u00e4her \u00d8 50 cm \r\n  <\/li><li>B&S DOV750EX - 1 Gang \r\n  <\/li><li>Fangsack 65 L \r\n  <\/li><li>F\u00fcr Rasen bis etwa 1500 - 2000 m\u00b2<\/li><\/ul>","specs_de":"\r\n<ul>\r\n  <li>B&S 675EXI Serie<\/li>\r\n  <li>163 cc<\/li>\r\n  <li>2800 UpM<\/li>\r\n  <li>1 l Tankinhalt<\/li>\r\n  <li>Bleifrei 95<\/li>\r\n  <li>Stahlblechgeh\u00e4use<\/li>\r\n  <li>Verstelbarer\/einklappbarer F\u00fchrungsholm<\/li>\r\n  <li>203 mm R\u00e4der vorne und hinten<\/li>\r\n  <li>Kugelgelagerte R\u00e4der<\/li>\r\n  <li>510 mm M\u00e4hbreite<\/li>\r\n  <li>30-75 mm M\u00e4hh\u00f6he<\/li>\r\n  <li>65l Gewebefangsack<\/li>\r\n  <li>40 kg<\/li><\/ul>"},"nl":{"specs_overview_nl":"\r\n<ul>\r\n  <li>Grasmaaier \u00d8 50 cm \r\n  <\/li><li>B&S DOV750EX - 1 versnelling \r\n  <\/li><li>Opvangzak 65 l \r\n  <\/li><li>Gazons tot ca. 1500 - 2000 m\u00b2<\/li><\/ul>"},"cat":"GAZON","attributes":[{"attribute_acf":"dwactie","term_acf":"False"},{"attribute_acf":"dwartcat_code","term_acf":"GAZON"},{"attribute_acf":"dwartsubcat_code","term_acf":"GRASM"},{"attribute_acf":"dwcompo","term_acf":"False"},{"attribute_acf":"dwctwebhfdgrp_code","term_acf":"TUIN"},{"attribute_acf":"dwctwebsupgrp_code_0","term_acf":"MAAIERS"},{"attribute_acf":"dwfpagekeurd","term_acf":"False"},{"attribute_acf":"dwgazonmaaibr_code","term_acf":"50"},{"attribute_acf":"dwgazonmotor_code","term_acf":"BENZINE"},{"attribute_acf":"dwhaksuitvoer","term_acf":"False"},{"attribute_acf":"dwleveringdealer","term_acf":"True"},{"attribute_acf":"dwnieuw","term_acf":"False"},{"attribute_acf":"dwonderdelentekening","term_acf":"True"},{"attribute_acf":"dwpriority","term_acf":"988"},{"attribute_acf":"dwseizoen","term_acf":"False"},{"attribute_acf":"dwvijlbaar","term_acf":"False"},{"attribute_acf":"dwvozinclhoes","term_acf":"False"},{"attribute_acf":"dwvzinclhoes","term_acf":"False"},{"attribute_acf":"dwyoutube","term_acf":"z_yy6qZbIWA"},{"attribute_acf":"dwzichtbaarparticulier","term_acf":"True"},{"attribute_acf":"dwzichtbaarwebsite","term_acf":"True"},{"attribute_acf":"lift","term_acf":"False"}],"elynx_update_at":"2026-03-18T04:40:57.504Z"},"_links":{"self":[{"href":"https:\/\/b2c.gtmdev.nl\/de\/wp-json\/wp\/v2\/product\/119382","targetHints":{"allow":["GET"]}}],"collection":[{"href":"https:\/\/b2c.gtmdev.nl\/de\/wp-json\/wp\/v2\/product"}],"about":[{"href":"https:\/\/b2c.gtmdev.nl\/de\/wp-json\/wp\/v2\/types\/product"}],"replies":[{"embeddable":true,"href":"https:\/\/b2c.gtmdev.nl\/de\/wp-json\/wp\/v2\/comments?post=119382"}],"wp:featuredmedia":[{"embeddable":true,"href":"https:\/\/b2c.gtmdev.nl\/de\/wp-json\/wp\/v2\/media\/132794"}],"wp:attachment":[{"href":"https:\/\/b2c.gtmdev.nl\/de\/wp-json\/wp\/v2\/media?parent=119382"}],"wp:term":[{"taxonomy":"product_brand","embeddable":true,"href":"https:\/\/b2c.gtmdev.nl\/de\/wp-json\/wp\/v2\/product_brand?post=119382"},{"taxonomy":"product_cat","embeddable":true,"href":"https:\/\/b2c.gtmdev.nl\/de\/wp-json\/wp\/v2\/product_cat?post=119382"},{"taxonomy":"product_tag","embeddable":true,"href":"https:\/\/b2c.gtmdev.nl\/de\/wp-json\/wp\/v2\/product_tag?post=119382"}],"curies":[{"name":"wp","href":"https:\/\/api.w.org\/{rel}","templated":true}]}}