
{"id":119384,"date":"2024-06-08T06:16:50","date_gmt":"2024-06-08T06:16:50","guid":{"rendered":"https:\/\/b2c.gtmdev.nl\/product\/gtm535-sp4-c-a-h\/"},"modified":"2026-03-18T06:01:32","modified_gmt":"2026-03-18T06:01:32","slug":"gtm535-sp4-c-a-h","status":"publish","type":"product","link":"https:\/\/b2c.gtmdev.nl\/de\/product\/gtm535-sp4-c-a-h\/","title":{"rendered":"GTM535 SP4 C A H"},"content":{"rendered":"<ul>\n<li>B&amp;S 675EXI Series<\/li>\n<li>163 cc<\/li>\n<li>2800 tpm<\/li>\n<li>1 l tankinhoud<\/li>\n<li>Loodvrij 95<\/li>\n<li>Aluminium maaidek<\/li>\n<li>Verstelbare\/inklapbare duwboom<\/li>\n<li>4 versnellingen<\/li>\n<li>203\/280 mm wielen voor\/achter<\/li>\n<li>Dubbele wiellagering<\/li>\n<li>530 mm maaibreedte<\/li>\n<li>25-80 mm maaihoogte<\/li>\n<li>70 l grasvangzak<\/li>\n<li>Mulching messen apart verkrijgbaar<\/li>\n<li>41 kg<\/li>\n<\/ul>","protected":false},"excerpt":{"rendered":"<p>Met 4 versnellingen en geschikt voor gazons tot 2500 vierkante meters. Door het gebruik van snelspanners is de duwboom zeer eenvoudig en snel in te klappen, wat een geweldige ruimtebesparing geeft voor transport of opslag. <\/p>\n<p>De grote achterwielen, de zogenaamde \"High Wheels', zorgen voor een lagere rolweerstand, een betere wendbaarheid en meer grip op het terrein. Het aluminium maaidek staat garant voor een lange levensduur en de grasvangzak ligt perfect in lijn met de windtunnel waardoor de grasopvang echt maximaal is. Het leegmaken van de grasvangzak is verrassend eenvoudig. <\/p>\n<p>De kunststofbumper en de stalen slijtrand voorkomen schade aan het aluminium en de centrale maaihoogteverstelling zorgt voor gebruikscomfort. Bovendien is de machine een lust voor het oog...<\/p>","protected":false},"featured_media":125137,"comment_status":"open","ping_status":"closed","template":"","meta":{"_acf_changed":false},"product_brand":[],"product_cat":[2351],"product_tag":[],"class_list":{"0":"post-119384","1":"product","2":"type-product","3":"status-publish","4":"has-post-thumbnail","6":"product_cat-gazon","8":"first","9":"onbackorder","10":"shipping-taxable","11":"purchasable","12":"product-type-simple"},"acf":{"media":{"afbeelding_1":131391,"afbeelding_2":"","afbeelding_3":"","afbeelding_4":"","afbeelding_5":"","video":"https:\/\/www.youtube.com\/watch?v=z_yy6qZbIWA","video_thumbnail":131383},"de":{"titel_en":"","omschrijving_de":"<p>Durch Schnellspannerhebels kann mann den Holm einfach und schnell zusammenklappen, was eine gro\u00dfe Platzersparnis bietet f\u00fcr Transport oder Lagerung. <\/p>\r\n<p>Die gro\u00dfen Hinterr\u00e4der, genannt \"High Wheels\" bieten einen geringeren Rollwiderstand, eine gro\u00dfe Man\u00f6vrierbarkeit und einen besseren Griff auf dem Boden. Das Aluminium-Geh\u00e4use bietet eine lange Lebensdauer und die Grasfangsack ist perfekt im Einklang mit dem Windkanal, so dass der Auswurf des M\u00e4hguts wirklich maximal ist. Leeren des Grasfangsack ist \u00fcberraschend einfach. <\/p>\r\n<p>Die Kunststoff-Sto\u00dff\u00e4nger und der Blechschutz an dem Geh\u00e4userand verh\u00fcten Sch\u00e4den an dem Aluminium. Die Maschine ist geeignet f\u00fcr Rasen bis etwa 2500 Quadratmetern. Dar\u00fcber hinaus ist die Maschine eine Freude zu sehen.<\/p>","specs_overview_de":"\r\n<ul>\r\n  <li>Rasenm\u00e4her \u00d8 53 cm <\/li>\r\n  <li>B&S 675EXI - 1 Gang <\/li>\r\n  <li>Gewebe Fangsack 70 L <\/li>\r\n  <li>F\u00fcr Rasen bis etwa 2500 m\u00b2<\/li><\/ul>","specs_de":"\r\n<ul>\r\n  <li>B&S 675EXI<\/li>\r\n  <li>163 cc<\/li>\r\n  <li>2800 UpM<\/li>\r\n  <li>4 G\u00e4nge<\/li>\r\n  <li>1 l Tankinhalt<\/li>\r\n  <li>Bleifrei 95<\/li>\r\n  <li>Aluminium M\u00e4hdeck<\/li>\r\n  <li>Verstelbarer\/einklappbarer F\u00fchrungsholm<\/li>\r\n  <li>High wheels 203\/280 vorne\/hinten<\/li>\r\n  <li>530 mm M\u00e4hbreite<\/li>\r\n  <li>25-80 mm M\u00e4hh\u00f6he<\/li>\r\n  <li>Gewebefangsack 70l<\/li>\r\n  <li>41 kg<\/li><\/ul>"},"nl":{"specs_overview_nl":"\r\n<ul>\r\n  <li>Grasmaaier \u00d8 53 cm <\/li>\r\n  <li>B&S 675EXI - 4 versnellingen <\/li>\r\n  <li>Opvangzak 70 l <\/li>\r\n  <li>Voor gazons tot ca. 2500 m\u00b2<\/li><\/ul>"},"cat":"GAZON","attributes":[{"attribute_acf":"dwactie","term_acf":"False"},{"attribute_acf":"dwartcat_code","term_acf":"GAZON"},{"attribute_acf":"dwartsubcat_code","term_acf":"GRASM"},{"attribute_acf":"dwcompo","term_acf":"False"},{"attribute_acf":"dwctwebhfdgrp_code","term_acf":"TUIN"},{"attribute_acf":"dwctwebsupgrp_code_0","term_acf":"MAAIERS"},{"attribute_acf":"dwfpagekeurd","term_acf":"False"},{"attribute_acf":"dwgazonmaaibr_code","term_acf":"53"},{"attribute_acf":"dwgazonmotor_code","term_acf":"BENZINE"},{"attribute_acf":"dwhaksuitvoer","term_acf":"False"},{"attribute_acf":"dwleveringdealer","term_acf":"True"},{"attribute_acf":"dwnieuw","term_acf":"False"},{"attribute_acf":"dwonderdelentekening","term_acf":"False"},{"attribute_acf":"dwpriority","term_acf":"983"},{"attribute_acf":"dwseizoen","term_acf":"False"},{"attribute_acf":"dwvijlbaar","term_acf":"False"},{"attribute_acf":"dwvozinclhoes","term_acf":"False"},{"attribute_acf":"dwvzinclhoes","term_acf":"False"},{"attribute_acf":"dwyoutube","term_acf":"z_yy6qZbIWA"},{"attribute_acf":"dwzichtbaarparticulier","term_acf":"True"},{"attribute_acf":"dwzichtbaarwebsite","term_acf":"True"},{"attribute_acf":"lift","term_acf":"False"}],"elynx_update_at":"2026-03-18T04:49:08.846Z"},"_links":{"self":[{"href":"https:\/\/b2c.gtmdev.nl\/de\/wp-json\/wp\/v2\/product\/119384","targetHints":{"allow":["GET"]}}],"collection":[{"href":"https:\/\/b2c.gtmdev.nl\/de\/wp-json\/wp\/v2\/product"}],"about":[{"href":"https:\/\/b2c.gtmdev.nl\/de\/wp-json\/wp\/v2\/types\/product"}],"replies":[{"embeddable":true,"href":"https:\/\/b2c.gtmdev.nl\/de\/wp-json\/wp\/v2\/comments?post=119384"}],"wp:featuredmedia":[{"embeddable":true,"href":"https:\/\/b2c.gtmdev.nl\/de\/wp-json\/wp\/v2\/media\/125137"}],"wp:attachment":[{"href":"https:\/\/b2c.gtmdev.nl\/de\/wp-json\/wp\/v2\/media?parent=119384"}],"wp:term":[{"taxonomy":"product_brand","embeddable":true,"href":"https:\/\/b2c.gtmdev.nl\/de\/wp-json\/wp\/v2\/product_brand?post=119384"},{"taxonomy":"product_cat","embeddable":true,"href":"https:\/\/b2c.gtmdev.nl\/de\/wp-json\/wp\/v2\/product_cat?post=119384"},{"taxonomy":"product_tag","embeddable":true,"href":"https:\/\/b2c.gtmdev.nl\/de\/wp-json\/wp\/v2\/product_tag?post=119384"}],"curies":[{"name":"wp","href":"https:\/\/api.w.org\/{rel}","templated":true}]}}