
{"id":119412,"date":"2024-06-08T06:16:57","date_gmt":"2024-06-08T06:16:57","guid":{"rendered":"https:\/\/b2c.gtmdev.nl\/product\/gtl8000-230-volt\/"},"modified":"2026-03-18T06:02:42","modified_gmt":"2026-03-18T06:02:42","slug":"gtl8000-230-volt","status":"publish","type":"product","link":"https:\/\/b2c.gtmdev.nl\/de\/product\/gtl8000-230-volt\/","title":{"rendered":"GTL8000 230 Volt"},"content":{"rendered":"<ul>\n<li>Drukkracht: 8 ton&nbsp;\n  <\/li>\n<li>Elektromotor 230 V\n  <\/li>\n<li>Gewicht: 115 kg\n  <\/li>\n<li>Afmetingen: 83 cm x 93 cm x 147 cm\n  <\/li>\n<li>Snelheid neerwaartse beweging: 3.1 cm\/sec\n  <\/li>\n<li>Terugloop traploos regelbaar\n  <\/li>\n<li>Snelheid opwaartse beweging: 17.3 cm\/sec\n  <\/li>\n<li>Maximale lengte hout: 55 cm\n  <\/li>\n<li>Maximale diameter hout: 30 cm<\/li>\n<\/ul>","protected":false},"excerpt":{"rendered":"<p>De krachtige houtkliever GTL8000 beschikt over een monofase elektromotor van<br \/>\n3 kW \/ 230 V. Deze staande houtkliever heeft een drukkracht van 8 ton en kan<br \/>\nstammen verwerken tot een lengte van 55 cm en een diameter van 30 cm. De machine<br \/>\nis voorzien van extra veiligheidsvoorzieningen en voldoet aan de laatste<br \/>\nEuropese veiligheidsnormen.<\/p>\n<p>GTM Professional raadt aan om met de houtkliever zo dicht mogelijk bij een<br \/>\nstopcontact te werken en minimaal 1.5 kwadraat kabel te gebruiken. Aanbevolen<br \/>\nvoor 15 m\u00b3 hout per jaar.<\/p>","protected":false},"featured_media":132775,"comment_status":"open","ping_status":"closed","template":"","meta":{"_acf_changed":false},"product_brand":[],"product_cat":[2353],"product_tag":[],"class_list":{"0":"post-119412","1":"product","2":"type-product","3":"status-publish","4":"has-post-thumbnail","6":"product_cat-houtklievers","8":"first","9":"instock","10":"shipping-taxable","11":"purchasable","12":"product-type-simple"},"acf":{"media":{"afbeelding_1":131397,"afbeelding_2":131398,"afbeelding_3":131399,"afbeelding_4":"","afbeelding_5":"","video":"","video_thumbnail":""},"de":{"titel_en":"","omschrijving_de":"\r\n<p>Der kr\u00e4ftige Holzspalter GTL8000 verf\u00fcgt \u00fcber einen Elektromotor mit einer \r\nMonophase von 3 kW \/ 230 V. Der stehende Holzspalter hat eine Druckleistung von \r\n8 Tonnen und kann Holz verarbeiten bis zu 55 cm L\u00e4nge und mit einem \r\nMaximaldurchmesser von 30 cm. Die Maschine ist mit zus\u00e4tzlichen \r\nSicherheitsmerkmalen ausgestattet und entspricht den neuesten europ\u00e4ischen \r\nSicherheitsstandards.<\/p>\r\n<p>GTM Professional empfiehlt, mit dem Holzspalter so nah wie m\u00f6glich an einer \r\nSteckdose zu arbeiten und mindestens 1,5 Quadratmeter Kabel zu verwenden. \r\nEmpfohlen f\u00fcr 15 m\u00b3 Holz pro Jahr.<\/p>","specs_overview_de":"\r\n<ul>\r\n  <li>Vertikaler Holzspalter <\/li>\r\n  <li>Elektromotor 230 V <\/li>\r\n  <li>Arbeitskraft 8 Tonnen<\/li><\/ul>","specs_de":"\r\n<ul>\r\n  <li>Motor: elektrisch  \r\n  <\/li><li>Spaltleistung: 8 Tonnen \r\n  <\/li><li>Stromanlage: 230 V  \r\n  <\/li><li>Gewicht: 115 kg \r\n  <\/li><li>Niederw\u00e4rtsgeschwindigkeit: 3.1 cm\/s \r\n  <\/li><li>Aufw\u00e4rtsgeschwindigkeit: 17.3 cm\/s \r\n  <\/li><li>Maximall\u00e4nge des Holzes: 55 cm \r\n  <\/li><li>St\u00e4rke des Holzes: 30 cm  \r\n  <\/li><li>R\u00fccklauf stufenlos regelbar: ja<\/li><\/ul>"},"nl":{"specs_overview_nl":"\r\n<ul>\r\n  <li>Verticale houtkliever <\/li>\r\n  <li>Elektromotor 230 V <\/li>\r\n  <li>Drukkracht 8 ton<\/li><\/ul>"},"cat":"HOUT","attributes":[{"attribute_acf":"dwactie","term_acf":"False"},{"attribute_acf":"dwartcat_code","term_acf":"HOUT"},{"attribute_acf":"dwcompo","term_acf":"False"},{"attribute_acf":"dwctwebhfdgrp_code","term_acf":"TUIN"},{"attribute_acf":"dwctwebsupgrp_code","term_acf":"HOUT"},{"attribute_acf":"dwfpagekeurd","term_acf":"False"},{"attribute_acf":"dwhaksuitvoer","term_acf":"False"},{"attribute_acf":"dwhoutklmodel_code","term_acf":"STAAND"},{"attribute_acf":"dwhoutklmotor_code","term_acf":"ELEKTRISCH"},{"attribute_acf":"dwleveringdealer","term_acf":"True"},{"attribute_acf":"dwnieuw","term_acf":"False"},{"attribute_acf":"dwonderdelentekening","term_acf":"True"},{"attribute_acf":"dwpriority","term_acf":"201"},{"attribute_acf":"dwseizoen","term_acf":"True"},{"attribute_acf":"dwvijlbaar","term_acf":"False"},{"attribute_acf":"dwvozinclhoes","term_acf":"False"},{"attribute_acf":"dwvzinclhoes","term_acf":"False"},{"attribute_acf":"dwyoutube","term_acf":"WRpkvH9FHsg"},{"attribute_acf":"dwzichtbaarparticulier","term_acf":"True"},{"attribute_acf":"dwzichtbaarwebsite","term_acf":"True"},{"attribute_acf":"lift","term_acf":"False"}],"elynx_update_at":"2026-03-18T04:56:02.015Z"},"_links":{"self":[{"href":"https:\/\/b2c.gtmdev.nl\/de\/wp-json\/wp\/v2\/product\/119412","targetHints":{"allow":["GET"]}}],"collection":[{"href":"https:\/\/b2c.gtmdev.nl\/de\/wp-json\/wp\/v2\/product"}],"about":[{"href":"https:\/\/b2c.gtmdev.nl\/de\/wp-json\/wp\/v2\/types\/product"}],"replies":[{"embeddable":true,"href":"https:\/\/b2c.gtmdev.nl\/de\/wp-json\/wp\/v2\/comments?post=119412"}],"wp:featuredmedia":[{"embeddable":true,"href":"https:\/\/b2c.gtmdev.nl\/de\/wp-json\/wp\/v2\/media\/132775"}],"wp:attachment":[{"href":"https:\/\/b2c.gtmdev.nl\/de\/wp-json\/wp\/v2\/media?parent=119412"}],"wp:term":[{"taxonomy":"product_brand","embeddable":true,"href":"https:\/\/b2c.gtmdev.nl\/de\/wp-json\/wp\/v2\/product_brand?post=119412"},{"taxonomy":"product_cat","embeddable":true,"href":"https:\/\/b2c.gtmdev.nl\/de\/wp-json\/wp\/v2\/product_cat?post=119412"},{"taxonomy":"product_tag","embeddable":true,"href":"https:\/\/b2c.gtmdev.nl\/de\/wp-json\/wp\/v2\/product_tag?post=119412"}],"curies":[{"name":"wp","href":"https:\/\/api.w.org\/{rel}","templated":true}]}}