
{"id":119483,"date":"2024-06-08T06:17:18","date_gmt":"2024-06-08T06:17:18","guid":{"rendered":"https:\/\/b2c.gtmdev.nl\/product\/gtm460-sp1-c\/"},"modified":"2026-03-18T06:00:03","modified_gmt":"2026-03-18T06:00:03","slug":"gtm460-sp1-c","status":"publish","type":"product","link":"https:\/\/b2c.gtmdev.nl\/de\/product\/gtm460-sp1-c\/","title":{"rendered":"GTM460 SP1 C"},"content":{"rendered":"<ul>\n<li>B&amp;S 500E Series<\/li>\n<li>140 cc<\/li>\n<li>2800 tpm<\/li>\n<li>0,8 l tankinhoud<\/li>\n<li>Loodvrij 95<\/li>\n<li>Stalen chassis<\/li>\n<li>Verstelbare\/inklapbare duwboom<\/li>\n<li>180 mm wielen voor\/achter<\/li>\n<li>Dubbele wiellagering<\/li>\n<li>460 mm maaibreedte<\/li>\n<li>30-75 mm maaihoogte<\/li>\n<li>60 l grasvangzak<\/li>\n<li>31 kg<\/li>\n<\/ul>","protected":false},"excerpt":{"rendered":"<p>Zelfrijdende grasmaaier van GTM professional met sterke Briggs &amp; Stratton motor. Grote stevige gelagerde wielen. Duwboom is in drie standen in hoogte instelbaar en gemakkelijk inklapbaar voor het opbergen. De aandrijving kent 1 snelheid. De machine maait 46 cm breed en is geschikt voor gazons van 1000 tot 1500 vierkante meter.<\/p>","protected":false},"featured_media":124962,"comment_status":"open","ping_status":"closed","template":"","meta":{"_acf_changed":false},"product_brand":[],"product_cat":[2351],"product_tag":[],"class_list":{"0":"post-119483","1":"product","2":"type-product","3":"status-publish","4":"has-post-thumbnail","6":"product_cat-gazon","8":"first","9":"instock","10":"shipping-taxable","11":"purchasable","12":"product-type-simple"},"acf":{"media":{"afbeelding_1":131386,"afbeelding_2":"","afbeelding_3":"","afbeelding_4":"","afbeelding_5":"","video":"https:\/\/www.youtube.com\/watch?v=z_yy6qZbIWA","video_thumbnail":131383},"de":{"titel_en":"","omschrijving_de":"<p>Qualitativ hochwertiger 1 Gang angetriebener Rasenm\u00e4her aus stabilem Stahl. Mit starkem Briggs&Stratton Motor. Der M\u00e4her is 46 cm breit und hat eine zentrale H\u00f6henverstellung. Gro\u00dfe doppelkugelgelagerte R\u00e4der. Die Maschine ist geeignet f\u00fcr Rasen von 1000 bis 1500 Quadratmetern.<\/p>","specs_overview_de":"\r\n<ul>\r\n  <li>Rasenm\u00e4her\u00d8 46 cm<\/li>\r\n  <li>B&S 500E - 1 Gang<\/li>\r\n  <li>Gewebe Fangsack 50 L<\/li>\r\n  <li>F\u00fcr Rasen bis etwa 1000 - 1500 m\u00b2<\/li><\/ul>","specs_de":"\r\n<ul>\r\n  <li>B&S 500E <\/li>\r\n  <li>140 cc<\/li>\r\n  <li>2800 UpM<\/li>\r\n  <li>0,8 l Tankinhalt<\/li>\r\n  <li>Bleifrei 95<\/li>\r\n  <li>Stahlblechgeh\u00e4use<\/li>\r\n  <li>Verstelbarer\/einklappbarer F\u00fchrungsholm<\/li>\r\n  <li>180 mm R\u00e4der vorne und hinten<\/li>\r\n  <li>Kugelgelagerte R\u00e4der<\/li>\r\n  <li>460 mm M\u00e4hbreite<\/li>\r\n  <li>30-75 mm M\u00e4hh\u00f6he<\/li>\r\n  <li>60 l Gewebefangsack<\/li>\r\n  <li>31 kg<\/li><\/ul>"},"nl":{"specs_overview_nl":"\r\n<ul>\r\n  <li>Grasmaaier \u00d8 46 cm<\/li>\r\n  <li>B&S 500E - 1 versnelling<\/li>\r\n  <li>Opvangzak 60 l<\/li>\r\n  <li>Gazons tot ca. 1000 - 1500 m\u00b2<\/li><\/ul>"},"cat":"GAZON","attributes":[{"attribute_acf":"dwactie","term_acf":"False"},{"attribute_acf":"dwartcat_code","term_acf":"GAZON"},{"attribute_acf":"dwartsubcat_code","term_acf":"GRASM"},{"attribute_acf":"dwcompo","term_acf":"False"},{"attribute_acf":"dwctwebhfdgrp_code","term_acf":"TUIN"},{"attribute_acf":"dwctwebsupgrp_code_0","term_acf":"MAAIERS"},{"attribute_acf":"dwfpagekeurd","term_acf":"False"},{"attribute_acf":"dwgazonmaaibr_code","term_acf":"46"},{"attribute_acf":"dwgazonmotor_code","term_acf":"BENZINE"},{"attribute_acf":"dwhaksuitvoer","term_acf":"False"},{"attribute_acf":"dwleveringdealer","term_acf":"True"},{"attribute_acf":"dwnieuw","term_acf":"False"},{"attribute_acf":"dwonderdelentekening","term_acf":"True"},{"attribute_acf":"dwpriority","term_acf":"990"},{"attribute_acf":"dwseizoen","term_acf":"False"},{"attribute_acf":"dwvijlbaar","term_acf":"False"},{"attribute_acf":"dwvozinclhoes","term_acf":"False"},{"attribute_acf":"dwvzinclhoes","term_acf":"False"},{"attribute_acf":"dwyoutube","term_acf":"z_yy6qZbIWA"},{"attribute_acf":"dwzichtbaarparticulier","term_acf":"True"},{"attribute_acf":"dwzichtbaarwebsite","term_acf":"True"},{"attribute_acf":"lift","term_acf":"False"}],"elynx_update_at":"2026-03-18T04:40:40.425Z"},"_links":{"self":[{"href":"https:\/\/b2c.gtmdev.nl\/de\/wp-json\/wp\/v2\/product\/119483","targetHints":{"allow":["GET"]}}],"collection":[{"href":"https:\/\/b2c.gtmdev.nl\/de\/wp-json\/wp\/v2\/product"}],"about":[{"href":"https:\/\/b2c.gtmdev.nl\/de\/wp-json\/wp\/v2\/types\/product"}],"replies":[{"embeddable":true,"href":"https:\/\/b2c.gtmdev.nl\/de\/wp-json\/wp\/v2\/comments?post=119483"}],"wp:featuredmedia":[{"embeddable":true,"href":"https:\/\/b2c.gtmdev.nl\/de\/wp-json\/wp\/v2\/media\/124962"}],"wp:attachment":[{"href":"https:\/\/b2c.gtmdev.nl\/de\/wp-json\/wp\/v2\/media?parent=119483"}],"wp:term":[{"taxonomy":"product_brand","embeddable":true,"href":"https:\/\/b2c.gtmdev.nl\/de\/wp-json\/wp\/v2\/product_brand?post=119483"},{"taxonomy":"product_cat","embeddable":true,"href":"https:\/\/b2c.gtmdev.nl\/de\/wp-json\/wp\/v2\/product_cat?post=119483"},{"taxonomy":"product_tag","embeddable":true,"href":"https:\/\/b2c.gtmdev.nl\/de\/wp-json\/wp\/v2\/product_tag?post=119483"}],"curies":[{"name":"wp","href":"https:\/\/api.w.org\/{rel}","templated":true}]}}