
{"id":119924,"date":"2024-06-08T06:24:51","date_gmt":"2024-06-08T06:24:51","guid":{"rendered":"https:\/\/b2c.gtmdev.nl\/product\/output-chute-turnable-curved-gts900v3-gts900c-v2\/"},"modified":"2026-03-18T03:00:44","modified_gmt":"2026-03-18T03:00:44","slug":"output-chute-turnable-curved-gts900v3-gts900c-v2","status":"publish","type":"product","link":"https:\/\/b2c.gtmdev.nl\/de\/product\/output-chute-turnable-curved-gts900v3-gts900c-v2\/","title":{"rendered":"Draaibare uitvoer 900"},"content":{"rendered":"<p>-<\/p>","protected":false},"excerpt":{"rendered":"<p>Draaibare uitvoer voor alle GTS900 (compo) houtversnipperaars voor meer variaties aan uitvoer richtingen.<br \/>\nTECHNISCHE SPECIFICATIES - 180\u00b0 draaibaar - Deflector 85\u00b0 aanpasbaar<\/p>","protected":false},"featured_media":132867,"comment_status":"open","ping_status":"closed","template":"","meta":{"_acf_changed":false},"product_brand":[],"product_cat":[2349],"product_tag":[],"class_list":{"0":"post-119924","1":"product","2":"type-product","3":"status-publish","4":"has-post-thumbnail","6":"product_cat-accessoires","8":"first","9":"instock","10":"shipping-taxable","11":"purchasable","12":"product-type-simple"},"acf":{"media":{"afbeelding_1":null,"afbeelding_2":null,"afbeelding_3":null,"afbeelding_4":null,"afbeelding_5":null,"video":null,"video_thumbnail":null},"de":{"titel_en":"","omschrijving_de":"Drehbare Ausfuhr f\u00fcr alle GTS900 (Compo) H\u00e4cksler f\u00fcr mehr Variationen der Ausgaberichtungen.\nTECHNISCHE DATEN - 180 \u00b0 drehbar - Abweiser um 85 \u00b0 verstellbar","specs_overview_de":"- F\u00fcr GTS900-H\u00e4cksler\n- 180\u00b0 drehbar\n- Abweiser um 85 \u00b0 verstellbar","specs_de":""},"nl":{"specs_overview_nl":"- Voor GTS900 houtversnipperaars\n- 180\u00b0 draaibaar\n- Deflector 85\u00b0 aanpasbaar"},"cat":"ACCESS","attributes":[{"attribute_acf":"dwactie","term_acf":"False"},{"attribute_acf":"dwartcat_code","term_acf":"ACCESS"},{"attribute_acf":"dwcompo","term_acf":"False"},{"attribute_acf":"dwfpagekeurd","term_acf":"False"},{"attribute_acf":"dwhaksuitvoer","term_acf":"False"},{"attribute_acf":"dwleveringdealer","term_acf":"False"},{"attribute_acf":"dwnieuw","term_acf":"False"},{"attribute_acf":"dwonderdelentekening","term_acf":"False"},{"attribute_acf":"dwpriority","term_acf":"0"},{"attribute_acf":"dwprodgrp_code","term_acf":"ACCHAKS"},{"attribute_acf":"dwseizoen","term_acf":"False"},{"attribute_acf":"dwvijlbaar","term_acf":"False"},{"attribute_acf":"dwvozinclhoes","term_acf":"False"},{"attribute_acf":"dwvzinclhoes","term_acf":"False"},{"attribute_acf":"dwzichtbaarparticulier","term_acf":"True"},{"attribute_acf":"dwzichtbaarwebsite","term_acf":"True"},{"attribute_acf":"lift","term_acf":"False"}],"elynx_update_at":"2026-03-14T14:09:28.217Z"},"_links":{"self":[{"href":"https:\/\/b2c.gtmdev.nl\/de\/wp-json\/wp\/v2\/product\/119924","targetHints":{"allow":["GET"]}}],"collection":[{"href":"https:\/\/b2c.gtmdev.nl\/de\/wp-json\/wp\/v2\/product"}],"about":[{"href":"https:\/\/b2c.gtmdev.nl\/de\/wp-json\/wp\/v2\/types\/product"}],"replies":[{"embeddable":true,"href":"https:\/\/b2c.gtmdev.nl\/de\/wp-json\/wp\/v2\/comments?post=119924"}],"wp:featuredmedia":[{"embeddable":true,"href":"https:\/\/b2c.gtmdev.nl\/de\/wp-json\/wp\/v2\/media\/132867"}],"wp:attachment":[{"href":"https:\/\/b2c.gtmdev.nl\/de\/wp-json\/wp\/v2\/media?parent=119924"}],"wp:term":[{"taxonomy":"product_brand","embeddable":true,"href":"https:\/\/b2c.gtmdev.nl\/de\/wp-json\/wp\/v2\/product_brand?post=119924"},{"taxonomy":"product_cat","embeddable":true,"href":"https:\/\/b2c.gtmdev.nl\/de\/wp-json\/wp\/v2\/product_cat?post=119924"},{"taxonomy":"product_tag","embeddable":true,"href":"https:\/\/b2c.gtmdev.nl\/de\/wp-json\/wp\/v2\/product_tag?post=119924"}],"curies":[{"name":"wp","href":"https:\/\/api.w.org\/{rel}","templated":true}]}}