
{"id":120232,"date":"2024-06-08T06:27:47","date_gmt":"2024-06-08T06:27:47","guid":{"rendered":"https:\/\/b2c.gtmdev.nl\/product\/1800-e-chipper\/"},"modified":"2026-03-18T06:00:26","modified_gmt":"2026-03-18T06:00:26","slug":"1800-e-chipper","status":"publish","type":"product","link":"https:\/\/b2c.gtmdev.nl\/de\/product\/1800-e-chipper\/","title":{"rendered":"1800 E-chipper"},"content":{"rendered":"<ul>\n<li>Werktijd: tot 2 uur (bij 20\u00b0C)<\/li>\n<li>Oplaadtijd accu: 3,5 uur<\/li>\n<li>Accu 52,3 V - motor 10 kW<\/li>\n<li>Max. diameter hout: 12 cm<\/li>\n<li>Invoer hoogte: 106 cm<\/li>\n<li>Invoer afmetingen: 50 x 35 cm<\/li>\n<li>Uitvoer hoogte: 161 cm<\/li>\n<li>Uitvoer richting: draaibaar tot 270\u00b0<\/li>\n<li>Deflector: traploos aanpasbaar tot 100\u00b0&nbsp;<\/li>\n<li>Veiligheidsbeugel en veiligheidsschakelaars<\/li>\n<li>Wielen met kogellagers achter: 39 cm<\/li>\n<li>Zwenkwielen voor: 25 cm&nbsp;<\/li>\n<li>2 PRO messen + 1 tegenmes<\/li>\n<li>Terugdraaifunctie rotor<\/li>\n<li>Afmetingen (l x b x h): 155 x 73 x 161 cm<\/li>\n<li>Gewicht: 330 kg<\/li>\n<\/ul>","protected":false},"excerpt":{"rendered":"<p>De nieuwe 1800 E-chipper van GTM Professional is een accu aangedreven houtversnipperaar. Daarmee profiteren groenprofessionals een schonere en stillere werkomgeving, optimale bewegingsvrijheid \u00e9n een hoge capaciteit. Deze machine kan takdiameters tot wel 12 cm aan dankzij de sterke accu en een effici\u00ebnt rotor versnippersysteem met terugdraaifunctie.<\/p>\n<p>De accu drijft zowel het versnippersysteem als het zelfrijdende onderstel aan. Met een volle accu kan tot 2 uur gewerkt worden (bij 20\u00b0C). Om de werktijd te verlengen is het mogelijk om de accu tijdens het werk bij te laden via een kabel naar het stroomnetwerk, hier is geen krachtstoom voor nodig. Er is een batterijindicator voorzien op de motor cover zodat er goed zicht is op de resterende batterijduur. Wanneer de accu leeg is kan er nog 1600 meter met de machine gereden worden, ruim voldoende om terug naar de werkbus te rijden! Binnen 3,5 uur is de accu weer volledig opgeladen.<\/p>\n<p>Het zelfrijdende onderstel is gelijk aan onze Wheel Driven machines. Dat betekent dat de snelheid traploos regelbaar is tot 6 km\/u en dat de machine zeer wendbaar en stabiel is dankzij een optimale gewichtsverdeling. De compacte afmetingen en twee zwenkwielen op een pendelas zorgen ervoor dat de machine gemakkelijk te verplaatsen is, zelfs in de bus of door een smalle tuinpoort. <\/p>\n<p>Onze 1800 E-chipper is standaard uitgerust met een 270\u00b0 draaibare uitvoer, een urenteller en diverse veiligheidsvoorzieningen. Uiteraard is de machine uitvoerig getest en onafhankelijk gekeurd waarmee de machine voldoet aan de laatste Europese veiligheidseisen.<\/p>","protected":false},"featured_media":132999,"comment_status":"open","ping_status":"closed","template":"","meta":{"_acf_changed":false},"product_brand":[],"product_cat":[2352],"product_tag":[],"class_list":{"0":"post-120232","1":"product","2":"type-product","3":"status-publish","4":"has-post-thumbnail","6":"product_cat-hakselaar","8":"first","9":"onbackorder","10":"shipping-taxable","11":"purchasable","12":"product-type-simple"},"acf":{"media":{"afbeelding_1":131523,"afbeelding_2":131524,"afbeelding_3":131525,"afbeelding_4":"","afbeelding_5":"","video":"https:\/\/www.youtube.com\/watch?v=cmHlj-QSmcw","video_thumbnail":131524},"de":{"titel_en":"","omschrijving_de":"\r\n<p>Der neue 1800 E-chipper von GTM Professional ist ein batteriebetriebener \r\nHolzh\u00e4cksler. Das bedeutet, dass Umweltprofis von einer saubereren und leisen \r\nArbeitsumgebung, optimaler Bewegungsfreiheit und hoher Kapazit\u00e4t profitieren. \r\nDank des starken Akkus und eines effizienten Rotorzerkleinerungssystems mit \r\nR\u00fccklauffunktion verarbeitet diese Maschine Astdurchmesser von bis zu 12 cm.<\/p>\r\n<p>Der Akku treibt sowohl das Schreddersystem als auch das selbstfahrende \r\nFahrwerk an. Mit einem vollen Akku k\u00f6nnen Sie bis zu 2 Stunden arbeiten (bei \r\n20\u00b0C). Um die Arbeitszeit zu verl\u00e4ngern, besteht die M\u00f6glichkeit, den Akku \r\nw\u00e4hrend der Arbeit \u00fcber ein Kabel am Stromnetz aufzuladen, hierf\u00fcr ist kein \r\nDreiphasenwechselstrom erforderlich. Um einen guten \u00dcberblick \u00fcber die \r\nverbleibende Akkulaufzeit zu haben, befindet sich auf der Motorabdeckung eine \r\nBatterieanzeige. Wenn die Batterie leer ist, kann die Maschine noch weitere 1600 \r\nMeter gefahren werden, mehr als genug, um zur\u00fcck zum Arbeitsbus zu fahren! Der \r\nAkku ist innerhalb von 3,5 Stunden wieder v\u00f6llig aufgeladen.<\/p>\r\n<p>Das selbstfahrende Fahrwerk ist das gleiche wie bei unseren radgetriebenen \r\nMaschinen. Das hei\u00dft, die Geschwindigkeit ist stufenlos bis 6 km\/h einstellbar \r\nund die Maschine ist durch eine optimale Gewichtsverteilung sehr wendig und \r\nstabil. Durch die kompakten Abmessungen und zwei Schwenkr\u00e4der an einer \r\nPendelachse ist die Maschine auch im Bus oder durch ein schmales Gartentor \r\nleicht zu bewegen.<\/p>\r\n<p>Unser 1800 E-chipper ist serienm\u00e4\u00dfig mit einem um 270\u00b0 drehbaren Auswurf, \r\neinem Betriebsstundenz\u00e4hler und verschiedenen Sicherheitsfunktionen \r\nausgestattet. Selbstverst\u00e4ndlich wurde die Maschine ausgiebig getestet und \r\nunabh\u00e4ngig gepr\u00fcft, so dass sie den neuesten europ\u00e4ischen \r\nSicherheitsanforderungen entspricht.<\/p>","specs_overview_de":"\r\n<ul>\r\n  <li>100% elektrisch<\/li>\r\n  <li>Selbstfahrendes System<\/li>\r\n  <li>Mit drehbare Auswurf<\/li>\r\n  <li>Astst\u00e4rke bis 12 cm<\/li><\/ul>","specs_de":"\r\n<ul>\r\n  <li>Arbeitszeit: bis zu 2 Stunden (bei 20 \u00b0C)<\/li>\r\n  <li>Ladezeit des Akkus: 3,5 Stunden<\/li>\r\n  <li>Akku 52,3 V - Motor 10 kW<\/li>\r\n  <li>Max. Astst\u00e4rke: 12 cm<\/li>\r\n  <li>H\u00f6he der Einfuhr: 106 cm<\/li>\r\n  <li>Abmessungen Einfuhr: 50 x 35 cm<\/li>\r\n  <li>Auswurfh\u00f6he: 161 cm<\/li>\r\n  <li>Auswurfrichtung: drehbar bis zu 270\u00ba<\/li>\r\n  <li>Deflektor: stufenlos einstellbar bis zu 100\u00b0<\/li>\r\n  <li>Sicherheitsdruckleiste und Sicherheitsschalter<\/li>\r\n  <li>R\u00e4der mit Kugellager hinten: 39 cm<\/li>\r\n  <li>Schwenkr\u00e4der vorne: 25 cm <\/li>\r\n  <li>2 PRO Messer + 1 Gegen Messer<\/li>\r\n  <li>Rotor mit R\u00fcckw\u00e4rtsfunktion<\/li>\r\n  <li>Abmessungen (L x B x H): 155 x 73 x 161 cm<\/li>\r\n  <li>Gewicht: 300 kg<\/li><\/ul>"},"nl":{"specs_overview_nl":"\r\n<ul selectionpending=\"true\">\r\n  <li>100% elektrisch<\/li>\r\n  <li>Zelfrijdend systeem<\/li>\r\n  <li>Met draaibare uitvoer<\/li>\r\n  <li>Diameter takken tot 12 cm<\/li><\/ul>"},"cat":"HAKS","attributes":[{"attribute_acf":"dwactie","term_acf":"False"},{"attribute_acf":"dwartcat_code","term_acf":"HAKS"},{"attribute_acf":"dwcompo","term_acf":"False"},{"attribute_acf":"dwctwebsupgrp_code","term_acf":"HAKS"},{"attribute_acf":"dwfpagekeurd","term_acf":"False"},{"attribute_acf":"dwhaksmotor_code","term_acf":"ACCU"},{"attribute_acf":"dwhaksserie_code","term_acf":"1800"},{"attribute_acf":"dwhakstakdia_code","term_acf":"12"},{"attribute_acf":"dwhaksuitvoer","term_acf":"True"},{"attribute_acf":"dwhaksverpl_code","term_acf":"WHEEL"},{"attribute_acf":"dwleveringdealer","term_acf":"True"},{"attribute_acf":"dwnieuw","term_acf":"True"},{"attribute_acf":"dwonderdelentekening","term_acf":"True"},{"attribute_acf":"dwpriority","term_acf":"951"},{"attribute_acf":"dwseizoen","term_acf":"False"},{"attribute_acf":"dwvijlbaar","term_acf":"False"},{"attribute_acf":"dwvozinclhoes","term_acf":"False"},{"attribute_acf":"dwvzinclhoes","term_acf":"False"},{"attribute_acf":"dwyoutube","term_acf":"cmHlj-QSmcw"},{"attribute_acf":"dwzichtbaarparticulier","term_acf":"True"},{"attribute_acf":"dwzichtbaarwebsite","term_acf":"True"},{"attribute_acf":"lift","term_acf":"False"}],"elynx_update_at":"2026-03-18T04:42:19.468Z"},"_links":{"self":[{"href":"https:\/\/b2c.gtmdev.nl\/de\/wp-json\/wp\/v2\/product\/120232","targetHints":{"allow":["GET"]}}],"collection":[{"href":"https:\/\/b2c.gtmdev.nl\/de\/wp-json\/wp\/v2\/product"}],"about":[{"href":"https:\/\/b2c.gtmdev.nl\/de\/wp-json\/wp\/v2\/types\/product"}],"replies":[{"embeddable":true,"href":"https:\/\/b2c.gtmdev.nl\/de\/wp-json\/wp\/v2\/comments?post=120232"}],"wp:featuredmedia":[{"embeddable":true,"href":"https:\/\/b2c.gtmdev.nl\/de\/wp-json\/wp\/v2\/media\/132999"}],"wp:attachment":[{"href":"https:\/\/b2c.gtmdev.nl\/de\/wp-json\/wp\/v2\/media?parent=120232"}],"wp:term":[{"taxonomy":"product_brand","embeddable":true,"href":"https:\/\/b2c.gtmdev.nl\/de\/wp-json\/wp\/v2\/product_brand?post=120232"},{"taxonomy":"product_cat","embeddable":true,"href":"https:\/\/b2c.gtmdev.nl\/de\/wp-json\/wp\/v2\/product_cat?post=120232"},{"taxonomy":"product_tag","embeddable":true,"href":"https:\/\/b2c.gtmdev.nl\/de\/wp-json\/wp\/v2\/product_tag?post=120232"}],"curies":[{"name":"wp","href":"https:\/\/api.w.org\/{rel}","templated":true}]}}