
{"id":120346,"date":"2024-06-08T06:28:23","date_gmt":"2024-06-08T06:28:23","guid":{"rendered":"https:\/\/b2c.gtmdev.nl\/product\/1300wd-loncin\/"},"modified":"2026-03-18T03:00:18","modified_gmt":"2026-03-18T03:00:18","slug":"1300wd-loncin","status":"publish","type":"product","link":"https:\/\/b2c.gtmdev.nl\/de\/product\/1300wd-loncin\/","title":{"rendered":"1300WD Loncin"},"content":{"rendered":"<ul>\n<li>Motor: Loncin G420F<\/li>\n<li>Vermogen: 15 pk \/ 11,02 kW<\/li>\n<li>Cilinderinhoud: 420 cc<\/li>\n<li>Tankinhoud: 6,5 l<\/li>\n<li>Brandstof: Euro98 (E5)<\/li>\n<li>Oliesensor<\/li>\n<li>Oplaadtijd accu: 4,5 uur<\/li>\n<li>Max. diameter hout: 10 cm<\/li>\n<li>Invoer hoogte: 106 cm<\/li>\n<li>Invoer afmetingen: 50 x 35 cm<\/li>\n<li>Uitvoer hoogte: 160 cm<\/li>\n<li>Uitvoer richting: draaibaar tot 270\u00b0<\/li>\n<li>Deflector: traploos aanpasbaar tot 100\u00b0&nbsp;<\/li>\n<li>Veiligheidsbeugel en veiligheidsschakelaars<\/li>\n<li>Wielen met kogellagers achter: 39 cm<\/li>\n<li>Zwenkwielen voor: 25 cm&nbsp;<\/li>\n<li>2 PRO messen + 1 tegenmes<\/li>\n<li>Afmetingen (l x b x h): 150 x 72,5 x 163 cm<\/li>\n<li>Gewicht: 235 kg<\/li>\n<\/ul>","protected":false},"excerpt":{"rendered":"<p>De 1300WD (Wheel Driven) is een zelfrijdende houtversnipperaar voor de professionele gebruiker op het gebied van boomverzorging en tuinonderhoud. Dankzij het accu aangedreven systeem (2 x 12 V) is deze machine gemakkelijk te verplaatsen. Met een volle accu kan een afstand worden afgelegd van ca. 6 km op vlakke bestrating of 2 km op heuvelachtig of modderig terrein. Het systeem heeft 2 snelheden vooruit (3 en 6 km\/u) en twee snelheden achteruit (1,5 en 3 km\/u).<\/p>\n<p>Het aandrijfsysteem is geschikt voor hellingen tot 15\u00b0, zodat je de machine gemakkelijk in een bus of op een trailer kunt laden. Met 2 stevige luchtbanden achter en 2 zwenkwielen voor, is de 1300WD zeer wendbaar. Sturen verloopt soepel met de stuurbeugel die onder de invoer is gemonteerd. Op de stuurbeugel is tevens de gewenste snelheid te bepalen en heb je goed zicht op de resterende batterijcapaciteit.<\/p>\n<p>Deze houtversnipperaar heeft een sterke Loncin G420F motor met 15 pk vermogen en is geschikt voor het versnipperen van takken tot een diameter van 10 cm (droog hout 8 cm). Het effici\u00ebnte rotor versnippersysteem trekt de takken automatisch naar binnen en garandeert een hoge werksnelheid. De PRO-messen van hooggelegeerd staal gaan extra lang mee en zijn voorzien van twee snijkanten. Wanneer beide kanten zijn versleten, kunnen de messen eventueel worden geslepen (laat dit altijd door een specialist doen).<\/p>\n<p>Net als onze standaard 1300, is deze machine uitgerust met diverse veiligheidvoorzieningen. Zo heeft de 1300WD veiligheisschakelaars op de in- en uitvoer die de werking van de machine blokkeren tijdens (onderhouds-) werkzaamheden en rondom de invoer is een veiligheidsbeugel gemonteerd die de machine direct stopt in noodsituaties. Daarnaast voldoet de 1300WD aan de strenge bosbouwnorm (NEN-EN 13525:2020) om een veilig gebruik te garanderen.<\/p>\n<p>De 1300WD wordt standaard geleverd met een 270\u00b0 draaibare uitvoer en urenteller.<\/p>","protected":false},"featured_media":133019,"comment_status":"open","ping_status":"closed","template":"","meta":{"_acf_changed":false},"product_brand":[],"product_cat":[2352],"product_tag":[],"class_list":{"0":"post-120346","1":"product","2":"type-product","3":"status-publish","4":"has-post-thumbnail","6":"product_cat-hakselaar","8":"first","9":"instock","10":"shipping-taxable","11":"purchasable","12":"product-type-simple"},"acf":{"media":{"afbeelding_1":131503,"afbeelding_2":131504,"afbeelding_3":131505,"afbeelding_4":"","afbeelding_5":"","video":"https:\/\/www.youtube.com\/watch?v=j71Idwi_H2I","video_thumbnail":131504},"de":{"titel_en":"","omschrijving_de":"<p>Der 1300WD (Wheel Driven) ist ein selbstfahrender H\u00e4cksler f\u00fcr den gewerblichen Anwender im Bereich der Baum- und Gartenpflege. Dank des akkubetriebenen Systems (2 x 12 V) ist diese Maschine leicht zu bewegen. Mit einem vollen Akku kann eine Strecke von ca. 6 km auf ebenem Boden oder 2 km auf h\u00fcgeligem oder schlammigem Gel\u00e4nde zur\u00fcckgelegt werden. Das System hat 2 Vorw\u00e4rtsg\u00e4nge (3 und 6 km\/h) und 2 R\u00fcckw\u00e4rtsg\u00e4nge (1,5 und 3 km\/h).<\/p>\r\n\r\n<p>Das Antriebssystem ist f\u00fcr Steigungen bis zu 15\u00b0 geeignet, sodass Sie die Maschine problemlos in einen Transporter oder auf einen Anh\u00e4nger verladen k\u00f6nnen. Mit 2 Vollluftreifen hinten und 2 Schwenkr\u00e4dern vorne ist der 1300WD sehr wendig. Die Lenkung erfolgt problemlos \u00fcber die Steuerkonsole, die unter der Einfuhr montiert ist. Die gew\u00fcnschte Geschwindigkeit kann auch hier\u00fcber eingestellt werden und Sie haben gleichzeitig einen guten \u00dcberblick \u00fcber die verbleibende Akkulaufzeit.<\/p>\r\n\r\n<p>Dieser H\u00e4cksler verf\u00fcgt \u00fcber einen 15 PS starken Loncin G420F-Motor und ist f\u00fcr die Zerkleinerung von \u00c4sten bis zu einem Durchmesser von 10 cm (trockenes Holz 8 cm) geeignet. Das effiziente Rotorh\u00e4ckslersystem zieht die \u00c4ste automatisch nach innen, was eine hohe Arbeitsgeschwindigkeit garantiert. Die PRO-Messer aus hochlegiertem Stahl haben eine besonders lange Lebensdauer und sind mit zwei Schneidekanten versehen. Wenn beide Seiten abgenutzt sind, k\u00f6nnen die Messer geschliffen werden (immer von einem Fachmann ausf\u00fchren lassen).<\/p>\r\n\r\n<p>Genau wie unser Standard 1300 ist dieser H\u00e4cksler mit mehreren Sicherheitsfunktionen ausgestattet. So verf\u00fcgt der 1300WD \u00fcber Sicherheitsschalter sowohl an der Einfuhr als auch am Auswurf, welche den Betrieb der Maschine bei Wartungsarbeiten sperren. An der Einfuhr ist zudem eine Sicherheitsdruckleiste angebracht, die die Maschine in Notsituationen sofort stoppt. Dar\u00fcber hinaus entspricht der 1300WD der strengen Forstmaschinen-Norm (NEN-EN 13525:2020), um einen sicheren Einsatz zu gew\u00e4hrleisten.<\/p>\r\n\r\n<p>Der 1300WD ist standardm\u00e4\u00dfig mit einem um 270\u00b0 drehbaren Auswurf und einem Betriebsstundenz\u00e4hler ausgestattet.<\/p>","specs_overview_de":"\r\n<ul>\r\n  <li>Selbstfahrendes System mit Batterie<\/li>\r\n  <li>With turnable output<\/li>\r\n  <li>Loncin G420F Motor - 15 PS<\/li>\r\n  <li>Astst\u00e4rke bis 10 cm<\/li><\/ul>","specs_de":"\r\n<ul>\r\n  <li>Motor: Loncin G420F<\/li>\r\n  <li>Leistung: 15 PS \/ 11,02 kW<\/li>\r\n  <li>Verdr\u00e4ngung: 420 cc<\/li>\r\n  <li>Tankkapazit\u00e4t: 6,5 l <\/li>\r\n  <li>Kraftstoff: Euro98 (E5)<\/li>\r\n  <li>\u00d6lsensor<\/li>\r\n  <li>Ladezeit des Akkus: 4,5 Stunden<\/li>\r\n  <li>Max. Astst\u00e4rke: 10 cm<\/li>\r\n  <li>H\u00f6he der Einfuhr: 106 cm<\/li>\r\n  <li>Abmessungen Einfuhr: 50 x 35 cm<\/li>\r\n  <li>Auswurfh\u00f6he: 160 cm<\/li>\r\n  <li>Auswurfrichtung: drehbar bis zu 270\u00ba<\/li>\r\n  <li>Deflektor: stufenlos einstellbar bis zu 100\u00b0<\/li>\r\n  <li>Sicherheitsdruckleiste und Sicherheitsschalter<\/li>\r\n  <li>R\u00e4der mit Kugellager hinten: 39 cm<\/li>\r\n  <li>Schwenkr\u00e4der vorne: 25 cm<\/li>\r\n  <li>2 PRO Messer + 1 Gegen Messer<\/li>\r\n  <li>Abmessungen (L x B x H): 150 x 72,5 x 163 cm<\/li>\r\n  <li>Gewicht: 235 kg<\/li><\/ul>"},"nl":{"specs_overview_nl":"\r\n<ul>\r\n  <li>Zelfrijdend systeem op accu<\/li>\r\n  <li>Met draaibare uitvoer<\/li>\r\n  <li>Loncin G420F motor - 15 pk<\/li>\r\n  <li>Diameter takken tot 10 cm<\/li><\/ul>"},"cat":"HAKS","attributes":[{"attribute_acf":"dwactie","term_acf":"False"},{"attribute_acf":"dwartcat_code","term_acf":"HAKS"},{"attribute_acf":"dwcompo","term_acf":"False"},{"attribute_acf":"dwctwebsupgrp_code_0","term_acf":"HAKS"},{"attribute_acf":"dwfpagekeurd","term_acf":"False"},{"attribute_acf":"dwhaksmotor_code","term_acf":"BENZINE"},{"attribute_acf":"dwhaksserie_code","term_acf":"1300"},{"attribute_acf":"dwhakstakdia_code","term_acf":"10"},{"attribute_acf":"dwhaksuitvoer","term_acf":"True"},{"attribute_acf":"dwhaksverpl_code","term_acf":"WHEEL"},{"attribute_acf":"dwleveringdealer","term_acf":"True"},{"attribute_acf":"dwnieuw","term_acf":"False"},{"attribute_acf":"dwonderdelentekening","term_acf":"True"},{"attribute_acf":"dwpriority","term_acf":"963"},{"attribute_acf":"dwseizoen","term_acf":"False"},{"attribute_acf":"dwvijlbaar","term_acf":"False"},{"attribute_acf":"dwvozinclhoes","term_acf":"False"},{"attribute_acf":"dwvzinclhoes","term_acf":"False"},{"attribute_acf":"dwyoutube","term_acf":"j71Idwi_H2I"},{"attribute_acf":"dwzichtbaarparticulier","term_acf":"True"},{"attribute_acf":"dwzichtbaarwebsite","term_acf":"True"},{"attribute_acf":"lift","term_acf":"False"}],"elynx_update_at":"2026-03-15T04:43:16.009Z"},"_links":{"self":[{"href":"https:\/\/b2c.gtmdev.nl\/de\/wp-json\/wp\/v2\/product\/120346","targetHints":{"allow":["GET"]}}],"collection":[{"href":"https:\/\/b2c.gtmdev.nl\/de\/wp-json\/wp\/v2\/product"}],"about":[{"href":"https:\/\/b2c.gtmdev.nl\/de\/wp-json\/wp\/v2\/types\/product"}],"replies":[{"embeddable":true,"href":"https:\/\/b2c.gtmdev.nl\/de\/wp-json\/wp\/v2\/comments?post=120346"}],"wp:featuredmedia":[{"embeddable":true,"href":"https:\/\/b2c.gtmdev.nl\/de\/wp-json\/wp\/v2\/media\/133019"}],"wp:attachment":[{"href":"https:\/\/b2c.gtmdev.nl\/de\/wp-json\/wp\/v2\/media?parent=120346"}],"wp:term":[{"taxonomy":"product_brand","embeddable":true,"href":"https:\/\/b2c.gtmdev.nl\/de\/wp-json\/wp\/v2\/product_brand?post=120346"},{"taxonomy":"product_cat","embeddable":true,"href":"https:\/\/b2c.gtmdev.nl\/de\/wp-json\/wp\/v2\/product_cat?post=120346"},{"taxonomy":"product_tag","embeddable":true,"href":"https:\/\/b2c.gtmdev.nl\/de\/wp-json\/wp\/v2\/product_tag?post=120346"}],"curies":[{"name":"wp","href":"https:\/\/api.w.org\/{rel}","templated":true}]}}