
{"id":132273,"date":"2026-02-19T14:18:37","date_gmt":"2026-02-19T14:18:37","guid":{"rendered":"https:\/\/b2c.gtmdev.nl\/product\/gtpc540h\/"},"modified":"2026-03-18T03:00:15","modified_gmt":"2026-03-18T03:00:15","slug":"gtpc540h","status":"publish","type":"product","link":"https:\/\/b2c.gtmdev.nl\/de\/product\/gtpc540h\/","title":{"rendered":"GTPC540H"},"content":{"rendered":"<ul>\n<li>Motor: luchtgekoelde 1 cilinder 4 takt\n  <\/li>\n<li>Motortype: Honda GX160\n  <\/li>\n<li>Motorvermogen: 4.8 pk\n  <\/li>\n<li>Gewicht: 85 kg\n  <\/li>\n<li>Frequentie (trillingen): 91 Hz\n  <\/li>\n<li>Slagkracht : 1300 kg\n  <\/li>\n<li>Aantrildiepte: 30 cm\n  <\/li>\n<li>Snelheid: 0-24 m \/ min\n  <\/li>\n<li>Capaciteit: 660 m2 \/ u\n  <\/li>\n<li>Plaatafmetingen: 54 x 50 cm\n  <\/li>\n<li>Afmetingen: 110 x 54 x 83 cm<\/li>\n<\/ul>","protected":false},"excerpt":{"rendered":"<p>De GTPC540H is een trilplaat met benzinemotor die beschikt over een<br \/>\ncapaciteit van 600 vierkante meter per uur, met een maximale slagkracht van 1300<br \/>\nkg. De trilplaat is voorzien van een stalen plaat die niet kan breken. De ronde<br \/>\nvoorkant voorkomt stuiteren. Een comfortabele werkhouding is gegarandeerd met de<br \/>\nstuurboom die tot 90 graden aanpasbaar is. De trilplaat wordt standaard geleverd<br \/>\nmet een set wielen voor transport en een rubberen mat om sierbestrating aan te<br \/>\ntrillen.<\/p>","protected":false},"featured_media":132272,"comment_status":"open","ping_status":"closed","template":"","meta":{"_acf_changed":false},"product_brand":[],"product_cat":[2345],"product_tag":[],"class_list":{"0":"post-132273","1":"product","2":"type-product","3":"status-publish","4":"has-post-thumbnail","6":"product_cat-water-bodem","8":"first","9":"instock","10":"shipping-taxable","11":"purchasable","12":"product-type-simple"},"acf":{"media":{"afbeelding_1":null,"afbeelding_2":null,"afbeelding_3":null,"afbeelding_4":null,"afbeelding_5":null,"video":null,"video_thumbnail":null},"de":{"titel_en":"","omschrijving_de":"Die Kapazit\u00e4t der GTPC540H ist 600 Quadratmeter pro Stunde, mit einer \r\nmaximalen Schlagleistung von 1300 Kg. Die R\u00fcttelplatte ist mit einer Stahlplatte \r\ndie nicht brechen kann. Die runde geformte Vorderseite verhindert das abprallen. \r\nEine komfortable Arbeitsposition ist mit dem um 90 Grad verstellbaren Lenker \r\ngarantiert. Die R\u00fcttelplatte wird standardm\u00e4\u00dfig mit einem R\u00e4dersatz f\u00fcr den \r\nTransport, und einer Gummimatte zum anr\u00fctteln des Pflasters \r\ngeliefert.","specs_overview_de":"\r\n<ul>\r\n  <li>Honda GX160-Motor <\/li>\r\n  <li>4.8 PS <\/li>\r\n  <li>Schlagkraft 1300 kg <\/li>\r\n  <li>Breite 54 cm<\/li><\/ul>","specs_de":"\r\n<ul>\r\n  <li>Motor: Luftgek\u00fchlter 1 Zylinder Viertaktmotor \r\n  <\/li><li>Motortyp: Honda GX160 \r\n  <\/li><li>Motorleistung: 4.8 Ps \r\n  <\/li><li>Gewicht: 85 Kg \r\n  <\/li><li>Frequenz (Schwingungen): 91 Hz \r\n  <\/li><li>Schlagleistung: 1300 kg \r\n  <\/li><li>Anr\u00fctteltiefe: 30 cm \r\n  <\/li><li>Geschwindigkeit: 0-24 m \/ min \r\n  <\/li><li>Kapazit\u00e4t: 660 m2 \/ S \r\n  <\/li><li>Abmessungen der Platte: 53 x 50 cm \r\n  <\/li><li>Abmessungen: 110 x 54 x 83 cm<\/li><\/ul>"},"nl":{"specs_overview_nl":"\r\n<ul>\r\n  <li>Honda GX160 motor <\/li>\r\n  <li>4.8 pk <\/li>\r\n  <li>Slagkracht 1300 kg <\/li>\r\n  <li>Breedte 54 cm<\/li><\/ul>"},"cat":"W&B","attributes":[{"attribute_acf":"dwactie","term_acf":"False"},{"attribute_acf":"dwartcat_code","term_acf":"W&B"},{"attribute_acf":"dwartsubcat_code","term_acf":"TRIL"},{"attribute_acf":"dwcompo","term_acf":"False"},{"attribute_acf":"dwctwebsupgrp_code_0","term_acf":"TRIL"},{"attribute_acf":"dwfpagekeurd","term_acf":"False"},{"attribute_acf":"dwhaksuitvoer","term_acf":"False"},{"attribute_acf":"dwleveringdealer","term_acf":"True"},{"attribute_acf":"dwnieuw","term_acf":"False"},{"attribute_acf":"dwonderdelentekening","term_acf":"False"},{"attribute_acf":"dwplaatbr_code","term_acf":"54"},{"attribute_acf":"dwpriority","term_acf":"0"},{"attribute_acf":"dwseizoen","term_acf":"False"},{"attribute_acf":"dwvijlbaar","term_acf":"False"},{"attribute_acf":"dwvozinclhoes","term_acf":"False"},{"attribute_acf":"dwvzinclhoes","term_acf":"False"},{"attribute_acf":"dwzichtbaarparticulier","term_acf":"True"},{"attribute_acf":"dwzichtbaarwebsite","term_acf":"True"},{"attribute_acf":"lift","term_acf":"False"}],"elynx_update_at":"2026-02-19T14:06:09.051Z"},"_links":{"self":[{"href":"https:\/\/b2c.gtmdev.nl\/de\/wp-json\/wp\/v2\/product\/132273","targetHints":{"allow":["GET"]}}],"collection":[{"href":"https:\/\/b2c.gtmdev.nl\/de\/wp-json\/wp\/v2\/product"}],"about":[{"href":"https:\/\/b2c.gtmdev.nl\/de\/wp-json\/wp\/v2\/types\/product"}],"replies":[{"embeddable":true,"href":"https:\/\/b2c.gtmdev.nl\/de\/wp-json\/wp\/v2\/comments?post=132273"}],"wp:featuredmedia":[{"embeddable":true,"href":"https:\/\/b2c.gtmdev.nl\/de\/wp-json\/wp\/v2\/media\/132272"}],"wp:attachment":[{"href":"https:\/\/b2c.gtmdev.nl\/de\/wp-json\/wp\/v2\/media?parent=132273"}],"wp:term":[{"taxonomy":"product_brand","embeddable":true,"href":"https:\/\/b2c.gtmdev.nl\/de\/wp-json\/wp\/v2\/product_brand?post=132273"},{"taxonomy":"product_cat","embeddable":true,"href":"https:\/\/b2c.gtmdev.nl\/de\/wp-json\/wp\/v2\/product_cat?post=132273"},{"taxonomy":"product_tag","embeddable":true,"href":"https:\/\/b2c.gtmdev.nl\/de\/wp-json\/wp\/v2\/product_tag?post=132273"}],"curies":[{"name":"wp","href":"https:\/\/api.w.org\/{rel}","templated":true}]}}