
{"id":119170,"date":"2024-06-08T06:15:51","date_gmt":"2024-06-08T06:15:51","guid":{"rendered":"https:\/\/b2c.gtmdev.nl\/product\/batterij-40v-max-li-ion\/"},"modified":"2026-03-18T03:01:34","modified_gmt":"2026-03-18T03:01:34","slug":"batterij-40v-max-li-ion","status":"publish","type":"product","link":"https:\/\/b2c.gtmdev.nl\/en\/product\/batterij-40v-max-li-ion\/","title":{"rendered":"Batterij 40V MAX LI-ION"},"content":{"rendered":"<li>Voorzien van Samsung cellen\n<\/li>\n<li>Stil, duurzaam en schoon\n<\/li>\n<li>Optimale bewegingsvrijheid<\/li>","protected":false},"excerpt":{"rendered":"<p>GTM Professional biedt een complete lijn draadloos, batterij-aangedreven tuingereedschap. E\u00e9n batterij voor al uw tuinklussen. Onze 40 Volt Lithium-Ion batterij (4Ah), voorzien van Samsung cellen, is een compacte krachtpatser en presteert constant op maximaal vermogen. De batterij is schoon en stil, voor milieuvriendelijk tuinonderhoud met optimale bewegingsvrijheid. <\/p>\n<p><strong>Compleet aanbod tuingereedschap<\/strong><\/p>\n<p>Innovatief, milieuvriendelijk en gemakkelijk in gebruik: dit geldt voor onze serie batterij-aangedreven producten. Ze functioneren stil, zonder hinderlijke kabels of benzine en stoten geen vervuilende gassen uit. <\/p>\n<p><strong>Minimale oplaadtijd, maximaal vermogen<\/strong><\/p>\n<p>De opgewekte energie wordt optimaal benut dankzij het Battery Management System. Een slimme technologie die u met volledige capaciteit laat werken totdat de batterij helemaal leeg is. De batterij is energiezuinig en vrijwel vrij van slijtage wat zorgt voor een lange levensduur. Het indicatorsysteem geeft een constante bewaking van de resterende energie.<\/p>\n<p><strong>Batterij en oplaad advies<\/strong><\/p>\n<ul>\n<li>Bewaar de batterij altijd op een koele plaats.\n<\/li>\n<li>Laat de batterij nooit in de brandende zon liggen.\n<\/li>\n<li>Tijdens het seizoen de batterij 100% opladen (tot 4 LED's), na ieder gebruik.\n<\/li>\n<li>Tijdens winteropslag de batterij 80% opladen (tot 3 LED's), minstens iedere 2 maanden.\n<\/li>\n<li>Gebruik altijd de originele oplader voor de beste levensduur en veiligheid van de batterij.<\/li>\n<\/ul>","protected":false},"featured_media":133005,"comment_status":"open","ping_status":"closed","template":"","meta":{"_acf_changed":false},"product_brand":[],"product_cat":[2349],"product_tag":[],"class_list":{"0":"post-119170","1":"product","2":"type-product","3":"status-publish","4":"has-post-thumbnail","6":"product_cat-accessoires","8":"first","9":"instock","10":"shipping-taxable","11":"purchasable","12":"product-type-simple"},"acf":{"media":{"afbeelding_1":131533,"afbeelding_2":131534,"afbeelding_3":"","afbeelding_4":"","afbeelding_5":"","video":"","video_thumbnail":""},"de":{"titel_en":"","omschrijving_de":"<p>GTM Professional bietet ein komplettes Sortiment an kabellosen, batteriebetriebenen Gartenger\u00e4ten. Sie ben\u00f6tigen nur eine Batterie, bzw. Akku f\u00fcr alle Ihre Gartenarbeiten. Unser 40 Volt Lithium-Ionen-Akku (4Ah), ausgestattet mit Samsung-Zellen, ist ein kompaktes Kraftpaket und arbeitet konstant mit maximaler Leistung. Der Akku ist sauber und leise, f\u00fcr umweltfreundliche Gartenarbeit mit optimaler Bewegungsfreiheit.<\/p>\r\n<p>Komplettes Sortiment an Gartenger\u00e4ten Innovativ, umweltfreundlich und einfach zu bedienen: Das gilt f\u00fcr unser Angebot an Akku-betriebenen Produkten. Sie arbeiten leise, kabellos und ohne Benzin und verursachen keine umweltsch\u00e4dlichen Gase.<\/p>\r\n<p><strong>Minimale Ladezeit, maximale Leistung<\/strong> <\/p>\r\n<p>Die erzeugte Energie wird dank des Battery Management System optimal genutzt. Eine intelligente Technologie, mit der Sie mit voller Kapazit\u00e4t arbeiten k\u00f6nnen, bis der Akku vollst\u00e4ndig leer ist. Der Akku ist energieeffizient und nahezu verschlei\u00dffrei und garantiert eine lange Lebensdauer. Das Anzeigesystem erm\u00f6glicht eine st\u00e4ndige \u00dcberwachung der verbleibenden Energie. <\/p>\r\n<p><strong>Batterie- und Ladehinweise<\/strong><\/p>\r\n<ul>\r\n<li>Lagern Sie den Akku immer an einem k\u00fchlen Ort. \r\n<\/li><li>Setzen Sie den Akku niemals der direkten Sonne aus. \r\n<\/li><li>Laden Sie den Akku w\u00e4hrend der Saison nach jedem Gebrauch zu 100% (bis zu 4 LEDs) auf. \r\n<\/li><li>Laden Sie den Akku w\u00e4hrend der Winterlagerung zu 80% (bis zu 3 LEDs), mindestens alle 2 Monate. \r\n<\/li><li>Verwenden Sie f\u00fcr eine optimale Lebensdauer und Sicherheit immer das Original-Ladeger\u00e4t.<\/li><\/ul>","specs_overview_de":"\r\n<ul>\r\n  <li>Mit Samsung-Zellen ausgestattet<\/li>\r\n  <li>Leise, langlebig und sauber<\/li>\r\n  <li>Optimale Bewegungsfreiheit<\/li><\/ul>","specs_de":"\r\n<li>Mit Samsung-Zellen ausgestattet \r\n<\/li><li>Leise, langlebig und sauber \r\n<\/li><li>Optimale Bewegungsfreiheit<\/li>"},"nl":{"specs_overview_nl":"\r\n<ul>\r\n  <li>Voorzien van Samsung cellen<\/li>\r\n  <li>Stil, duurzaam en schoon<\/li>\r\n  <li>Optimale bewegingsvrijheid<\/li><\/ul>"},"cat":"ACCESS","attributes":[{"attribute_acf":"dwactie","term_acf":"False"},{"attribute_acf":"dwartcat_code","term_acf":"ACCESS"},{"attribute_acf":"dwcompo","term_acf":"False"},{"attribute_acf":"dwctwebhfdgrp_code","term_acf":"TUIN"},{"attribute_acf":"dwctwebsupgrp_code","term_acf":"ACCT"},{"attribute_acf":"dwfpagekeurd","term_acf":"False"},{"attribute_acf":"dwhaksuitvoer","term_acf":"False"},{"attribute_acf":"dwleveringdealer","term_acf":"False"},{"attribute_acf":"dwnieuw","term_acf":"False"},{"attribute_acf":"dwonderdelentekening","term_acf":"False"},{"attribute_acf":"dwpriority","term_acf":"999"},{"attribute_acf":"dwprodgrp_code","term_acf":"ACCGAZON"},{"attribute_acf":"dwseizoen","term_acf":"False"},{"attribute_acf":"dwvijlbaar","term_acf":"False"},{"attribute_acf":"dwvozinclhoes","term_acf":"False"},{"attribute_acf":"dwvzinclhoes","term_acf":"False"},{"attribute_acf":"dwzichtbaarparticulier","term_acf":"True"},{"attribute_acf":"dwzichtbaarwebsite","term_acf":"True"},{"attribute_acf":"lift","term_acf":"False"}],"elynx_update_at":"2026-03-14T14:08:10.292Z"},"_links":{"self":[{"href":"https:\/\/b2c.gtmdev.nl\/en\/wp-json\/wp\/v2\/product\/119170","targetHints":{"allow":["GET"]}}],"collection":[{"href":"https:\/\/b2c.gtmdev.nl\/en\/wp-json\/wp\/v2\/product"}],"about":[{"href":"https:\/\/b2c.gtmdev.nl\/en\/wp-json\/wp\/v2\/types\/product"}],"replies":[{"embeddable":true,"href":"https:\/\/b2c.gtmdev.nl\/en\/wp-json\/wp\/v2\/comments?post=119170"}],"wp:featuredmedia":[{"embeddable":true,"href":"https:\/\/b2c.gtmdev.nl\/en\/wp-json\/wp\/v2\/media\/133005"}],"wp:attachment":[{"href":"https:\/\/b2c.gtmdev.nl\/en\/wp-json\/wp\/v2\/media?parent=119170"}],"wp:term":[{"taxonomy":"product_brand","embeddable":true,"href":"https:\/\/b2c.gtmdev.nl\/en\/wp-json\/wp\/v2\/product_brand?post=119170"},{"taxonomy":"product_cat","embeddable":true,"href":"https:\/\/b2c.gtmdev.nl\/en\/wp-json\/wp\/v2\/product_cat?post=119170"},{"taxonomy":"product_tag","embeddable":true,"href":"https:\/\/b2c.gtmdev.nl\/en\/wp-json\/wp\/v2\/product_tag?post=119170"}],"curies":[{"name":"wp","href":"https:\/\/api.w.org\/{rel}","templated":true}]}}