
{"id":119246,"date":"2024-06-08T06:16:07","date_gmt":"2024-06-08T06:16:07","guid":{"rendered":"https:\/\/b2c.gtmdev.nl\/product\/kantensnijder-k-pro-35\/"},"modified":"2026-03-18T03:01:32","modified_gmt":"2026-03-18T03:01:32","slug":"kantensnijder-k-pro-35","status":"publish","type":"product","link":"https:\/\/b2c.gtmdev.nl\/en\/product\/kantensnijder-k-pro-35\/","title":{"rendered":"Kantensnijder K-Pro 35"},"content":{"rendered":"<ul>\n<li>Honda GX35 4-takt motor\n  <\/li>\n<li>35.8 cc\n  <\/li>\n<li>1.3 pk \/ 1.0 kW\n  <\/li>\n<li>0.63 l tankinhoud\n  <\/li>\n<li>Electronische ontsteking\n  <\/li>\n<li>Centrifugaal koppeling\n  <\/li>\n<li>4 tands gehard blad\n  <\/li>\n<li>Haakse overbrenging\n  <\/li>\n<li>Hoogteverstelling 6 posities\n  <\/li>\n<li>Maximale snijdiepte: 8 cm\n  <\/li>\n<li>7 anti-vibratie punten\n  <\/li>\n<li>12&nbsp;kg<\/li>\n<\/ul>","protected":false},"excerpt":{"rendered":"<p>De K-Pro 35 is de tuin- en landschapsversie voor de professionele hovenier. Onder alle omstandigheden worden de grasranden perfect afgesneden. Een uitstekende professionele kantensnijder die makkelijk wendbaar is, bijvoorbeeld bij het afsnijden langs boomspiegels, maar ook zeer geschikt is om lange stukken langs trottoirbanden of betonpaden te snijden. <\/p>\n<p>Het 4-tands gehard blad kan op 6 verschillende snijdieptes worden ingesteld. Er zijn 7 anti-vibratiepunten waardoor het zeer aangenaam werken is. De Honda motor is hoog gemonteerd zodat deze minder gevoelig is voor beschadigingen en minder hinder van stof ondervindt. Een zeer sterke machine met lage onderhoudskosten.<\/p>","protected":false},"featured_media":133143,"comment_status":"open","ping_status":"closed","template":"","meta":{"_acf_changed":false},"product_brand":[],"product_cat":[2351],"product_tag":[],"class_list":{"0":"post-119246","1":"product","2":"type-product","3":"status-publish","4":"has-post-thumbnail","6":"product_cat-gazon","8":"first","9":"instock","10":"shipping-taxable","11":"purchasable","12":"product-type-simple"},"acf":{"media":{"afbeelding_1":131362,"afbeelding_2":131363,"afbeelding_3":"","afbeelding_4":"","afbeelding_5":"","video":"","video_thumbnail":""},"de":{"titel_en":"","omschrijving_de":"<p>Der K-Pro 35 ist die Garten- und Landschaftfassung f\u00fcr den professionellen G\u00e4rtner. Basiert auf denselben Techniken und ausgestattet mit demselben kr\u00e4ftigen Motor, schneidet er die Grasr\u00e4nder perfekt ab, unter allen Umst\u00e4nden! Ein hervorragender professioneller Kantenschneider der leicht zu wenden ist dadurch da\u00df er auf 1 Rad st\u00fctzt und kompakt gestaltet wurde. <\/p>\r\n<p>Das 4-zahnige geh\u00e4rtete Blatt kann auf 6 verschiedene Schnitttiefen eingestellt werden. Der Honda Motor ist hoch montiert worden so da\u00df er weniger empfindlich gegen Besch\u00e4digungen ist und weniger vom Staub behindert wird. Es gibt 7 Antischwingungpunkte wodurch die Arbeit sehr angenehm ist.<\/p>","specs_overview_de":"\r\n<ul>\r\n  <li>Semiprofessioneller Kantenschneider<\/li>\r\n  <li>Honda GX35 Motor<\/li>\r\n  <li>32,6 cc - 1,3 PS<\/li>\r\n  <li>H\u00f6henverstellbar in 6 Positionen<\/li><\/ul>","specs_de":"\r\n<ul>\r\n  <li>Honda GX35 4-Takt Motor  \r\n  <\/li><li>35.8 cmn  \r\n  <\/li><li>1.3 PS \/ 1.0 kW \r\n  <\/li><li>0.63 Ltr. Tankinhalt  \r\n  <\/li><li>Elektronische Z\u00fcndung \r\n  <\/li><li>Zentrifugalkupplung \r\n  <\/li><li>4-zahniges geh\u00e4rtetes Blatt \r\n  <\/li><li>Winkelrechte \u00dcbertragung \r\n  <\/li><li>6 Positionen H\u00f6henverstellung \r\n  <\/li><li>Maximale Schnitttiefe: 8 cm \r\n  <\/li><li>7 Anti-Vibrationenpunkten \r\n  <\/li><li>12 Kg<\/li><\/ul>"},"nl":{"specs_overview_nl":"\r\n<ul>\r\n  <li>Professionele kantensnijder <\/li>\r\n  <li>Honda GX35 motor<\/li>\r\n  <li>32,6 cc - 1,3 pk <\/li>\r\n  <li>Hoogte verstelbaar in 6 posities<\/li><\/ul>"},"cat":"GAZON","attributes":[{"attribute_acf":"dwactie","term_acf":"False"},{"attribute_acf":"dwartcat_code","term_acf":"GAZON"},{"attribute_acf":"dwartsubcat_code","term_acf":"KANT"},{"attribute_acf":"dwcompo","term_acf":"False"},{"attribute_acf":"dwctwebsupgrp_code","term_acf":"KANT"},{"attribute_acf":"dwctwebsupgrp_code_0","term_acf":"KANT"},{"attribute_acf":"dwfpagekeurd","term_acf":"False"},{"attribute_acf":"dwhaksuitvoer","term_acf":"False"},{"attribute_acf":"dwleveringdealer","term_acf":"True"},{"attribute_acf":"dwnieuw","term_acf":"False"},{"attribute_acf":"dwonderdelentekening","term_acf":"False"},{"attribute_acf":"dwpriority","term_acf":"998"},{"attribute_acf":"dwseizoen","term_acf":"False"},{"attribute_acf":"dwvijlbaar","term_acf":"False"},{"attribute_acf":"dwvozinclhoes","term_acf":"False"},{"attribute_acf":"dwvzinclhoes","term_acf":"False"},{"attribute_acf":"dwzichtbaarparticulier","term_acf":"True"},{"attribute_acf":"dwzichtbaarwebsite","term_acf":"True"},{"attribute_acf":"lift","term_acf":"False"}],"elynx_update_at":"2026-03-14T14:02:51.870Z"},"_links":{"self":[{"href":"https:\/\/b2c.gtmdev.nl\/en\/wp-json\/wp\/v2\/product\/119246","targetHints":{"allow":["GET"]}}],"collection":[{"href":"https:\/\/b2c.gtmdev.nl\/en\/wp-json\/wp\/v2\/product"}],"about":[{"href":"https:\/\/b2c.gtmdev.nl\/en\/wp-json\/wp\/v2\/types\/product"}],"replies":[{"embeddable":true,"href":"https:\/\/b2c.gtmdev.nl\/en\/wp-json\/wp\/v2\/comments?post=119246"}],"wp:featuredmedia":[{"embeddable":true,"href":"https:\/\/b2c.gtmdev.nl\/en\/wp-json\/wp\/v2\/media\/133143"}],"wp:attachment":[{"href":"https:\/\/b2c.gtmdev.nl\/en\/wp-json\/wp\/v2\/media?parent=119246"}],"wp:term":[{"taxonomy":"product_brand","embeddable":true,"href":"https:\/\/b2c.gtmdev.nl\/en\/wp-json\/wp\/v2\/product_brand?post=119246"},{"taxonomy":"product_cat","embeddable":true,"href":"https:\/\/b2c.gtmdev.nl\/en\/wp-json\/wp\/v2\/product_cat?post=119246"},{"taxonomy":"product_tag","embeddable":true,"href":"https:\/\/b2c.gtmdev.nl\/en\/wp-json\/wp\/v2\/product_tag?post=119246"}],"curies":[{"name":"wp","href":"https:\/\/api.w.org\/{rel}","templated":true}]}}