
{"id":119360,"date":"2024-06-08T06:16:44","date_gmt":"2024-06-08T06:16:44","guid":{"rendered":"https:\/\/b2c.gtmdev.nl\/product\/gtm340-p-c-h-1400w\/"},"modified":"2026-03-18T06:01:25","modified_gmt":"2026-03-18T06:01:25","slug":"gtm340-p-c-h-1400w","status":"publish","type":"product","link":"https:\/\/b2c.gtmdev.nl\/en\/product\/gtm340-p-c-h-1400w\/","title":{"rendered":"GTM340 P C H 1400W"},"content":{"rendered":"<ul>\n<li>1400W<\/li>\n<li>3300 tpm<\/li>\n<li>Polypropyleen chassis<\/li>\n<li>Inklapbare duwboom<\/li>\n<li>Diameter wielen voor: 15 cm&nbsp;<\/li>\n<li>Diameter wielen achter: 23 cm<\/li>\n<li>340 mm maaibreedte<\/li>\n<li>Maaihoogte 5 x instelbaar tussen 2,5 en 7,5 cm<\/li>\n<li>35 l grasvangzak<\/li>\n<li>16,3 kg<\/li>\n<\/ul>","protected":false},"excerpt":{"rendered":"<p>Een echte stevige grasmaaier voorzien van een elektrische motor met een groot prestatievermogen van 1400 Watt. Door de dubbel uitgevoerde duwboom en de grote achterwielen heeft u echt het gevoel een degelijke machine in handen te hebben waarmee het toch zeer licht werken is. Het 34 cm brede maaidek maakt de grasmaaier geschikt voor gazons tot 850 vierkante meter.<\/p>","protected":false},"featured_media":125088,"comment_status":"open","ping_status":"closed","template":"","meta":{"_acf_changed":false},"product_brand":[],"product_cat":[2351],"product_tag":[],"class_list":{"0":"post-119360","1":"product","2":"type-product","3":"status-publish","4":"has-post-thumbnail","6":"product_cat-gazon","8":"first","9":"instock","10":"shipping-taxable","11":"purchasable","12":"product-type-simple"},"acf":{"media":{"afbeelding_1":131369,"afbeelding_2":131370,"afbeelding_3":"","afbeelding_4":"","afbeelding_5":"","video":"https:\/\/www.youtube.com\/watch?v=z_yy6qZbIWA","video_thumbnail":131383},"de":{"titel_en":"","omschrijving_de":"<p>Dieser Rasenm\u00e4her verf\u00fcgt \u00fcber einen Elektromotor mit einer gro\u00dfen Leistungsf\u00e4higkeit von 1400 Watt. Diese Kombination mit 34 cm breitem m\u00e4hdeck eignet sich f\u00fcr Rasen bis 850 Quadratmeter.<\/p>","specs_overview_de":"\r\n<ul>\r\n  <li>Rasenm\u00e4her \u00d8 34 cm<\/li>\r\n  <li>Elektrisch 1400 W<\/li>\r\n  <li>Gewebe Fangsack 35 L<\/li>\r\n  <li>F\u00fcr Rasen bis etwa 850 m\u00b2<\/li><\/ul>","specs_de":"\r\n<ul>\r\n  <li>1400W<\/li>\r\n  <li>3300 UpM<\/li>\r\n  <li>Chassis aus Polypropylen<\/li>\r\n  <li>Einklappbarer F\u00fchrungsholm<\/li>\r\n  <li>R\u00e4der vorne: 15 cm <\/li>\r\n  <li>R\u00e4der hinten: 23 cm<\/li>\r\n  <li>340 mm M\u00e4hbreite<\/li>\r\n  <li>25-75 mm M\u00e4hh\u00f6he<\/li>\r\n  <li>35 l Gewebefangsack<\/li>\r\n  <li>16,3 kg<\/li><\/ul>"},"nl":{"specs_overview_nl":"\r\n<ul>\r\n  <li>Grasmaaier \u00d8 34 cm \r\n  <\/li><li>Elektrisch 1400 W \r\n  <\/li><li>Opvangzak 35 l \r\n  <\/li><li>Gazons tot ca. 850 m\u00b2<\/li><\/ul>"},"cat":"GAZON","attributes":[{"attribute_acf":"dwactie","term_acf":"False"},{"attribute_acf":"dwartcat_code","term_acf":"GAZON"},{"attribute_acf":"dwartsubcat_code","term_acf":"GRASM"},{"attribute_acf":"dwcompo","term_acf":"False"},{"attribute_acf":"dwctwebhfdgrp_code","term_acf":"TUIN"},{"attribute_acf":"dwctwebsupgrp_code_0","term_acf":"MAAIERS"},{"attribute_acf":"dwfpagekeurd","term_acf":"False"},{"attribute_acf":"dwgazonmaaibr_code","term_acf":"34"},{"attribute_acf":"dwgazonmotor_code","term_acf":"ELEKTRISCH"},{"attribute_acf":"dwhaksuitvoer","term_acf":"False"},{"attribute_acf":"dwleveringdealer","term_acf":"True"},{"attribute_acf":"dwnieuw","term_acf":"False"},{"attribute_acf":"dwonderdelentekening","term_acf":"False"},{"attribute_acf":"dwpriority","term_acf":"995"},{"attribute_acf":"dwseizoen","term_acf":"False"},{"attribute_acf":"dwvijlbaar","term_acf":"False"},{"attribute_acf":"dwvozinclhoes","term_acf":"False"},{"attribute_acf":"dwvzinclhoes","term_acf":"False"},{"attribute_acf":"dwzichtbaarparticulier","term_acf":"True"},{"attribute_acf":"dwzichtbaarwebsite","term_acf":"True"},{"attribute_acf":"lift","term_acf":"False"}],"elynx_update_at":"2026-03-18T04:47:53.702Z"},"_links":{"self":[{"href":"https:\/\/b2c.gtmdev.nl\/en\/wp-json\/wp\/v2\/product\/119360","targetHints":{"allow":["GET"]}}],"collection":[{"href":"https:\/\/b2c.gtmdev.nl\/en\/wp-json\/wp\/v2\/product"}],"about":[{"href":"https:\/\/b2c.gtmdev.nl\/en\/wp-json\/wp\/v2\/types\/product"}],"replies":[{"embeddable":true,"href":"https:\/\/b2c.gtmdev.nl\/en\/wp-json\/wp\/v2\/comments?post=119360"}],"wp:featuredmedia":[{"embeddable":true,"href":"https:\/\/b2c.gtmdev.nl\/en\/wp-json\/wp\/v2\/media\/125088"}],"wp:attachment":[{"href":"https:\/\/b2c.gtmdev.nl\/en\/wp-json\/wp\/v2\/media?parent=119360"}],"wp:term":[{"taxonomy":"product_brand","embeddable":true,"href":"https:\/\/b2c.gtmdev.nl\/en\/wp-json\/wp\/v2\/product_brand?post=119360"},{"taxonomy":"product_cat","embeddable":true,"href":"https:\/\/b2c.gtmdev.nl\/en\/wp-json\/wp\/v2\/product_cat?post=119360"},{"taxonomy":"product_tag","embeddable":true,"href":"https:\/\/b2c.gtmdev.nl\/en\/wp-json\/wp\/v2\/product_tag?post=119360"}],"curies":[{"name":"wp","href":"https:\/\/api.w.org\/{rel}","templated":true}]}}