
{"id":119368,"date":"2024-06-08T06:16:46","date_gmt":"2024-06-08T06:16:46","guid":{"rendered":"https:\/\/b2c.gtmdev.nl\/product\/gtm500-sp1-sc-40v\/"},"modified":"2026-03-18T03:01:24","modified_gmt":"2026-03-18T03:01:24","slug":"gtm500-sp1-sc-40v","status":"publish","type":"product","link":"https:\/\/b2c.gtmdev.nl\/en\/product\/gtm500-sp1-sc-40v\/","title":{"rendered":"GTM500 SP1 SC 40V"},"content":{"rendered":"<ul>\n<li>Maaibreedte: 50 cm\n  <\/li>\n<li>Maaihoogte 7 x instelbaar 25-75 mm\n  <\/li>\n<li>2 x batterij (40V \/ 4Ah) en 1 x oplader (40V \/ 2Ah) inbegrepen\n  <\/li>\n<li>Oplaadtijd batterij: 2 uur\n  <\/li>\n<li>Werktijd (belast):&nbsp;55 minuten\n  <\/li>\n<li>2700 tpm\n  <\/li>\n<li>Zelfrijdend (1 versnelling)\n  <\/li>\n<li>Stalen maaidek\n  <\/li>\n<li>3-in-1: zijuitvoer, opvangzak of mulchen\n  <\/li>\n<li>Mulch plug inbegrepen\n  <\/li>\n<li>Ergonomische duwbeugel met softgrip\n  <\/li>\n<li>Duwbeugel verstelbaar in 3 hoogtes\n  <\/li>\n<li>Diameter wielen voor: 20 cm&nbsp;\n  <\/li>\n<li>Diameter wielen achter: 28 cm\n  <\/li>\n<li>Opvangzak 60 l\n  <\/li>\n<li>Gewicht: 27,7 kg<\/li>\n<\/ul>","protected":false},"excerpt":{"rendered":"<p>Moeiteloos maaien zonder uitstoot en zonder lawaai. De zelfrijdende GTM500<br \/>\nSP1 SC accu maaier van GTM Professional is voorzien van een duurzame Lithium-Ion<br \/>\n40V batterij, goed voor 55 minuten werken met volledige capaciteit. Het<br \/>\nindicatorsysteem (op de batterijen en duwbeugel) geeft een constante bewaking<br \/>\nvan de resterende energie. De krachtige motor zonder koolborstels garandeert een<br \/>\nsoepele werking.<\/p>\n<p>Deze 3-in-1 grasmaaier heeft een stalen maaidek met een maaibreedte van 46 cm<br \/>\nen 7 verschillende maaihoogtes van 25 tot 75 mm. Het gras kan worden uitgeworpen<br \/>\nvia de zijuitvoer of worden opgevangen in de geventileerde opvangzak van 60<br \/>\nliter. De opvangzak is voorzien van een niveau-indicator die aangeeft wanneer de<br \/>\nzak vol is. De maaier is ook geschikt om mee te mulchen. Mulch plug is<br \/>\ninbegrepen.<\/p>\n<p>De ergonomische duwbeugel met softgrip is verstelbaar in 3 verschillende<br \/>\nhoogtes voor een comfortabele werkhouding.<\/p>","protected":false},"featured_media":124928,"comment_status":"open","ping_status":"closed","template":"","meta":{"_acf_changed":false},"product_brand":[],"product_cat":[2351],"product_tag":[],"class_list":{"0":"post-119368","1":"product","2":"type-product","3":"status-publish","4":"has-post-thumbnail","6":"product_cat-gazon","8":"first","9":"instock","10":"shipping-taxable","11":"purchasable","12":"product-type-simple"},"acf":{"media":{"afbeelding_1":131379,"afbeelding_2":131380,"afbeelding_3":131381,"afbeelding_4":"","afbeelding_5":"","video":"https:\/\/www.youtube.com\/watch?v=z_yy6qZbIWA","video_thumbnail":131383},"de":{"titel_en":"","omschrijving_de":"<!DOCTYPE HTML PUBLIC \"-\/\/W3C\/\/DTD HTML 4.0 Transitional\/\/EN\">\r\n<html><head>\r\n<meta content=\"text\/html; charset=unicode\" http-equiv=\"Content-Type\" \/>\r\n<\/head>\r\n<body>\r\n<p>M\u00fcheloses M\u00e4hen ohne Abgase und ohne Ger\u00e4usch. Der selbstfahrender \r\nakkubetriebener GTM500 SP1 SC Rasenm\u00e4her von GTM Professional ist mit zwei \r\ndauerhaften Lithium-Ionen 40V Akkus ausgestattet, und erm\u00f6glicht 55 Minuten \r\nm\u00e4hen auf voller Kapazit\u00e4t. Das Anzeigesystem (auf der Batterie und Griff) \r\nbietet eine st\u00e4ndige \u00dcberwachung von der verbleibender Akkuleistung. Der \r\nkr\u00e4ftiger, b\u00fcrstenloser Motor garantiert eine reibungslose Leistung.<\/p>\r\n<p>Dieser 3-in-1 Rasenm\u00e4her verf\u00fcgt \u00fcber einen Stahlblechgeh\u00e4use mit einer \r\nSchnittbreite von 46 cm und 7-stufige Schnitth\u00f6henverstellung von 25 bis 75 mm. \r\nDas Gras kann durch den Seitenauswurf ausgeworfen werden oder wird in einem \r\nbel\u00fcfteten Grasfangbox von 60 Liter aufgefangen. Durch ein Anzeigesystem gibt \r\nder Box an wenn es Zeit zu entleeren ist. Der Rasenm\u00e4her ist auch f\u00fcr das \r\nMulchen geeignet und Mulchkit wird mitgeliefert.<\/p>\r\n<p>Der ergonomischer Softgriff ist auf 3 verschiedene H\u00f6hen verstellbar f\u00fcr eine \r\nbessere K\u00f6rperhaltung.<\/p><\/body><\/html>","specs_overview_de":"<!DOCTYPE HTML PUBLIC \"-\/\/W3C\/\/DTD HTML 4.0 Transitional\/\/EN\">\r\n<html><head>\r\n<meta content=\"text\/html; charset=utf-8\" http-equiv=\"Content-Type\" \/>\r\n<\/head>\r\n<body>\r\n<ul>\r\n  <li>Akku-Rasenm\u00e4her \u00d8 51 cm<\/li>\r\n  <li>Akku und Ladeger\u00e4t mitgeliefert<\/li>\r\n  <li>1 Gang<\/li>\r\n  <li>Gewebe Fangsack 60 L<\/li><\/ul><\/body><\/html>","specs_de":"<!DOCTYPE HTML PUBLIC \"-\/\/W3C\/\/DTD HTML 4.0 Transitional\/\/EN\">\r\n<html><head>\r\n<meta content=\"text\/html; charset=utf-8\" http-equiv=\"Content-Type\" \/>\r\n<\/head>\r\n<body>\r\n<ul>\r\n  <li>Schnittbreite: 50 cm \r\n  <\/li><li>Schnitth\u00f6he 7 x verstellbar 25-75 mm \r\n  <\/li><li>2x Akku (40V \/ 4Ah) und 1x Ladeger\u00e4t (40V \/ 2Ah) mitgeliefert \r\n  <\/li><li>Akkuladezeit: 2 Stunden \r\n  <\/li><li>Arbeitszeit (belastet):&nbsp;55 Minuten \r\n  <\/li><li>2700 U\/min \r\n  <\/li><li>Selbstfahrend (1 Gang) \r\n  <\/li><li>Stahlblechgeh\u00e4use \r\n  <\/li><li>3-in-1: Seitenauswurf, M\u00e4hen mit Grasfangbox oder Mulchen \r\n  <\/li><li>Mulchkit mitgeliefert \r\n  <\/li><li>Ergonomischer Softgriff \r\n  <\/li><li>Griff verstellbar auf 3 H\u00f6hen \r\n  <\/li><li>Diameter Vorderr\u00e4der 20 cm \r\n  <\/li><li>Diameter Hinterr\u00e4der 28 cm \r\n  <\/li><li>Gewebe Fangsack 60 L \r\n  <\/li><li>Gewicht: 27,7 kg<\/li><\/ul><\/body><\/html>"},"nl":{"specs_overview_nl":"<!DOCTYPE HTML PUBLIC \"-\/\/W3C\/\/DTD HTML 4.0 Transitional\/\/EN\">\r\n<html><head>\r\n<meta content=\"text\/html; charset=utf-8\" http-equiv=\"Content-Type\" \/>\r\n<\/head>\r\n<body>\r\n<ul>\r\n  <li>Accu maaier \u00d8 51 cm<\/li>\r\n  <li>Batterij en oplader inclusief<\/li>\r\n  <li>1 versnelling<\/li>\r\n  <li>Opvangzak 60 l<\/li><\/ul><\/body><\/html>"},"cat":"GAZON","attributes":[{"attribute_acf":"dwactie","term_acf":"False"},{"attribute_acf":"dwartcat_code","term_acf":"GAZON"},{"attribute_acf":"dwartcat_code_0","term_acf":"ACCU"},{"attribute_acf":"dwartsubcat_code","term_acf":"GRASM"},{"attribute_acf":"dwcompo","term_acf":"False"},{"attribute_acf":"dwctwebhfdgrp_code","term_acf":"TUIN"},{"attribute_acf":"dwctwebsupgrp_code_0","term_acf":"MAAIERS"},{"attribute_acf":"dwfpagekeurd","term_acf":"False"},{"attribute_acf":"dwgazonmaaibr_code","term_acf":"50"},{"attribute_acf":"dwgazonmotor_code","term_acf":"ACCU"},{"attribute_acf":"dwhaksuitvoer","term_acf":"False"},{"attribute_acf":"dwleveringdealer","term_acf":"True"},{"attribute_acf":"dwnieuw","term_acf":"False"},{"attribute_acf":"dwonderdelentekening","term_acf":"False"},{"attribute_acf":"dwpriority","term_acf":"996"},{"attribute_acf":"dwseizoen","term_acf":"False"},{"attribute_acf":"dwvijlbaar","term_acf":"False"},{"attribute_acf":"dwvozinclhoes","term_acf":"False"},{"attribute_acf":"dwvzinclhoes","term_acf":"False"},{"attribute_acf":"dwzichtbaarparticulier","term_acf":"True"},{"attribute_acf":"dwzichtbaarwebsite","term_acf":"True"},{"attribute_acf":"lift","term_acf":"False"}],"elynx_update_at":""},"_links":{"self":[{"href":"https:\/\/b2c.gtmdev.nl\/en\/wp-json\/wp\/v2\/product\/119368","targetHints":{"allow":["GET"]}}],"collection":[{"href":"https:\/\/b2c.gtmdev.nl\/en\/wp-json\/wp\/v2\/product"}],"about":[{"href":"https:\/\/b2c.gtmdev.nl\/en\/wp-json\/wp\/v2\/types\/product"}],"replies":[{"embeddable":true,"href":"https:\/\/b2c.gtmdev.nl\/en\/wp-json\/wp\/v2\/comments?post=119368"}],"wp:featuredmedia":[{"embeddable":true,"href":"https:\/\/b2c.gtmdev.nl\/en\/wp-json\/wp\/v2\/media\/124928"}],"wp:attachment":[{"href":"https:\/\/b2c.gtmdev.nl\/en\/wp-json\/wp\/v2\/media?parent=119368"}],"wp:term":[{"taxonomy":"product_brand","embeddable":true,"href":"https:\/\/b2c.gtmdev.nl\/en\/wp-json\/wp\/v2\/product_brand?post=119368"},{"taxonomy":"product_cat","embeddable":true,"href":"https:\/\/b2c.gtmdev.nl\/en\/wp-json\/wp\/v2\/product_cat?post=119368"},{"taxonomy":"product_tag","embeddable":true,"href":"https:\/\/b2c.gtmdev.nl\/en\/wp-json\/wp\/v2\/product_tag?post=119368"}],"curies":[{"name":"wp","href":"https:\/\/api.w.org\/{rel}","templated":true}]}}