
{"id":119378,"date":"2024-06-08T06:16:49","date_gmt":"2024-06-08T06:16:49","guid":{"rendered":"https:\/\/b2c.gtmdev.nl\/product\/gtm500-sp1-sc-h-e-start\/"},"modified":"2026-03-18T06:00:04","modified_gmt":"2026-03-18T06:00:04","slug":"gtm500-sp1-sc-h-e-start","status":"publish","type":"product","link":"https:\/\/b2c.gtmdev.nl\/en\/product\/gtm500-sp1-sc-h-e-start\/","title":{"rendered":"GTM500 SP1 SC H e-start"},"content":{"rendered":"<ul>\n<li>B&amp;S675 IS E-start<\/li>\n<li>163 cc<\/li>\n<li>2900 tpm<\/li>\n<li>1,5 l tankinhoud<\/li>\n<li>Loodvrij 95<\/li>\n<li>Stalen chassis<\/li>\n<li>1 versnelling<\/li>\n<li>510 mm maaibreedte<\/li>\n<li>70 l opvangzak + zijuitworp<\/li>\n<li>49 kg<\/li>\n<\/ul>","protected":false},"excerpt":{"rendered":"<p>Met de Instant Electrische Start (Instart IS) start u de kopklepmotor met \u00e9\u00e9n simpele druk op de knop. Nooit meer trekken aan het starterkoord, nooit meer primen en nooit meer choken! Deze nieuwe maaier is te vergelijken met de GTM500 SP1 SC H E-start met GTE165 (Art. Nr. MKH5001454) en heeft daarnaast de volgende voordelen: <\/p>\n<ul>\n<li> Maaihoogte is instelbaar van 25 tot 85 mm. Dit is 5 mm lager als gevolg van de B&amp;S motor; <\/li>\n<li> \"Quick Fix\" hendels. Klap de duwboom gemakkelijk in of uit; <\/li>\n<li> De machine is 11 kg lichter. <\/li>\n<\/ul>\n<p \/>\n<p>Het leegmaken van de opvangzak is verrassend eenvoudig, omdat het grote handvat op de kunststof bovenkant in de lengte is geplaatst. De grote achterwielen bieden betere wendbaarheid en meer grip op ruw terrein. <\/p>\n<p>Niet alleen de grote wielen en de gestroomlijnde opvangzak zijn nieuw aan deze maaier, de ergonomisch gevormde hendels, de kunststof bumper en de soepele hoogteverstelling zorgen samen voor veel meer gebruiksgemak - bovendien maken de vernieuwingen deze machine een lust voor het oog...! <\/p>\n<p>De machine beschikt over een 3-in-1 systeem: maaien met opvangzak, maaien met zijdelingse grasuitworp of mulchen.<\/p>","protected":false},"featured_media":132958,"comment_status":"open","ping_status":"closed","template":"","meta":{"_acf_changed":false},"product_brand":[],"product_cat":[2351],"product_tag":[],"class_list":{"0":"post-119378","1":"product","2":"type-product","3":"status-publish","4":"has-post-thumbnail","6":"product_cat-gazon","8":"first","9":"instock","10":"shipping-taxable","11":"purchasable","12":"product-type-simple"},"acf":{"media":{"afbeelding_1":131389,"afbeelding_2":"","afbeelding_3":"","afbeelding_4":"","afbeelding_5":"","video":"https:\/\/www.youtube.com\/watch?v=z_yy6qZbIWA","video_thumbnail":131383},"de":{"titel_en":"","omschrijving_de":"<p>Qualitativ hochwertiger 1 Gang angetriebener Rasenm\u00e4her aus stabilem Stahl, mit starkem Motor mit Elektrostart. Der M\u00e4her is 51 cm breit und hat eine zentrale H\u00f6henverstellung mit ergonomischem Griff.<\/p>\r\n<p>Die gro\u00dfen doppelkugelgelagerten Hinterr\u00e4der, genannt \"High Weels\" bieten einen geringeren Rollwiderstand, eine gro\u00dfe Man\u00f6vrierbarkeit und einen besseren Griff auf dem Boden. Dieser \"High Weels' geh\u00f6rt zu dem '3 in 1' Gruppe: fangen, mulchen oder m\u00e4hen mit Seite-Auswurf. Wenn mann fast nur mulchen m\u00f6chte, ist ein spezielles Mulchmesser lieferbar.<\/p>","specs_overview_de":"\r\n<ul>\r\n  <li>Rasenm\u00e4her \u00d8 50 cm <\/li>\r\n  <li>B&S 675 InStart - 1 Gang <\/li>\r\n  <li>Seitenauswurf und Fangsack 70 L <\/li>\r\n  <li>F\u00fcr Rasen bis etwa 2000 m\u00b2<\/li><\/ul>","specs_de":"\r\n<ul>\r\n  <li>B&S 675 IS<\/li>\r\n  <li>163 cc<\/li>\r\n  <li>2900 UpM<\/li>\r\n  <li>1,5 l Tankinhalt<\/li>\r\n  <li>Bleifrei 95<\/li>\r\n  <li>Stahlblechgeh\u00e4use<\/li>\r\n  <li>510 mm M\u00e4hbreite<\/li>\r\n  <li>30-75 mm M\u00e4hh\u00f6he<\/li>\r\n  <li>Seitenauswurf und Fangsack (70 l)<\/li>\r\n  <li>49 kg<\/li><\/ul>"},"nl":{"specs_overview_nl":"<ul>\r\n<li>Grasmaaier \u00d8 51 cm \r\n<\/li><li>B&S 675 InStart - 1 versnelling \r\n<\/li><li>Zijuitworp en opvangzak 70 l \r\n<\/li><li>Voor gazons tot ca. 2000 m\u00b2<\/li><\/ul>"},"cat":"GAZON","attributes":[{"attribute_acf":"dwactie","term_acf":"False"},{"attribute_acf":"dwartcat_code","term_acf":"GAZON"},{"attribute_acf":"dwartsubcat_code","term_acf":"GRASM"},{"attribute_acf":"dwcompo","term_acf":"False"},{"attribute_acf":"dwctwebhfdgrp_code","term_acf":"TUIN"},{"attribute_acf":"dwctwebsupgrp_code","term_acf":"MAAIERS"},{"attribute_acf":"dwfpagekeurd","term_acf":"False"},{"attribute_acf":"dwgazonmaaibr_code","term_acf":"50"},{"attribute_acf":"dwgazonmotor_code","term_acf":"BENZINE"},{"attribute_acf":"dwhaksuitvoer","term_acf":"False"},{"attribute_acf":"dwleveringdealer","term_acf":"True"},{"attribute_acf":"dwnieuw","term_acf":"False"},{"attribute_acf":"dwonderdelentekening","term_acf":"True"},{"attribute_acf":"dwpriority","term_acf":"985"},{"attribute_acf":"dwseizoen","term_acf":"False"},{"attribute_acf":"dwvijlbaar","term_acf":"False"},{"attribute_acf":"dwvozinclhoes","term_acf":"False"},{"attribute_acf":"dwvzinclhoes","term_acf":"False"},{"attribute_acf":"dwyoutube","term_acf":"z_yy6qZbIWA"},{"attribute_acf":"dwzichtbaarparticulier","term_acf":"True"},{"attribute_acf":"dwzichtbaarwebsite","term_acf":"True"},{"attribute_acf":"lift","term_acf":"False"}],"elynx_update_at":"2026-03-18T04:40:44.456Z"},"_links":{"self":[{"href":"https:\/\/b2c.gtmdev.nl\/en\/wp-json\/wp\/v2\/product\/119378","targetHints":{"allow":["GET"]}}],"collection":[{"href":"https:\/\/b2c.gtmdev.nl\/en\/wp-json\/wp\/v2\/product"}],"about":[{"href":"https:\/\/b2c.gtmdev.nl\/en\/wp-json\/wp\/v2\/types\/product"}],"replies":[{"embeddable":true,"href":"https:\/\/b2c.gtmdev.nl\/en\/wp-json\/wp\/v2\/comments?post=119378"}],"wp:featuredmedia":[{"embeddable":true,"href":"https:\/\/b2c.gtmdev.nl\/en\/wp-json\/wp\/v2\/media\/132958"}],"wp:attachment":[{"href":"https:\/\/b2c.gtmdev.nl\/en\/wp-json\/wp\/v2\/media?parent=119378"}],"wp:term":[{"taxonomy":"product_brand","embeddable":true,"href":"https:\/\/b2c.gtmdev.nl\/en\/wp-json\/wp\/v2\/product_brand?post=119378"},{"taxonomy":"product_cat","embeddable":true,"href":"https:\/\/b2c.gtmdev.nl\/en\/wp-json\/wp\/v2\/product_cat?post=119378"},{"taxonomy":"product_tag","embeddable":true,"href":"https:\/\/b2c.gtmdev.nl\/en\/wp-json\/wp\/v2\/product_tag?post=119378"}],"curies":[{"name":"wp","href":"https:\/\/api.w.org\/{rel}","templated":true}]}}