
{"id":119469,"date":"2024-06-08T06:17:15","date_gmt":"2024-06-08T06:17:15","guid":{"rendered":"https:\/\/b2c.gtmdev.nl\/product\/trilplaat-gtpc360m-powered-by-mitsubishi\/"},"modified":"2026-03-18T03:01:15","modified_gmt":"2026-03-18T03:01:15","slug":"trilplaat-gtpc360m-powered-by-mitsubishi","status":"publish","type":"product","link":"https:\/\/b2c.gtmdev.nl\/en\/product\/trilplaat-gtpc360m-powered-by-mitsubishi\/","title":{"rendered":"Trilplaat GTPC360M powered by Mitsubishi"},"content":{"rendered":"<ul>\n<li>Motor: luchtgekoelde 1 cilinder 4 takt&nbsp;<\/li>\n<li>Motortype: Mitsubishi GB18&nbsp;<\/li>\n<li>Motorvermogen: 6 pk&nbsp;<\/li>\n<li>Gewicht: 64 kg&nbsp;<\/li>\n<li>Frequentie (trillingen): 93 Hz&nbsp;<\/li>\n<li>Slagkracht: 1050 kg&nbsp;<\/li>\n<li>Aantrildiepte: 20 cm&nbsp;<\/li>\n<li>Snelheid: 0-24 m \/ min&nbsp;<\/li>\n<li>Capaciteit: 450 m2 \/ u&nbsp;<\/li>\n<li>Plaatafmetingen: 50 x 36 cm&nbsp;<\/li>\n<li>Afmetingen: 108 x 40 x 80 cm <\/li>\n<\/ul>","protected":false},"excerpt":{"rendered":"<p>De GTPC360M is een trilplaat met benzinemotor die beschikt over een capaciteit van 450 vierkante meter per uur met een maximale slagkracht van 1050 kg. De trilplaat is voorzien van een gegoten plaat die altijd vlak is en het straatwerk niet beschadigt. De rond gegoten voorkant voorkomt stuiteren. Een comfortabele werkhouding is gegarandeerd met de stuurboom die tot 90 graden aanpasbaar is. <\/p>\n<p>De trilplaat wordt standaard geleverd met een set wielen voor transport en een rubberen mat om sierbestrating aan te trillen.<\/p>","protected":false},"featured_media":125128,"comment_status":"open","ping_status":"closed","template":"","meta":{"_acf_changed":false},"product_brand":[],"product_cat":[2345],"product_tag":[],"class_list":{"0":"post-119469","1":"product","2":"type-product","3":"status-publish","4":"has-post-thumbnail","6":"product_cat-water-bodem","8":"first","9":"instock","10":"shipping-taxable","11":"purchasable","12":"product-type-simple"},"acf":{"media":{"afbeelding_1":null,"afbeelding_2":null,"afbeelding_3":null,"afbeelding_4":null,"afbeelding_5":null,"video":null,"video_thumbnail":null},"de":{"titel_en":"","omschrijving_de":"<p>Kr\u00e4ftige R\u00fcttelplatten f\u00fcr den G\u00e4rtner, mit einem zuverl\u00e4ssigen Mitsubishi GB18 Motor. Die GTPC360M hat eine Kapazit\u00e4t von 450 Quadratmeter pro Stunde, mit einer maximalen Schlagleistung von 1050 kg. Die R\u00fcttelplatte ist mit einer Gussplatte ausger\u00fcstet die immer flach ist und das Pflaster nicht besch\u00e4digt. Die runde geformte Vorderseite verhindert das abprallen. Eine komfortable Arbeitsposition ist mit dem um 90 Grad verstellbaren Lenker garantiert. <\/p>\r\n<p>Die R\u00fcttelplatte wird standardm\u00e4\u00dfig mit einem R\u00e4dersatz f\u00fcr den Transport, und einer Gummimatte zum anr\u00fctteln des Pflasters geliefert.<\/p>","specs_overview_de":"<!DOCTYPE HTML PUBLIC \"-\/\/W3C\/\/DTD HTML 4.0 Transitional\/\/EN\">\r\n<html><head>\r\n<meta content=\"text\/html; charset=utf-8\" http-equiv=\"Content-Type\" \/>\r\n<\/head>\r\n<body>\r\n<ul>\r\n  <li>Mitsubishi GB18-Motor<\/li>\r\n  <li>6 PS<\/li>\r\n  <li>Schlagkraft 1050 kg<\/li>\r\n  <li>Breite 36 cm<\/li><\/ul><\/body><\/html>","specs_de":"<!DOCTYPE HTML PUBLIC \"-\/\/W3C\/\/DTD HTML 4.0 Transitional\/\/EN\">\r\n<html><head>\r\n<meta content=\"text\/html; charset=utf-8\" http-equiv=\"Content-Type\" \/>\r\n<\/head>\r\n<body>\r\n<ul>\r\n  <li>Motor: Luftgek\u00fchlter 1 Zylinder Viertaktmotor&nbsp;<\/li>\r\n  <li>Motortyp: Mitsubishi GB18&nbsp;<\/li>\r\n  <li>Motorleistung: 6 Ps&nbsp;<\/li>\r\n  <li>Gewicht: 64 Kg&nbsp;<\/li>\r\n  <li>Frequenz (Schwingungen): 93 Hz&nbsp;<\/li>\r\n  <li>Schlagleistung: 1050 kg.&nbsp;<\/li>\r\n  <li>Anr\u00fctteltiefe: 20 cm&nbsp;<\/li>\r\n  <li>Geschwindigkeit: 0-24 m \/ min&nbsp;<\/li>\r\n  <li>Kapazit\u00e4t: 450 m2 \/ S&nbsp;<\/li>\r\n  <li>Abmessungen der Platte: 50 x 36 cm&nbsp;<\/li>\r\n  <li>Abmessungen: 108 x 40 x 80 cm <\/li><\/ul><\/body><\/html>"},"nl":{"specs_overview_nl":"<!DOCTYPE HTML PUBLIC \"-\/\/W3C\/\/DTD HTML 4.0 Transitional\/\/EN\">\r\n<html><head>\r\n<meta content=\"text\/html; charset=utf-8\" http-equiv=\"Content-Type\" \/>\r\n<\/head>\r\n<body>\r\n<ul>\r\n  <li>Mitsubishi GB18 motor <\/li>\r\n  <li>6 pk<\/li>\r\n  <li>Slagkracht 1050 kg<\/li>\r\n  <li>Breedte 36 cm<\/li><\/ul><\/body><\/html>"},"cat":"W&B","attributes":[{"attribute_acf":"dwactie","term_acf":"False"},{"attribute_acf":"dwartcat_code","term_acf":"W&B"},{"attribute_acf":"dwartsubcat_code","term_acf":"TRIL"},{"attribute_acf":"dwcompo","term_acf":"False"},{"attribute_acf":"dwctwebsupgrp_code_0","term_acf":"TRIL"},{"attribute_acf":"dwfpagekeurd","term_acf":"False"},{"attribute_acf":"dwhaksuitvoer","term_acf":"False"},{"attribute_acf":"dwleveringdealer","term_acf":"True"},{"attribute_acf":"dwnieuw","term_acf":"False"},{"attribute_acf":"dwonderdelentekening","term_acf":"True"},{"attribute_acf":"dwplaatbr_code","term_acf":"36"},{"attribute_acf":"dwpriority","term_acf":"0"},{"attribute_acf":"dwseizoen","term_acf":"False"},{"attribute_acf":"dwvijlbaar","term_acf":"False"},{"attribute_acf":"dwvozinclhoes","term_acf":"False"},{"attribute_acf":"dwvzinclhoes","term_acf":"False"},{"attribute_acf":"dwyoutube","term_acf":"K2LHJxLqJ_4"},{"attribute_acf":"dwzichtbaarparticulier","term_acf":"True"},{"attribute_acf":"dwzichtbaarwebsite","term_acf":"True"},{"attribute_acf":"lift","term_acf":"False"}],"elynx_update_at":""},"_links":{"self":[{"href":"https:\/\/b2c.gtmdev.nl\/en\/wp-json\/wp\/v2\/product\/119469","targetHints":{"allow":["GET"]}}],"collection":[{"href":"https:\/\/b2c.gtmdev.nl\/en\/wp-json\/wp\/v2\/product"}],"about":[{"href":"https:\/\/b2c.gtmdev.nl\/en\/wp-json\/wp\/v2\/types\/product"}],"replies":[{"embeddable":true,"href":"https:\/\/b2c.gtmdev.nl\/en\/wp-json\/wp\/v2\/comments?post=119469"}],"wp:featuredmedia":[{"embeddable":true,"href":"https:\/\/b2c.gtmdev.nl\/en\/wp-json\/wp\/v2\/media\/125128"}],"wp:attachment":[{"href":"https:\/\/b2c.gtmdev.nl\/en\/wp-json\/wp\/v2\/media?parent=119469"}],"wp:term":[{"taxonomy":"product_brand","embeddable":true,"href":"https:\/\/b2c.gtmdev.nl\/en\/wp-json\/wp\/v2\/product_brand?post=119469"},{"taxonomy":"product_cat","embeddable":true,"href":"https:\/\/b2c.gtmdev.nl\/en\/wp-json\/wp\/v2\/product_cat?post=119469"},{"taxonomy":"product_tag","embeddable":true,"href":"https:\/\/b2c.gtmdev.nl\/en\/wp-json\/wp\/v2\/product_tag?post=119469"}],"curies":[{"name":"wp","href":"https:\/\/api.w.org\/{rel}","templated":true}]}}