
{"id":119485,"date":"2024-06-08T06:17:18","date_gmt":"2024-06-08T06:17:18","guid":{"rendered":"https:\/\/b2c.gtmdev.nl\/product\/gtm500-sp1-sc-h\/"},"modified":"2026-03-18T06:00:11","modified_gmt":"2026-03-18T06:00:11","slug":"gtm500-sp1-sc-h","status":"publish","type":"product","link":"https:\/\/b2c.gtmdev.nl\/en\/product\/gtm500-sp1-sc-h\/","title":{"rendered":"GTM500 SP1 SC H"},"content":{"rendered":"<ul>\n<li>B&amp;S 675EXI Series<\/li>\n<li>163 cc<\/li>\n<li>2800 tpm<\/li>\n<li>1 l tankinhoud<\/li>\n<li>Loodvrij 95<\/li>\n<li>Stalen chassis<\/li>\n<li>Verstelbare\/inklapbare duwboom<\/li>\n<li>1 versnelling<\/li>\n<li>203\/280 mm wielen voor\/achter<\/li>\n<li>Dubbele wiellagering<\/li>\n<li>50 cm maaibreedte<\/li>\n<li>30-75 mm maaihoogte<\/li>\n<li>70 l opvangzak + zijuitworp<\/li>\n<li>42 kg<\/li>\n<\/ul>","protected":false},"excerpt":{"rendered":"<p>Door het gebruik van snelspanners is de duwboom eenvoudig in te klappen voor transport of opslag. Het leegmaken van de grasvangzak is verrassend eenvoudig, omdat het grote handvat op de kunststof bovenkant in de lengte is geplaatst. De grote achterwielen van de zelfrijdende grasmaaier bieden betere wendbaarheid en meer grip op ruw terrein. Geschikt voor gazons tot ca. 2000 vierkante meters.<\/p>\n<p>En niet alleen de grote wielen en de gestroomlijnde opvangzak zijn nieuw aan deze grasmaaier, maar ook het dashboard met bekerhouder, de ergonomisch gevormde handels, de kunststof bumper en de soepele hoogteverstelling zorgen samen voor veel meer gebruiksgemak.<\/p>\n<p>Met de optionele mulching-kit maakt u van deze alleskunner in een handomdraai een prachtige mulch-maaier!<\/p>","protected":false},"featured_media":124927,"comment_status":"open","ping_status":"closed","template":"","meta":{"_acf_changed":false},"product_brand":[],"product_cat":[2351],"product_tag":[],"class_list":{"0":"post-119485","1":"product","2":"type-product","3":"status-publish","4":"has-post-thumbnail","6":"product_cat-gazon","8":"first","9":"instock","10":"shipping-taxable","11":"purchasable","12":"product-type-simple"},"acf":{"media":{"afbeelding_1":131388,"afbeelding_2":"","afbeelding_3":"","afbeelding_4":"","afbeelding_5":"","video":"https:\/\/www.youtube.com\/watch?v=z_yy6qZbIWA","video_thumbnail":131383},"de":{"titel_en":"","omschrijving_de":"<p>Qualitativ hochwertiger 1 Gang angetriebener Rasenm\u00e4her aus stabilem Stahl, mit starkem Briggs&Stratton Motor. Der M\u00e4her is 50 cm breit und hat eine zentrale H\u00f6henverstellung mit ergonomischem Griff. Durch Schnellspannerhebels kann mann den Holm einfach und schnell zusammenklappen, was eine gro\u00dfe Platzersparnis bietet f\u00fcr Transport oder Lagerung.<\/p>\r\n<p>Die gro\u00dfen doppelkugelgelagerten Hinterr\u00e4der, genannt \"High Weels\" bieten einen geringeren Rollwiderstand, eine gro\u00dfe Man\u00f6vrierbarkeit und einen besseren Griff auf dem Boden. Dieser \"High Weels' geh\u00f6rt zu dem '3 in 1' Gruppe: fangen, mulchen oder m\u00e4hen mit Seite-Auswurf. Wenn mann fast nur mulchen m\u00f6chte, ist ein spezielles Mulchmesser lieferbar. Die Maschine ist geeignet f\u00fcr Rasen bis etwa 2000 Quadratmetern.<\/p>","specs_overview_de":"\r\n<ul>\r\n  <li>Rasenm\u00e4her \u00d8 50 cm \r\n  <\/li><li>B&S DOV750EX - 1 Gang \r\n  <\/li><li>Seitenauswurf und Fangsack 70 L \r\n  <\/li><li>F\u00fcr Rasen bis etwa 2000 m\u00b2<\/li><\/ul>","specs_de":"\r\n<ul>\r\n  <li>B&S 675EXI Series<\/li>\r\n  <li>163 cc<\/li>\r\n  <li>2800 UpM<\/li>\r\n  <li>1 l Tankinhalt<\/li>\r\n  <li>Bleifrei 95<\/li>\r\n  <li>Stahlblechgeh\u00e4use<\/li>\r\n  <li>Verstelbarer\/einklappbarer F\u00fchrungsholm<\/li>\r\n  <li>203\/280 mm R\u00e4der vorne\/hinten<\/li>\r\n  <li>Kugelgelagerte R\u00e4der<\/li>\r\n  <li>50 cm M\u00e4hbreite<\/li>\r\n  <li>30-75 mm M\u00e4hh\u00f6he<\/li>\r\n  <li>Seitenauswurf und Fangsack (70 l)<\/li>\r\n  <li>42 kg<\/li><\/ul>"},"nl":{"specs_overview_nl":"\r\n<ul>\r\n  <li>Grasmaaier \u00d8 50 cm \r\n  <\/li><li>B&S DOV750EX - 1 versnelling \r\n  <\/li><li>Zijuitworp en opvangzak 70 l \r\n  <\/li><li>Voor gazons tot ca. 2000 m\u00b2<\/li><\/ul>"},"cat":"GAZON","attributes":[{"attribute_acf":"dwactie","term_acf":"False"},{"attribute_acf":"dwartcat_code","term_acf":"GAZON"},{"attribute_acf":"dwartsubcat_code","term_acf":"GRASM"},{"attribute_acf":"dwcompo","term_acf":"False"},{"attribute_acf":"dwctwebhfdgrp_code","term_acf":"TUIN"},{"attribute_acf":"dwctwebsupgrp_code_0","term_acf":"MAAIERS"},{"attribute_acf":"dwfpagekeurd","term_acf":"False"},{"attribute_acf":"dwgazonmaaibr_code","term_acf":"50"},{"attribute_acf":"dwgazonmotor_code","term_acf":"BENZINE"},{"attribute_acf":"dwhaksuitvoer","term_acf":"False"},{"attribute_acf":"dwleveringdealer","term_acf":"True"},{"attribute_acf":"dwnieuw","term_acf":"False"},{"attribute_acf":"dwonderdelentekening","term_acf":"False"},{"attribute_acf":"dwpriority","term_acf":"986"},{"attribute_acf":"dwseizoen","term_acf":"False"},{"attribute_acf":"dwvijlbaar","term_acf":"False"},{"attribute_acf":"dwvozinclhoes","term_acf":"False"},{"attribute_acf":"dwvzinclhoes","term_acf":"False"},{"attribute_acf":"dwyoutube","term_acf":"z_yy6qZbIWA"},{"attribute_acf":"dwzichtbaarparticulier","term_acf":"True"},{"attribute_acf":"dwzichtbaarwebsite","term_acf":"True"},{"attribute_acf":"lift","term_acf":"False"}],"elynx_update_at":"2026-03-18T04:40:55.503Z"},"_links":{"self":[{"href":"https:\/\/b2c.gtmdev.nl\/en\/wp-json\/wp\/v2\/product\/119485","targetHints":{"allow":["GET"]}}],"collection":[{"href":"https:\/\/b2c.gtmdev.nl\/en\/wp-json\/wp\/v2\/product"}],"about":[{"href":"https:\/\/b2c.gtmdev.nl\/en\/wp-json\/wp\/v2\/types\/product"}],"replies":[{"embeddable":true,"href":"https:\/\/b2c.gtmdev.nl\/en\/wp-json\/wp\/v2\/comments?post=119485"}],"wp:featuredmedia":[{"embeddable":true,"href":"https:\/\/b2c.gtmdev.nl\/en\/wp-json\/wp\/v2\/media\/124927"}],"wp:attachment":[{"href":"https:\/\/b2c.gtmdev.nl\/en\/wp-json\/wp\/v2\/media?parent=119485"}],"wp:term":[{"taxonomy":"product_brand","embeddable":true,"href":"https:\/\/b2c.gtmdev.nl\/en\/wp-json\/wp\/v2\/product_brand?post=119485"},{"taxonomy":"product_cat","embeddable":true,"href":"https:\/\/b2c.gtmdev.nl\/en\/wp-json\/wp\/v2\/product_cat?post=119485"},{"taxonomy":"product_tag","embeddable":true,"href":"https:\/\/b2c.gtmdev.nl\/en\/wp-json\/wp\/v2\/product_tag?post=119485"}],"curies":[{"name":"wp","href":"https:\/\/api.w.org\/{rel}","templated":true}]}}