
{"id":119968,"date":"2024-06-08T06:25:28","date_gmt":"2024-06-08T06:25:28","guid":{"rendered":"https:\/\/b2c.gtmdev.nl\/product\/grid-gts900c\/"},"modified":"2026-03-18T03:00:42","modified_gmt":"2026-03-18T03:00:42","slug":"grid-gts900c","status":"publish","type":"product","link":"https:\/\/b2c.gtmdev.nl\/en\/product\/grid-gts900c\/","title":{"rendered":"Grid GTS900C"},"content":{"rendered":"","protected":false},"excerpt":{"rendered":"<p>Geschikt als accessoire voor de lage uitvoer van de GTS900C compo houtversnipperaar.<\/p>\n<p>De grid zorgt ervoor dat het materiaal wordt teruggekaatst en nogmaals wordt versnipperd, voor een extra fijn resultaat.<\/p>","protected":false},"featured_media":124930,"comment_status":"open","ping_status":"closed","template":"","meta":{"_acf_changed":false},"product_brand":[],"product_cat":[2349],"product_tag":[],"class_list":{"0":"post-119968","1":"product","2":"type-product","3":"status-publish","4":"has-post-thumbnail","6":"product_cat-accessoires","8":"first","9":"onbackorder","10":"shipping-taxable","11":"purchasable","12":"product-type-simple"},"acf":{"media":{"afbeelding_1":null,"afbeelding_2":null,"afbeelding_3":null,"afbeelding_4":null,"afbeelding_5":null,"video":null,"video_thumbnail":null},"de":{"titel_en":"","omschrijving_de":"<p>Geeignet als Zubeh\u00f6r f\u00fcr den niedrigen Auswurf des Compo H\u00e4cksler GTS900C.<\/p>\r\n<p>Das Gitter sorgt daf\u00fcr, dass das Material reflektiert und wieder zerkleinert wird, um so ein besonders feines Ergebnis zu erzielen.<\/p>","specs_overview_de":"- Zubeh\u00f6r f\u00fcr GTS900C<br>\r\n- Extra feines H\u00e4ckselergebnis","specs_de":""},"nl":{"specs_overview_nl":"- Accessoire voor GTS900C<br>\r\n- Extra fijn resultaat"},"cat":"ACCESS","attributes":[{"attribute_acf":"dwactie","term_acf":"False"},{"attribute_acf":"dwartcat_code","term_acf":"ACCESS"},{"attribute_acf":"dwcompo","term_acf":"False"},{"attribute_acf":"dwfpagekeurd","term_acf":"False"},{"attribute_acf":"dwhaksuitvoer","term_acf":"False"},{"attribute_acf":"dwleveringdealer","term_acf":"False"},{"attribute_acf":"dwnieuw","term_acf":"False"},{"attribute_acf":"dwonderdelentekening","term_acf":"False"},{"attribute_acf":"dwpriority","term_acf":"0"},{"attribute_acf":"dwprodgrp_code","term_acf":"ACCHAKS"},{"attribute_acf":"dwseizoen","term_acf":"False"},{"attribute_acf":"dwvijlbaar","term_acf":"False"},{"attribute_acf":"dwvozinclhoes","term_acf":"False"},{"attribute_acf":"dwvzinclhoes","term_acf":"False"},{"attribute_acf":"dwzichtbaarparticulier","term_acf":"True"},{"attribute_acf":"dwzichtbaarwebsite","term_acf":"True"},{"attribute_acf":"lift","term_acf":"False"}],"elynx_update_at":""},"_links":{"self":[{"href":"https:\/\/b2c.gtmdev.nl\/en\/wp-json\/wp\/v2\/product\/119968","targetHints":{"allow":["GET"]}}],"collection":[{"href":"https:\/\/b2c.gtmdev.nl\/en\/wp-json\/wp\/v2\/product"}],"about":[{"href":"https:\/\/b2c.gtmdev.nl\/en\/wp-json\/wp\/v2\/types\/product"}],"replies":[{"embeddable":true,"href":"https:\/\/b2c.gtmdev.nl\/en\/wp-json\/wp\/v2\/comments?post=119968"}],"wp:featuredmedia":[{"embeddable":true,"href":"https:\/\/b2c.gtmdev.nl\/en\/wp-json\/wp\/v2\/media\/124930"}],"wp:attachment":[{"href":"https:\/\/b2c.gtmdev.nl\/en\/wp-json\/wp\/v2\/media?parent=119968"}],"wp:term":[{"taxonomy":"product_brand","embeddable":true,"href":"https:\/\/b2c.gtmdev.nl\/en\/wp-json\/wp\/v2\/product_brand?post=119968"},{"taxonomy":"product_cat","embeddable":true,"href":"https:\/\/b2c.gtmdev.nl\/en\/wp-json\/wp\/v2\/product_cat?post=119968"},{"taxonomy":"product_tag","embeddable":true,"href":"https:\/\/b2c.gtmdev.nl\/en\/wp-json\/wp\/v2\/product_tag?post=119968"}],"curies":[{"name":"wp","href":"https:\/\/api.w.org\/{rel}","templated":true}]}}