
{"id":120204,"date":"2024-06-08T06:27:31","date_gmt":"2024-06-08T06:27:31","guid":{"rendered":"https:\/\/b2c.gtmdev.nl\/product\/gtrd500-honda\/"},"modified":"2026-03-18T06:01:29","modified_gmt":"2026-03-18T06:01:29","slug":"gtrd500-honda","status":"publish","type":"product","link":"https:\/\/b2c.gtmdev.nl\/en\/product\/gtrd500-honda\/","title":{"rendered":"GTRD500 Honda"},"content":{"rendered":"<ul>\n<li>Motor: Honda GX160\n  <\/li>\n<li>Vermogen: 4.8 pk \/ 3.6 kW\n  <\/li>\n<li>Cilinderinhoud: 163 cc\n  <\/li>\n<li>Tankinhoud: 3.1 l\n  <\/li>\n<li>Brandstof: Euro98 (E5)\n  <\/li>\n<li>Max. laadvermogen: 500 kg\n  <\/li>\n<li>Gemiddeld laadvolume: 200-370 l\n  <\/li>\n<li>Aantal versnellingen: 3 x vooruit en 1 x achteruit\n  <\/li>\n<li>Max. snelheid: 4,5 km\/u\n  <\/li>\n<li>Breedte rupsbanden: 18 cm\n  <\/li>\n<li>Afmetingen (l x b x h): 166 x 73 x 117 cm\n  <\/li>\n<li>Gewicht: 270 kg<\/li>\n<\/ul>","protected":false},"excerpt":{"rendered":"<p>De GTRD500 van GTM Professional heeft een hydraulisch kiepsysteem en robuuste<br \/>\nkiepbak met een laadvermogen tot 500 kg. Daarmee vervoer je met gemak<br \/>\nboomstammen, straatwerk of ander zwaar materiaal op de werkplek. Deze rupsdumper<br \/>\nis voorzien van een sterke Honda GX160 motor.<\/p>\n<p>De GTRD500 heeft een maximale snelheid van 4,5 km per uur, met 3<br \/>\nversnellingen vooruit en 1 achteruit. De 18 cm brede rupsbanden zijn ideaal voor<br \/>\ndrassig of ruw terrein. Wanneer je al in het bezit bent van een GTM Professional<br \/>\nhoutversnipperaar op rupsbanden (1300R of 1800R), dan kun je deze machine<br \/>\neenvoudig ombouwen tot dumper. Hiervoor bieden wij een transformatie set aan<br \/>\n(MZSGTSU02DUMP001). Deze set bestaat uit de kiepbak en een hydrokit. Voor het<br \/>\nombouwen van de houtversnipperaar tot dumper of andersom is enkel een<br \/>\nhijswerktuig en sleutel 17 nodig.<\/p>","protected":false},"featured_media":132333,"comment_status":"open","ping_status":"closed","template":"","meta":{"_acf_changed":false},"product_brand":[],"product_cat":[2354],"product_tag":[],"class_list":{"0":"post-120204","1":"product","2":"type-product","3":"status-publish","4":"has-post-thumbnail","6":"product_cat-dumpers","8":"first","9":"instock","10":"shipping-taxable","11":"purchasable","12":"product-type-simple"},"acf":{"media":{"afbeelding_1":131410,"afbeelding_2":131411,"afbeelding_3":131412,"afbeelding_4":"","afbeelding_5":"","video":"https:\/\/www.youtube.com\/watch?v=jpNUaR4k_pg","video_thumbnail":""},"de":{"titel_en":"","omschrijving_de":"\r\n<p>Der GTRD500 von GTM Professional verf\u00fcgt \u00fcber ein hydraulisches Kippsystem \r\nund einen robuste Kippmulde mit einer Tragf\u00e4higkeit von bis zu 500 kg. Damit \r\nk\u00f6nnen Sie problemlos Baumst\u00e4mme, Pflastersteine oder andere schwere Materialien \r\nzum Arbeitsplatz transportieren. Dieser Raupendumper ist mit einem starken Honda \r\nGX160-Motor ausgestattet.<\/p>\r\n<p>Der GTRD500 hat eine H\u00f6chstgeschwindigkeit von 4,5 km\/h, mit 3 Vorw\u00e4rtsg\u00e4ngen \r\nund 1 R\u00fcckw\u00e4rtsgang. Die 18 cm breiten Raupen sind ideal f\u00fcr sumpfiges oder \r\nunwegsames Gel\u00e4nde. Wenn Sie bereits einen GTM Professional H\u00e4cksler auf Raupen \r\n(1300R oder 1800R) besitzen, k\u00f6nnen Sie diese Maschine problemlos in einen \r\nDumper umbauen. Hierf\u00fcr bieten wir ein Transformationsset an (MZSGTSU02DUMP001). \r\nDieses Set besteht aus dem Kippbeh\u00e4lter und einem Hydro-Kit. Um den H\u00e4cksler in \r\neinen Dumper oder umgekehrt umzuwandeln, sind lediglich ein Hebezeug und ein \r\nSchl\u00fcssel 17 erforderlich.<\/p>","specs_overview_de":"\r\n<ul>\r\n  <li>Raupendumper <\/li>\r\n  <li>Honda GX160 Motor<\/li>\r\n  <li>Hydraulisches Kippsystem<\/li>\r\n  <li>Tragf\u00e4higkeit bis 500 kg<\/li><\/ul>","specs_de":"\r\n<ul>\r\n  <li>Motor: Honda GX160 \r\n  <\/li><li>Leistung: 4.8 Ps \/ 3.6 kW \r\n  <\/li><li>Verdr\u00e4ngung: 163 cc \r\n  <\/li><li>Tankkapazit\u00e4t: 3.1 l \r\n  <\/li><li>Kraftstoff: Euro98 (E5) \r\n  <\/li><li>Max. Tragf\u00e4higkeit: 500 kg\r\n  <\/li><li>Durchschnittliches Ladevolumen: 200\u2013370 l\r\n  <\/li><li>Anzahl der G\u00e4nge: 3 x vorw\u00e4rts und 1 x r\u00fcckw\u00e4rts  \r\n  <\/li><li>Max. Geschwindigkeit: 4.5 km\/S \r\n  <\/li><li>Breite der Raupen: 18 cm \r\n  <\/li><li>Abmessungen (L x B x H): 166 x 73 x 117 cm \r\n  <\/li><li>Gewicht: 270 kg<\/li><\/ul>"},"nl":{"specs_overview_nl":"\r\n<ul>\r\n  <li>Rupsdumper<\/li>\r\n  <li>Honda GX160 motor<\/li>\r\n  <li>Hydraulisch kiepsysteem<\/li>\r\n  <li>Laadvermogen tot 500 kg<\/li><\/ul>"},"cat":"DUMP","attributes":[{"attribute_acf":"dwactie","term_acf":"False"},{"attribute_acf":"dwartcat_code","term_acf":"DUMP"},{"attribute_acf":"dwcompo","term_acf":"False"},{"attribute_acf":"dwctwebsupgrp_code","term_acf":"DUMP"},{"attribute_acf":"dwfpagekeurd","term_acf":"False"},{"attribute_acf":"dwhaksuitvoer","term_acf":"False"},{"attribute_acf":"dwleveringdealer","term_acf":"True"},{"attribute_acf":"dwnieuw","term_acf":"True"},{"attribute_acf":"dwonderdelentekening","term_acf":"False"},{"attribute_acf":"dwpriority","term_acf":"987"},{"attribute_acf":"dwseizoen","term_acf":"False"},{"attribute_acf":"dwvijlbaar","term_acf":"False"},{"attribute_acf":"dwvozinclhoes","term_acf":"False"},{"attribute_acf":"dwvzinclhoes","term_acf":"False"},{"attribute_acf":"dwyoutube","term_acf":"jpNUaR4k_pg"},{"attribute_acf":"dwzichtbaarparticulier","term_acf":"True"},{"attribute_acf":"dwzichtbaarwebsite","term_acf":"True"},{"attribute_acf":"lift","term_acf":"False"}],"elynx_update_at":"2026-03-18T04:47:59.646Z"},"_links":{"self":[{"href":"https:\/\/b2c.gtmdev.nl\/en\/wp-json\/wp\/v2\/product\/120204","targetHints":{"allow":["GET"]}}],"collection":[{"href":"https:\/\/b2c.gtmdev.nl\/en\/wp-json\/wp\/v2\/product"}],"about":[{"href":"https:\/\/b2c.gtmdev.nl\/en\/wp-json\/wp\/v2\/types\/product"}],"replies":[{"embeddable":true,"href":"https:\/\/b2c.gtmdev.nl\/en\/wp-json\/wp\/v2\/comments?post=120204"}],"wp:featuredmedia":[{"embeddable":true,"href":"https:\/\/b2c.gtmdev.nl\/en\/wp-json\/wp\/v2\/media\/132333"}],"wp:attachment":[{"href":"https:\/\/b2c.gtmdev.nl\/en\/wp-json\/wp\/v2\/media?parent=120204"}],"wp:term":[{"taxonomy":"product_brand","embeddable":true,"href":"https:\/\/b2c.gtmdev.nl\/en\/wp-json\/wp\/v2\/product_brand?post=120204"},{"taxonomy":"product_cat","embeddable":true,"href":"https:\/\/b2c.gtmdev.nl\/en\/wp-json\/wp\/v2\/product_cat?post=120204"},{"taxonomy":"product_tag","embeddable":true,"href":"https:\/\/b2c.gtmdev.nl\/en\/wp-json\/wp\/v2\/product_tag?post=120204"}],"curies":[{"name":"wp","href":"https:\/\/api.w.org\/{rel}","templated":true}]}}