
{"id":120214,"date":"2024-06-08T06:27:37","date_gmt":"2024-06-08T06:27:37","guid":{"rendered":"https:\/\/b2c.gtmdev.nl\/product\/900c-honda-draaibare-uitvoer\/"},"modified":"2026-03-18T03:00:26","modified_gmt":"2026-03-18T03:00:26","slug":"900c-honda-draaibare-uitvoer","status":"publish","type":"product","link":"https:\/\/b2c.gtmdev.nl\/en\/product\/900c-honda-draaibare-uitvoer\/","title":{"rendered":"900C Honda + draaibare uitvoer"},"content":{"rendered":"<ul>\n<li>Motor: Honda GX270<\/li>\n<li>Vermogen: 8.4 pk \/ 6.3 kW<\/li>\n<li>Cilinderinhoud: 270 cc<\/li>\n<li>Tankinhoud: 5,3 l<\/li>\n<li>Brandstof: Euro98 (E5)<\/li>\n<li>Oliesensor<\/li>\n<li>Max. diameter hout: 8 cm<\/li>\n<li>Invoer hoogte: 101 cm<\/li>\n<li>Invoer afmetingen: 40 x 28 cm<\/li>\n<li>Uitvoer hoogte (hoge uitvoer): 142 cm, draaibaar tot 270\u00b0<\/li>\n<li>Deflector: traploos aanpasbaar tot 80\u00b0<\/li>\n<li>Uitvoer hoogte (lage uitvoer): 35 cm<\/li>\n<li>Noodstop + veiligheidsschakelaar uitvoeren<\/li>\n<li>Diameter wielen: 39 cm<\/li>\n<li>Wielen met kogellagers<\/li>\n<li>2 PRO messen + 1 tegenmes<\/li>\n<li>Afmetingen (l x b x h): 198 x 63 x 142 cm<\/li>\n<li>Gewicht: 147 kg<\/li>\n<\/ul>","protected":false},"excerpt":{"rendered":"<p>De 900C is een multifunctionele versnipperaar met twee verschillende uitvoermogelijkheden die eenvoudig te wisselen zijn. De hoge uitvoer is geschikt voor het verwerken van takken met een diameter tot 8 cm (droog hout tot 6 cm). Bepaal de gewenste uitvoerhoogte met de verstelbare deflector en verzamel de houtsnippers in een kruiwagen of aanhanger, of spuit ze direct in de tuin. De lage uitvoer is geschikt voor materiaal met een hoog vochtgehalte, zoals grassen, haagscheersel of plantenresten. Het fijn gemaakte materiaal zorgt voor een versneld composteerproces.<\/p>\n<p>Deze compo houtversnipperaar is voorzien van een krachtige Honda GX270 motor en een effici\u00ebnt rotor versnippersysteem. Dit systeem bestaat uit een rotor met twee PRO-messen die met hoge snelheid langs het tegenmes draaien. Onze PRO-messen van hooggelegeerd staal gaan extra lang mee en hebben twee snijkanten zodat ze omgedraaid kunnen worden om nogmaals te gebruiken.<\/p>\n<p>Dankzij de brede invoer is het zelden nodig om zijtakken vooraf te verwijderen. Hiermee is een hoge werksnelheid gegarandeerd. De 900C is licht van gewicht en gemakkelijk te verplaatsen met de dubbele duwbeugels. De compacte afmetingen en de sjorogen onder de invoer maken het mogelijk om de machine veilig te transporteren.<\/p>\n<p>Een robuust onderstel en de doordachte verhoudingen van de machine maken de 900C perfect gebalanceerd. De 900C is voorzien van een noodstop en voldoet aan de laatste Europese normen voor een veilig gebruik.<\/p>","protected":false},"featured_media":132887,"comment_status":"open","ping_status":"closed","template":"","meta":{"_acf_changed":false},"product_brand":[],"product_cat":[2352],"product_tag":[],"class_list":{"0":"post-120214","1":"product","2":"type-product","3":"status-publish","4":"has-post-thumbnail","6":"product_cat-hakselaar","8":"first","9":"instock","10":"shipping-taxable","11":"purchasable","12":"product-type-simple"},"acf":{"media":{"afbeelding_1":131436,"afbeelding_2":131437,"afbeelding_3":131438,"afbeelding_4":131439,"afbeelding_5":"","video":"https:\/\/www.youtube.com\/watch?v=OGIVVvHOQQc","video_thumbnail":131428},"de":{"titel_en":"","omschrijving_de":"<p>Der 900C ist ein multifunktionaler H\u00e4cksler mit zwei verschiedenen, leicht zu \u00e4ndernden Auswurfoptionen. Der hohe Auswurf eignet sich f\u00fcr die Verarbeitung von \u00c4sten mit einem Durchmesser von bis zu 8 cm (trockenes Holz bis 6 cm). W\u00e4hlen Sie die gew\u00fcnschte Auswurfh\u00f6he mit dem verstellbaren Deflektor und fangen Sie das H\u00e4ckselgut bequem in einer Schubkarre oder einem Anh\u00e4nger auf oder verstreuen es direkt im Garten. Der niedrige Auswurf eignet sich f\u00fcr Material mit einem hohen Feuchtigkeitsgehalt, wie beispielsweise Gr\u00e4ser, Str\u00e4ucher oder Pflanzenreste. Das zerkleinerte Material beschleunigt den Kompostierungsprozess.<\/p>\r\n\r\n<p>Dieser Compo H\u00e4cksler ist mit einem leistungsstarken Honda GX270-Motor und einem effizienten Rotorschreddersystem ausgestattet. Dieses System besteht aus einem Rotor mit zwei PRO-Messer, die mit hoher Geschwindigkeit entlang des Gegenmessers rotieren. Unsere PRO-Messer aus hochlegiertem Stahl haben eine extra lange Lebensdauer und zwei Schneidkanten, so dass sie zur Wiederverwendung gewendet werden k\u00f6nnen.<\/p>\r\n\r\n<p>Dank der breiten Einfuhr ist es selten erforderlich, Seiten\u00e4ste vorher zu entfernen. Dies garantiert eine hohe Arbeitsgeschwindigkeit. Der 900C ist leicht und mit dem doppelten Schiebeb\u00fcgel einfach zu verschieben. Die kompakten Abmessungen und die Zurr\u00f6sen unter der Einfuhr erm\u00f6glichen einen sicheren Transport der Maschine.<\/p>\r\n\r\n<p>Ein stabiles Untergestell und die ausgedachten Proportionen der Maschine machen den 900C perfekt ausbalanciert. Der 900C ist mit einem Notstopp ausgestattet und entspricht den neuesten europ\u00e4ischen Normen f\u00fcr einen sicheren Einsatz.<\/p>","specs_overview_de":"\r\n<ul>\r\n  <li>Mit drehbare Auswurf<\/li>\r\n  <li>Honda GX270 Motor<\/li>\r\n  <li>8.4 PS<\/li>\r\n  <li>Astst\u00e4rke bis 8 cm<\/li><\/ul>","specs_de":"\r\n<ul>\r\n  <li>Motor: Honda GX270<\/li>\r\n  <li>Leistung: 8.4 PS \/ 6,3 kW<\/li>\r\n  <li>Hubraum: 270 cc<\/li>\r\n  <li>Tankkapazit\u00e4t: 5,3 l<\/li>\r\n  <li>Kraftstoff: Euro98 (E5)<\/li>\r\n  <li>\u00d6lsensor<\/li>\r\n  <li>Max. Astst\u00e4rke: 8 cm<\/li>\r\n  <li>H\u00f6he der Einfuhr: 101 cm<\/li>\r\n  <li>Abmessungen Einfuhr: 40 x 28 cm<\/li>\r\n  <li>Auswurfh\u00f6he (hohen Auswurf): 142 cm, drehbar bis zu 270\u00ba<\/li>\r\n  <li>Deflektor: stufenlos einstellbar bis zu 80\u00b0<\/li>\r\n  <li>Auswurfh\u00f6he (niedrige Auswurf): 35 cm<\/li>\r\n  <li>Notstopp + Sicherheitsschaltern Auswurf<\/li>\r\n  <li>Raddurchmesser: 39 cm<\/li>\r\n  <li>R\u00e4der mit Kugellagern<\/li>\r\n  <li>2 PRO Messer + 1 Gegen Messer<\/li>\r\n  <li>Abmessungen (L x B x H): 198 x 63 x 142 cm<\/li>\r\n  <li>Gewicht: 147 kg<\/li><\/ul>"},"nl":{"specs_overview_nl":"\r\n<ul>\r\n  <li>Met draaibare uitvoer<\/li>\r\n  <li>Honda GX270 motor<\/li>\r\n  <li>8.4 pk<\/li>\r\n  <li>Diameter takken tot 8 cm<\/li><\/ul>"},"cat":"HAKS","attributes":[{"attribute_acf":"dwactie","term_acf":"False"},{"attribute_acf":"dwartcat_code","term_acf":"HAKS"},{"attribute_acf":"dwcompo","term_acf":"True"},{"attribute_acf":"dwctwebsupgrp_code","term_acf":"HAKS"},{"attribute_acf":"dwfpagekeurd","term_acf":"False"},{"attribute_acf":"dwhaksmotor_code","term_acf":"BENZINE"},{"attribute_acf":"dwhaksserie_code","term_acf":"900"},{"attribute_acf":"dwhakstakdia_code","term_acf":"8"},{"attribute_acf":"dwhaksuitvoer","term_acf":"True"},{"attribute_acf":"dwhaksverpl_code","term_acf":"HAND"},{"attribute_acf":"dwleveringdealer","term_acf":"True"},{"attribute_acf":"dwnieuw","term_acf":"False"},{"attribute_acf":"dwonderdelentekening","term_acf":"False"},{"attribute_acf":"dwpriority","term_acf":"982"},{"attribute_acf":"dwseizoen","term_acf":"False"},{"attribute_acf":"dwvijlbaar","term_acf":"False"},{"attribute_acf":"dwvozinclhoes","term_acf":"False"},{"attribute_acf":"dwvzinclhoes","term_acf":"False"},{"attribute_acf":"dwyoutube","term_acf":"OGIVVvHOQQc"},{"attribute_acf":"dwzichtbaarparticulier","term_acf":"True"},{"attribute_acf":"dwzichtbaarwebsite","term_acf":"True"},{"attribute_acf":"lift","term_acf":"False"}],"elynx_update_at":"2026-03-14T14:09:27.219Z"},"_links":{"self":[{"href":"https:\/\/b2c.gtmdev.nl\/en\/wp-json\/wp\/v2\/product\/120214","targetHints":{"allow":["GET"]}}],"collection":[{"href":"https:\/\/b2c.gtmdev.nl\/en\/wp-json\/wp\/v2\/product"}],"about":[{"href":"https:\/\/b2c.gtmdev.nl\/en\/wp-json\/wp\/v2\/types\/product"}],"replies":[{"embeddable":true,"href":"https:\/\/b2c.gtmdev.nl\/en\/wp-json\/wp\/v2\/comments?post=120214"}],"wp:featuredmedia":[{"embeddable":true,"href":"https:\/\/b2c.gtmdev.nl\/en\/wp-json\/wp\/v2\/media\/132887"}],"wp:attachment":[{"href":"https:\/\/b2c.gtmdev.nl\/en\/wp-json\/wp\/v2\/media?parent=120214"}],"wp:term":[{"taxonomy":"product_brand","embeddable":true,"href":"https:\/\/b2c.gtmdev.nl\/en\/wp-json\/wp\/v2\/product_brand?post=120214"},{"taxonomy":"product_cat","embeddable":true,"href":"https:\/\/b2c.gtmdev.nl\/en\/wp-json\/wp\/v2\/product_cat?post=120214"},{"taxonomy":"product_tag","embeddable":true,"href":"https:\/\/b2c.gtmdev.nl\/en\/wp-json\/wp\/v2\/product_tag?post=120214"}],"curies":[{"name":"wp","href":"https:\/\/api.w.org\/{rel}","templated":true}]}}