
{"id":120241,"date":"2024-06-08T06:27:51","date_gmt":"2024-06-08T06:27:51","guid":{"rendered":"https:\/\/b2c.gtmdev.nl\/product\/750-honda\/"},"modified":"2026-03-18T06:01:17","modified_gmt":"2026-03-18T06:01:17","slug":"750-honda","status":"publish","type":"product","link":"https:\/\/b2c.gtmdev.nl\/en\/product\/750-honda\/","title":{"rendered":"750 Honda"},"content":{"rendered":"<ul>\n<li><span class=\"MsoNormal\">Motor: Honda GX270<\/span><\/li>\n<li><span class=\"MsoNormal\">Vermogen: 8.4 pk \/ 6.3 kW<\/span><\/li>\n<li><span class=\"MsoNormal\">Cilinderinhoud: 270 cc<\/span><\/li>\n<li><span class=\"MsoNormal\">Tankinhoud: 5.3 l<\/span><\/li>\n<li><span class=\"MsoNormal\">Brandstof: Euro98 (E5)<\/span><\/li>\n<li><span class=\"MsoNormal\">Oliesensor<\/span><\/li>\n<li><span class=\"MsoNormal\">Max. diameter hout: 7 cm<\/span><\/li>\n<li><span class=\"MsoNormal\">Invoer hoogte: 113 cm<\/span><\/li>\n<li><span class=\"MsoNormal\">Invoer afmetingen: 25 x 31 cm<\/span><\/li>\n<li><span class=\"MsoNormal\">Uitvoer hoogte: 85 cm<\/span><\/li>\n<li><span class=\"MsoNormal\">Uitvoer richting: achter<\/span><\/li>\n<li><span class=\"MsoNormal\">Deflector: traploos aanpasbaar tot<br \/>\n  60\u00b0<\/span><\/li>\n<li><span class=\"MsoNormal\">Noodstop<\/span><\/li>\n<li><span class=\"MsoNormal\">Diameter wielen: 26 cm<\/span><\/li>\n<li><span class=\"MsoNormal\">Wielen met kogellagers<\/span><\/li>\n<li><span class=\"MsoNormal\">2 PRO messen + 1 tegenmes<\/span><\/li>\n<li><span class=\"MsoNormal\">Afmetingen (l x b x h): 182 x 63 x 148<br \/>\n  cm<\/span><\/li>\n<li><span class=\"MsoNormal\">Gewicht: 88 kg<\/span><\/li>\n<\/ul>","protected":false},"excerpt":{"rendered":"<p>De 750 heeft dezelfde compacte afmetingen als de 600, maar nog meer<br \/>\ncapaciteit dankzij een breder en zwaarder rotorsysteem. De houtversnipperaar is<br \/>\nuitgerust met een sterke 8.4 pk Honda motor en directe overbrenging naar het<br \/>\nversnippersysteem.<\/p>\n<p>Takken tot 7 cm worden automatisch naar binnen getrokken en moeiteloos<br \/>\nversnipperd met een mooie kwaliteit houtsnipper als resultaat. Het versnipperde<br \/>\nmateriaal is ideaal als bodembedekker of opvulling van borders en tuinpaden. Het<br \/>\nis ook mogelijk om tegelijk bladeren en ander zacht materiaal in de machine te<br \/>\nvoeren, zodat tuinafval een nieuwe bestemming krijgt als mulch of compost.<\/p>\n<p>Met een uitvoerhoogte van 77 cm past er met gemak een kruiwagen onder om de<br \/>\nsnippers op te vangen. De deflector is tot 60\u00b0 aanpasbaar om de hoogte van het<br \/>\nuitgeworpen materiaal te bepalen. De 750 is perfect gebalanceerd en staat op een<br \/>\nrobuust frame met twee luchtbanden. Door middel van de dubbele beugels op de<br \/>\ninvoer is de machine gemakkelijk te verplaatsen. Op het frame is een noodstop<br \/>\ngemonteerd die de motor direct stopt in noodsituaties.<\/p>\n<p>Ook heeft de 750 een inklapstand waarbij de invoer achterover gekanteld kan<br \/>\nworden om n\u00f3g minder plek in te nemen in de opslag. Bovendien vergemakkelijkt de<br \/>\ninklapstand het onderhoud aan de machine, zoals bij het vervangen van de<br \/>\nmessen.<\/p>","protected":false},"featured_media":133090,"comment_status":"open","ping_status":"closed","template":"","meta":{"_acf_changed":false},"product_brand":[],"product_cat":[2352],"product_tag":[],"class_list":{"0":"post-120241","1":"product","2":"type-product","3":"status-publish","4":"has-post-thumbnail","6":"product_cat-hakselaar","8":"first","9":"instock","10":"shipping-taxable","11":"purchasable","12":"product-type-simple"},"acf":{"media":{"afbeelding_1":131422,"afbeelding_2":131423,"afbeelding_3":"","afbeelding_4":"","afbeelding_5":"","video":"https:\/\/www.youtube.com\/watch?v=xJQ-3n0IDXU","video_thumbnail":131422},"de":{"titel_en":"","omschrijving_de":"\r\n<p>Der 750 hat die gleichen kompakten Abmessungen wie der 600, aber noch mehr \r\nKapazit\u00e4t durch ein breiteres und schwereres Rotorsystem. Der H\u00e4cksler ist mit \r\neinem starken 8.4 PS Honda Motor und direktem Getriebe zum H\u00e4ckselsystem \r\nausgestattet.<\/p>\r\n<p>\u00c4ste bis 7 cm werden automatisch eingezogen und m\u00fchelos zerkleinert, wodurch \r\nein sch\u00f6ner h\u00e4ckselgut entsteht. Das zerkleinerte Material ist ideal als \r\nBodendecker oder Hinterf\u00fcllung von Beeten und Gartenwegen. Es ist auch m\u00f6glich, \r\ngleichzeitig Bl\u00e4tter und anderes weiches Material in die Maschine zu geben, \r\nsodass Gartenabf\u00e4lle als Mulch oder Kompost wiederverwendet werden k\u00f6nnen.<\/p>\r\n<p>Bei einer Auswurfh\u00f6he von 77 cm passt problemlos eine Schubkarre darunter, um \r\ndie Sp\u00e4ne aufzufangen. Der Deflektor ist bis zu 60\u00b0 verstellbar, um die H\u00f6he des \r\nausgeworfenen Materials zu bestimmen. Der 750 ist perfekt ausbalanciert und \r\nsteht auf einem robusten Rahmen mit zwei Luftreifen. Durch die Doppelhalterungen \r\nam Eingang l\u00e4sst sich die Maschine leicht bewegen. Am Rahmen ist einem Not-Aus \r\nmontiert, der den Motor in Notsituationen sofort stoppt.<\/p>\r\n<p>Der 750 verf\u00fcgt au\u00dferdem \u00fcber eine Klappfunktion, in der der Einfuhr nach \r\nhinten gekippt werden kann, um Platz bei der Lagerung zu sparen. Au\u00dferdem \r\nerleichtert die Klappstellung die Wartung der Maschine, z. B. das Auswechseln \r\nder Messer.<\/p>","specs_overview_de":"\r\n<ul>\r\n  <li>H\u00e4cksler 750 <\/li>\r\n  <li>Honda GX270 Motor <\/li>\r\n  <li>8.4 PS <\/li>\r\n  <li>Astst\u00e4rke bis 7 cm<\/li><\/ul>","specs_de":"\r\n<ul>\r\n  <li><span class=\"MsoNormal\">Motor: Honda GX270<\/span><\/li>\r\n  <li><span class=\"MsoNormal\">Leistung: 8.4 PS \/ 6.3 kW<?xml:namespace prefix=\"o\" \/><o:p><\/o:p><\/span><\/li>\r\n  <li><span class=\"MsoNormal\">Verdr\u00e4ngung: 270 cc<o:p><\/o:p><\/span><\/li>\r\n  <li><span class=\"MsoNormal\">Tankkapazit\u00e4t: 5.3 l<o:p><\/o:p><\/span><\/li>\r\n  <li><span class=\"MsoNormal\">Kraftstoff: Euro98 (E5)<o:p><\/o:p><\/span><\/li>\r\n  <li><span class=\"MsoNormal\">\u00d6lsensor<o:p><\/o:p><\/span><\/li>\r\n  <li><span class=\"MsoNormal\">Max. Astst\u00e4rke: 7 cm<o:p><\/o:p><\/span><\/li>\r\n  <li><span class=\"MsoNormal\">H\u00f6he der Einfuhr: 113 cm<o:p><\/o:p><\/span><\/li>\r\n  <li><span class=\"MsoNormal\">Abmessungen Einfuhr: 25 x 31 \r\n  cm<o:p><\/o:p><\/span><\/li>\r\n  <li><span class=\"MsoNormal\">Auswurfh\u00f6he: 85 cm<o:p><\/o:p><\/span><\/li>\r\n  <li><span class=\"MsoNormal\">Auswurfrichtung: Hinten<o:p><\/o:p><\/span><\/li>\r\n  <li><span class=\"MsoNormal\">Deflektor: stufenlos einstellbar bis zu \r\n  60\u00b0<o:p><\/o:p><\/span><\/li>\r\n  <li><span class=\"MsoNormal\"><span lang=\"EN-GB\" style=\"mso-ansi-language: EN-GB\">Not-Aus<o:p><\/o:p><\/span><\/span><\/li>\r\n  <li><span class=\"MsoNormal\"><span lang=\"EN-GB\" style=\"mso-ansi-language: EN-GB\">Raddurchmesser: 26 \r\n  cm<o:p><\/o:p><\/span><\/span><\/li>\r\n  <li><span class=\"MsoNormal\"><span lang=\"EN-GB\" style=\"mso-ansi-language: EN-GB\">R\u00e4der mit \r\n  Kugellagern<o:p><\/o:p><\/span><\/span><\/li>\r\n  <li><span class=\"MsoNormal\"><span lang=\"EN-GB\" style=\"mso-ansi-language: EN-GB\">PRO Messer + 1 Gegen \r\n  Messer<o:p><\/o:p><\/span><\/span><\/li>\r\n  <li><span class=\"MsoNormal\"><span lang=\"EN-GB\" style=\"mso-ansi-language: EN-GB\">Abmessungen (L x B x H): 182 x 63 x 148 \r\n  cm<o:p><\/o:p><\/span><\/span><\/li>\r\n  <li><span class=\"MsoNormal\"><span lang=\"EN-GB\" style=\"mso-ansi-language: EN-GB\">Gewicht: 88 \r\nkg<\/span><\/span><\/li><\/ul>"},"nl":{"specs_overview_nl":"\r\n<ul>\r\n  <li>Houtversnipperaar 750 <\/li>\r\n  <li>Honda GX270 motor <\/li>\r\n  <li>8.4 pk <\/li>\r\n  <li>Diameter takken tot 7 cm<\/li><\/ul>"},"cat":"HAKS","attributes":[{"attribute_acf":"dwactie","term_acf":"False"},{"attribute_acf":"dwartcat_code","term_acf":"HAKS"},{"attribute_acf":"dwcompo","term_acf":"False"},{"attribute_acf":"dwctwebsupgrp_code","term_acf":"HAKS"},{"attribute_acf":"dwfpagekeurd","term_acf":"False"},{"attribute_acf":"dwhaksmotor_code","term_acf":"BENZINE"},{"attribute_acf":"dwhaksserie_code","term_acf":"750"},{"attribute_acf":"dwhakstakdia_code","term_acf":"7"},{"attribute_acf":"dwhaksuitvoer","term_acf":"False"},{"attribute_acf":"dwhaksverpl_code","term_acf":"HAND"},{"attribute_acf":"dwleveringdealer","term_acf":"True"},{"attribute_acf":"dwnieuw","term_acf":"False"},{"attribute_acf":"dwonderdelentekening","term_acf":"True"},{"attribute_acf":"dwpriority","term_acf":"994"},{"attribute_acf":"dwseizoen","term_acf":"False"},{"attribute_acf":"dwvijlbaar","term_acf":"False"},{"attribute_acf":"dwvozinclhoes","term_acf":"False"},{"attribute_acf":"dwvzinclhoes","term_acf":"False"},{"attribute_acf":"dwyoutube","term_acf":"xJQ-3n0IDXU"},{"attribute_acf":"dwzichtbaarparticulier","term_acf":"True"},{"attribute_acf":"dwzichtbaarwebsite","term_acf":"True"},{"attribute_acf":"lift","term_acf":"False"}],"elynx_update_at":"2026-03-18T04:47:43.703Z"},"_links":{"self":[{"href":"https:\/\/b2c.gtmdev.nl\/en\/wp-json\/wp\/v2\/product\/120241","targetHints":{"allow":["GET"]}}],"collection":[{"href":"https:\/\/b2c.gtmdev.nl\/en\/wp-json\/wp\/v2\/product"}],"about":[{"href":"https:\/\/b2c.gtmdev.nl\/en\/wp-json\/wp\/v2\/types\/product"}],"replies":[{"embeddable":true,"href":"https:\/\/b2c.gtmdev.nl\/en\/wp-json\/wp\/v2\/comments?post=120241"}],"wp:featuredmedia":[{"embeddable":true,"href":"https:\/\/b2c.gtmdev.nl\/en\/wp-json\/wp\/v2\/media\/133090"}],"wp:attachment":[{"href":"https:\/\/b2c.gtmdev.nl\/en\/wp-json\/wp\/v2\/media?parent=120241"}],"wp:term":[{"taxonomy":"product_brand","embeddable":true,"href":"https:\/\/b2c.gtmdev.nl\/en\/wp-json\/wp\/v2\/product_brand?post=120241"},{"taxonomy":"product_cat","embeddable":true,"href":"https:\/\/b2c.gtmdev.nl\/en\/wp-json\/wp\/v2\/product_cat?post=120241"},{"taxonomy":"product_tag","embeddable":true,"href":"https:\/\/b2c.gtmdev.nl\/en\/wp-json\/wp\/v2\/product_tag?post=120241"}],"curies":[{"name":"wp","href":"https:\/\/api.w.org\/{rel}","templated":true}]}}