
{"id":132318,"date":"2026-02-19T14:19:00","date_gmt":"2026-02-19T14:19:00","guid":{"rendered":"https:\/\/b2c.gtmdev.nl\/product\/invasieve-exoten-trekker\/"},"modified":"2026-03-18T06:00:48","modified_gmt":"2026-03-18T06:00:48","slug":"invasieve-exoten-trekker","status":"publish","type":"product","link":"https:\/\/b2c.gtmdev.nl\/en\/product\/invasieve-exoten-trekker\/","title":{"rendered":"Invasieve Exoten Trekker"},"content":{"rendered":"<ul>\n<li>Max. stamdiameter: 8 cm\n  <\/li>\n<li>3-traps hefboomconstructie\n  <\/li>\n<li>Mechanisch voordeel 10:1\n  <\/li>\n<li>Soft grip handgreep\n  <\/li>\n<li>Afmetingen: 45 x 24 x 145 cm\n  <\/li>\n<li>Gewicht: 10,5 kg<\/li>\n<\/ul>","protected":false},"excerpt":{"rendered":"<p>De Invasieve Exoten Trekker van GTM Professional is een slim ontworpen<br \/>\nproduct dat invasieve exoten en andere meerjarige houtige gewassen effectief<br \/>\naanpakt, met respect voor de omliggende vegetatie.<\/p>\n<p>Dankzij de doordachte<br \/>\n3-traps hefboomconstructie biedt deze bomentrekker een mechanisch voordeel van<br \/>\nmaar liefst 10:1. Hierdoor kunnen planten met een stamdiameter tot 8 centimeter<br \/>\nmoeiteloos worden verwijderd, zonder schade toe te brengen aan nabijgelegen<br \/>\nwortels of planten.<\/p>\n<p>De robuuste, duurzame materialen garanderen jarenlang<br \/>\ngebruik, terwijl het ergonomische design de belasting op de rug aanzienlijk<br \/>\nvermindert. Op die manier combineert de Invasieve Exoten Trekker kracht,<br \/>\ncontrole en gebruiksgemak in \u00e9\u00e9n betrouwbaar hulpmiddel.<\/p>\n<p>Met het<br \/>\nafneembare blokje kunnen ook smallere stammen en jonge zaailingen gecontroleerd<br \/>\nuitgetrokken worden. Zo kan het toestel zowel lichte als zwaardere vegetatie<br \/>\nprobleemloos aan. Daarnaast is ook de hendel los te halen, waardoor de Invasieve<br \/>\nExoten Trekker eenvoudig kan worden vervoerd of opgeborgen.<\/p>\n<p><strong>IN<br \/>\nBELGI\u00cb UITSLUITEND VERKRIJGBAAR VIA<\/strong>:<br \/><a href=\"https:\/\/shop.condorsafety.be\/nl\/exotenverwijderaar-condorclaw\" target=\"_blank\">https:\/\/shop.condorsafety.be\/nl\/exotenverwijderaar-condorclaw<\/a><\/p>","protected":false},"featured_media":132315,"comment_status":"open","ping_status":"closed","template":"","meta":{"_acf_changed":false},"product_brand":[],"product_cat":[2350],"product_tag":[],"class_list":{"0":"post-132318","1":"product","2":"type-product","3":"status-publish","4":"has-post-thumbnail","6":"product_cat-elephants-trunk","8":"first","9":"onbackorder","10":"shipping-taxable","11":"purchasable","12":"product-type-simple"},"acf":{"media":{"afbeelding_1":"","afbeelding_2":"","afbeelding_3":"","afbeelding_4":"","afbeelding_5":"","video":"","video_thumbnail":""},"de":{"titel_en":"","omschrijving_de":"Der GTM Professional Invasive Baumzieher ist ein durchdachtes Produkt, das \r\ninvasive, exotische Arten und andere mehrj\u00e4hrige Geh\u00f6lze effektiv und schonend \r\nzur umliegenden Vegetation entfernt.<br \/><br \/>Dank seines durchdachten 3-stufigen \r\nHebelmechanismus bietet der Invasive Baumzieher eine mechanische \u00dcbersetzung von \r\nmindestens 10:1. Dadurch lassen sich Pflanzen mit einem<br \/>Stammdurchmesser von \r\nbis zu 8 Zentimetern m\u00fchelos entfernen, ohne benachbarte Wurzeln oder Pflanzen \r\nzu besch\u00e4digen.<br \/><br \/>Die robusten und langlebigen Materialien garantieren \r\njahrelange Nutzung, w\u00e4hrend das ergonomische Design die Belastung des R\u00fcckens \r\ndeutlich reduziert. So vereint der Invasive Baumzieher Kraft, Kontrolle und \r\nBenutzerfreundlichkeit in einem zuverl\u00e4ssigen Werkzeug.<br \/><br \/>Mit den \r\nabnehmbaren Bl\u00f6cken k\u00f6nnen auch schmalere St\u00e4mme und junge S\u00e4mlinge kontrolliert \r\nherausgezogen werden. So kann das Ger\u00e4t sowohl leichte als auch schwerere \r\nVegetation problemlos bew\u00e4ltigen. Dar\u00fcber hinaus l\u00e4sst sich auch der Hebel \r\nabnehmen, wodurch den Invasive Baumzieher einfach transportiert oder \r\nverstaut werden kann.","specs_overview_de":"\r\n<ul>\r\n  <li>Ergonomischer Baumzieher<\/li>\r\n  <li>F\u00fcr St\u00e4mme bis 8 cm Durchmesser<\/li>\r\n  <li>3-stufige Hebelbet\u00e4tigung<\/li>\r\n  <li>Gewicht: 10,5 kg<\/li><\/ul>","specs_de":"\r\n<ul>\r\n  <li>Maximaler Stammdurchmesser: 8 cm\r\n  <\/li><li>3-stufige Hebelbet\u00e4tigung\r\n  <\/li><li>Mechanische \u00dcbersetzung 10:1\r\n  <\/li><li>Softgrip-Griff \r\n  <\/li><li>Abmessungen: 45 x 24 x 145 cm \r\n  <\/li><li>Gewicht: 10,5 kg<\/li><\/ul>"},"nl":{"specs_overview_nl":"\r\n<ul>\r\n  <li>Ergonomische bomentrekker\r\n  <\/li><li>Voor stammen tot 8 cm\r\n  <\/li><li>3-traps hefboomconstructie\r\n  <\/li><li>Gewicht: 10,5 kg<\/li><\/ul>"},"cat":"ET","attributes":[{"attribute_acf":"dwactie","term_acf":"False"},{"attribute_acf":"dwartcat_code","term_acf":"ET"},{"attribute_acf":"dwcompo","term_acf":"False"},{"attribute_acf":"dwctwebhfdgrp_code","term_acf":"TUIN"},{"attribute_acf":"dwctwebsupgrp_code","term_acf":"ETRUNK"},{"attribute_acf":"dwfpagekeurd","term_acf":"False"},{"attribute_acf":"dwhaksuitvoer","term_acf":"False"},{"attribute_acf":"dwleveringdealer","term_acf":"False"},{"attribute_acf":"dwnieuw","term_acf":"True"},{"attribute_acf":"dwonderdelentekening","term_acf":"False"},{"attribute_acf":"dwseizoen","term_acf":"False"},{"attribute_acf":"dwvijlbaar","term_acf":"False"},{"attribute_acf":"dwvozinclhoes","term_acf":"False"},{"attribute_acf":"dwvzinclhoes","term_acf":"False"},{"attribute_acf":"dwyoutube","term_acf":"4FGy6H3r_mo"},{"attribute_acf":"dwzichtbaarparticulier","term_acf":"True"},{"attribute_acf":"dwzichtbaarwebsite","term_acf":"True"},{"attribute_acf":"lift","term_acf":"False"}],"elynx_update_at":"2026-03-18T04:44:54.528Z"},"_links":{"self":[{"href":"https:\/\/b2c.gtmdev.nl\/en\/wp-json\/wp\/v2\/product\/132318","targetHints":{"allow":["GET"]}}],"collection":[{"href":"https:\/\/b2c.gtmdev.nl\/en\/wp-json\/wp\/v2\/product"}],"about":[{"href":"https:\/\/b2c.gtmdev.nl\/en\/wp-json\/wp\/v2\/types\/product"}],"replies":[{"embeddable":true,"href":"https:\/\/b2c.gtmdev.nl\/en\/wp-json\/wp\/v2\/comments?post=132318"}],"wp:featuredmedia":[{"embeddable":true,"href":"https:\/\/b2c.gtmdev.nl\/en\/wp-json\/wp\/v2\/media\/132315"}],"wp:attachment":[{"href":"https:\/\/b2c.gtmdev.nl\/en\/wp-json\/wp\/v2\/media?parent=132318"}],"wp:term":[{"taxonomy":"product_brand","embeddable":true,"href":"https:\/\/b2c.gtmdev.nl\/en\/wp-json\/wp\/v2\/product_brand?post=132318"},{"taxonomy":"product_cat","embeddable":true,"href":"https:\/\/b2c.gtmdev.nl\/en\/wp-json\/wp\/v2\/product_cat?post=132318"},{"taxonomy":"product_tag","embeddable":true,"href":"https:\/\/b2c.gtmdev.nl\/en\/wp-json\/wp\/v2\/product_tag?post=132318"}],"curies":[{"name":"wp","href":"https:\/\/api.w.org\/{rel}","templated":true}]}}