
{"id":132947,"date":"2026-02-28T06:01:03","date_gmt":"2026-02-28T06:01:03","guid":{"rendered":"https:\/\/b2c.gtmdev.nl\/product\/gtrd500-f-loncin-zonder-kiepsysteem\/"},"modified":"2026-03-18T06:02:45","modified_gmt":"2026-03-18T06:02:45","slug":"gtrd500-f-loncin-zonder-kiepsysteem","status":"publish","type":"product","link":"https:\/\/b2c.gtmdev.nl\/en\/product\/gtrd500-f-loncin-zonder-kiepsysteem\/","title":{"rendered":"GTRD500-F Loncin (zonder kiepsysteem)"},"content":{"rendered":"<ul>\n<li>Motor: Loncin G200F&nbsp;<\/li>\n<li>Vermogen: 6 pk \/ 4.4 kW&nbsp;<\/li>\n<li>Cilinderinhoud: 196 cc&nbsp;<\/li>\n<li>Tankinhoud: 3.8 l&nbsp;<\/li>\n<li>Brandstof: Euro98 (E5)&nbsp;<\/li>\n<li>Max. laadvermogen: 500 kg<\/li>\n<li>Gemiddeld laadvolume: 200-370 l<\/li>\n<li>Aantal versnellingen: 3 x vooruit en 1 x achteruit&nbsp;<\/li>\n<li>Max. snelheid: 4,5 km\/u&nbsp;<\/li>\n<li>Breedte rupsbanden: 18 cm&nbsp;<\/li>\n<li>Afmetingen (l x b x h): 174 x 80 x 117 cm&nbsp;<\/li>\n<li>Gewicht: 285 kg<\/li>\n<\/ul>","protected":false},"excerpt":{"rendered":"<p>De GTRD500-F heeft een multifunctionele platte bak om een diversiteit aan<br \/>\nmateriaal te vervoeren. De dubbele zijwanden (50 cm hoog) bieden een extra groot<br \/>\nlaadvermogen, handig voor bijvoorbeeld graszoden of houtsnippers. Gebruik de bak<br \/>\nmet een enkele laag zijwanden (25 cm hoog) om bijvoorbeeld houtstammen eenvoudig<br \/>\nin en uit te laden. Bovendien zijn de onderste zijwanden uitklapbaar voor een<br \/>\nextra groot laadoppervlak. Op die manier kun je zelfs een europallet<br \/>\nvervoeren.<\/p>\n<p>Deze transporter met vaste platte bak heeft is voorzien van<br \/>\neen sterke Loncin 200F motor. De GTRD500-F heeft een maximale snelheid van 4,5<br \/>\nkm per uur, met 3 versnellingen vooruit en 1 achteruit. De 18 cm brede<br \/>\nrupsbanden zijn ideaal voor drassig of ruw terrein.<\/p>\n<p>Wanneer je al in het<br \/>\nbezit bent van een GTM Professional houtversnipperaar op rupsbanden (1300R of<br \/>\n1800R), dan kun je deze machine eenvoudig ombouwen tot transporter. Hiervoor<br \/>\nbieden wij de platte bak los aan, met of zonder hydrokit.<\/p>","protected":false},"featured_media":132944,"comment_status":"open","ping_status":"closed","template":"","meta":{"_acf_changed":false},"product_brand":[],"product_cat":[2354],"product_tag":[],"class_list":{"0":"post-132947","1":"product","2":"type-product","3":"status-publish","4":"has-post-thumbnail","6":"product_cat-dumpers","8":"first","9":"onbackorder","10":"shipping-taxable","11":"purchasable","12":"product-type-simple"},"acf":{"media":{"afbeelding_1":null,"afbeelding_2":null,"afbeelding_3":null,"afbeelding_4":null,"afbeelding_5":null,"video":null,"video_thumbnail":null},"de":{"titel_en":"","omschrijving_de":"Der GTRD500-F verf\u00fcgt \u00fcber eine multifunktionale Pritsche zum Transport \r\nunterschiedlichster Materialien. Die doppelten Seitenw\u00e4nde (50 cm hoch) bieten \r\nein besonders gro\u00dfes Ladevolumen, beispielsweise f\u00fcr Rasen oder Holzsp\u00e4ne. \r\nNutzen Sie den Container mit einlagigen Seitenw\u00e4nden (25 cm hoch) zum einfachen \r\nBe- und Entladen von Holzst\u00e4mmen. Dar\u00fcber hinaus lassen sich die unteren \r\nSeitenw\u00e4nde f\u00fcr eine extra gro\u00dfe Ladefl\u00e4che ausklappen. Sogar eine Europalette \r\nk\u00f6nnen Sie auf diese Weise transportieren.<br \/><br \/>Dieses Raupenfahrwerk mit \r\nfester Flachmulde ist mit einem starken Loncin 200F-Motor ausgestattet. Die \r\nMaschine hat eine H\u00f6chstgeschwindigkeit von 4,5 km\/h, mit 3 Vorw\u00e4rtsg\u00e4ngen und 1 \r\nR\u00fcckw\u00e4rtsgang. Die 18 cm breiten Raupen sind ideal f\u00fcr sumpfiges oder unwegsames \r\nGel\u00e4nde.<br \/><br \/>Wenn Sie bereits einen GTM Professional H\u00e4cksler auf Raupen \r\n(1300R oder 1800R) besitzen, k\u00f6nnen Sie diese Maschine problemlos in einen \r\nFlachmulde auf Raupen umbauen. Hierf\u00fcr bieten wir ein Flachmulde mit oder ohne \r\nHydro-Kit an.<br \/>","specs_overview_de":"\r\n<ul>\r\n  <li>Raupenfahrwerk mit fester Flachmulde  <\/li>\r\n  <li>Loncin G200F Motor  <\/li>\r\n  <li>Ohne Kippsystem  <\/li>\r\n  <li>Tragf\u00e4higkeit bis 500 kg<\/li><\/ul>","specs_de":"\r\n<ul>\r\n  <li>Motor: Loncin G200F <\/li>\r\n  <li>Leistung: 6 Ps \/ 4.4 kW <\/li>\r\n  <li>Verdr\u00e4ngung: 196 cc <\/li>\r\n  <li>Tankkapazit\u00e4t: 3.8 l <\/li>\r\n  <li>Kraftstoff: Euro98 (E5) <\/li>\r\n  <li>Max. Tragf\u00e4higkeit: 500 kg<\/li>\r\n  <li>Durchschnittliches Ladevolumen: 200\u2013370 l<\/li>\r\n  <li>Anzahl der G\u00e4nge: 3 x vorw\u00e4rts und 1 x r\u00fcckw\u00e4rts  <\/li>\r\n  <li>Max. Geschwindigkeit: 4.5 km\/S <\/li>\r\n  <li>Breite der Raupen: 18 cm <\/li>\r\n  <li>Abmessungen (L x B x H): 174 x 80 x 117 cm<\/li>\r\n  <li>Gewicht: 285 kg<\/li><\/ul>"},"nl":{"specs_overview_nl":"\r\n<ul>\r\n  <li>Transporter platte bak <\/li>\r\n  <li>Loncin G200F motor  <\/li>\r\n  <li>Zonder kiepsysteem  <\/li>\r\n  <li>Laadvermogen tot 500 kg<\/li><\/ul>"},"cat":"DUMP","attributes":[{"attribute_acf":"dwactie","term_acf":"False"},{"attribute_acf":"dwartcat_code","term_acf":"DUMP"},{"attribute_acf":"dwcompo","term_acf":"False"},{"attribute_acf":"dwctwebsupgrp_code","term_acf":"DUMP"},{"attribute_acf":"dwfpagekeurd","term_acf":"False"},{"attribute_acf":"dwhaksuitvoer","term_acf":"False"},{"attribute_acf":"dwleveringdealer","term_acf":"False"},{"attribute_acf":"dwnieuw","term_acf":"True"},{"attribute_acf":"dwonderdelentekening","term_acf":"False"},{"attribute_acf":"dwpriority","term_acf":"0"},{"attribute_acf":"dwseizoen","term_acf":"False"},{"attribute_acf":"dwvijlbaar","term_acf":"False"},{"attribute_acf":"dwvozinclhoes","term_acf":"False"},{"attribute_acf":"dwvzinclhoes","term_acf":"False"},{"attribute_acf":"dwyoutube","term_acf":"oMecAzoc0Ss"},{"attribute_acf":"dwzichtbaarparticulier","term_acf":"True"},{"attribute_acf":"dwzichtbaarwebsite","term_acf":"True"},{"attribute_acf":"lift","term_acf":"False"}],"elynx_update_at":"2026-03-18T04:56:07.088Z"},"_links":{"self":[{"href":"https:\/\/b2c.gtmdev.nl\/en\/wp-json\/wp\/v2\/product\/132947","targetHints":{"allow":["GET"]}}],"collection":[{"href":"https:\/\/b2c.gtmdev.nl\/en\/wp-json\/wp\/v2\/product"}],"about":[{"href":"https:\/\/b2c.gtmdev.nl\/en\/wp-json\/wp\/v2\/types\/product"}],"replies":[{"embeddable":true,"href":"https:\/\/b2c.gtmdev.nl\/en\/wp-json\/wp\/v2\/comments?post=132947"}],"wp:featuredmedia":[{"embeddable":true,"href":"https:\/\/b2c.gtmdev.nl\/en\/wp-json\/wp\/v2\/media\/132944"}],"wp:attachment":[{"href":"https:\/\/b2c.gtmdev.nl\/en\/wp-json\/wp\/v2\/media?parent=132947"}],"wp:term":[{"taxonomy":"product_brand","embeddable":true,"href":"https:\/\/b2c.gtmdev.nl\/en\/wp-json\/wp\/v2\/product_brand?post=132947"},{"taxonomy":"product_cat","embeddable":true,"href":"https:\/\/b2c.gtmdev.nl\/en\/wp-json\/wp\/v2\/product_cat?post=132947"},{"taxonomy":"product_tag","embeddable":true,"href":"https:\/\/b2c.gtmdev.nl\/en\/wp-json\/wp\/v2\/product_tag?post=132947"}],"curies":[{"name":"wp","href":"https:\/\/api.w.org\/{rel}","templated":true}]}}