
{"id":55,"date":"2022-12-08T16:00:28","date_gmt":"2022-12-08T16:00:28","guid":{"rendered":"https:\/\/b2c.leadway.dev\/?page_id=55"},"modified":"2023-11-16T12:30:07","modified_gmt":"2023-11-16T12:30:07","slug":"rendement-gtm-hakselaar","status":"publish","type":"page","link":"https:\/\/b2c.gtmdev.nl\/fr\/rendement-gtm-hakselaar\/","title":{"rendered":"Le retour sur investissement de GTM Professional"},"content":{"rendered":"<h2 class=\"wp-block-heading\">Une question de temps, d'argent et d'espace<\/h2>\n\n\n\n<p>En tant que jardinier ou arboriste, vous emportez souvent un \u00e9quipement cons\u00e9quent sur vos chantiers. Vous voulez tout avoir \u00e0 port\u00e9e de main, bien s\u00fbr, et cela remplit vite votre camionnette ou votre remorque. Alors, qu'en est-il d'un broyeur de branches ? Un tel appareil repr\u00e9sente un investissement cons\u00e9quent, et il faut aussi d\u00e9gager de l'espace pour l'accueillir. Mais qu'est-ce qu'il offre exactement ?<\/p>\n\n\n\n<h2 class=\"wp-block-heading\">Acheter ou louer un broyeur<\/h2>\n\n\n\n<p>Si vous envisagez d'acheter votre propre broyeur de branches, GTM Professional vous garantit un investissement durable. Nos machines offrent un excellent rapport qualit\u00e9-prix et n\u00e9cessitent un entretien minimal. Les professionnels qui poss\u00e8dent un broyeur GTM confirment les avantages de faibles co\u00fbts d'entretien. De plus, toutes les pi\u00e8ces sont disponibles en stock chez votre revendeur local.<\/p>\n\n\n\n<p>Si vous \u00eates un entrepreneur d\u00e9butant ou un jardinier polyvalent qui n'a besoin d'un broyeur que quelques fois par an, il est probablement plus judicieux de louer la machine. Avantage suppl\u00e9mentaire : vous n'aurez pas \u00e0 vous soucier de l'entretien ni du stockage.<\/p>\n\n\n\n<p><strong>Avec plus de 30 machines diff\u00e9rentes, il existe un broyeur de branches adapt\u00e9 \u00e0 chaque entrepreneur et \u00e0 chaque budget<\/strong>. Hulp nodig met kiezen? Bekijk onze Chipper Chooser om binnen enkele vragen jouw ideale machine te vinden.<\/p>\n\n\n\n<figure class=\"wp-block-image size-large\"><img loading=\"lazy\" decoding=\"async\" width=\"1024\" height=\"683\" src=\"http:\/\/b2c.gtmdev.nl\/wp-content\/uploads\/2023\/03\/Rendement-optie3-1024x683.jpg\" alt=\"\" class=\"wp-image-140\" srcset=\"https:\/\/b2c.gtmdev.nl\/wp-content\/uploads\/2023\/03\/Rendement-optie3-1024x683.jpg 1024w, https:\/\/b2c.gtmdev.nl\/wp-content\/uploads\/2023\/03\/Rendement-optie3-300x200.jpg 300w, https:\/\/b2c.gtmdev.nl\/wp-content\/uploads\/2023\/03\/Rendement-optie3-768x512.jpg 768w, https:\/\/b2c.gtmdev.nl\/wp-content\/uploads\/2023\/03\/Rendement-optie3-1536x1024.jpg 1536w, https:\/\/b2c.gtmdev.nl\/wp-content\/uploads\/2023\/03\/Rendement-optie3-2048x1365.jpg 2048w, https:\/\/b2c.gtmdev.nl\/wp-content\/uploads\/2023\/03\/Rendement-optie3-18x12.jpg 18w, https:\/\/b2c.gtmdev.nl\/wp-content\/uploads\/2023\/03\/Rendement-optie3-600x400.jpg 600w, https:\/\/b2c.gtmdev.nl\/wp-content\/uploads\/2023\/03\/Rendement-optie3-scaled.jpg 2560w\" sizes=\"auto, (max-width: 1024px) 100vw, 1024px\" \/><\/figure>\n\n\n\n<h2 class=\"wp-block-heading\">Petit investissement, gros profit<\/h2>\n\n\n\n<p>Les branches sont loin d'\u00eatre faciles \u00e0 \u00e9liminer. Imaginez le gain de temps et d'espace que vous pourriez gagner en les d\u00e9chiquetant sur place. Et si les copeaux sont de bonne qualit\u00e9, vous pouvez souvent convaincre le client de les laisser dans le jardin comme paillis ou couvre-sol.<\/p>\n\n\n\n<p>Les puissants broyeurs de GTM Professional sont suffisamment compacts pour \u00eatre transport\u00e9s dans une camionnette ou une remorque. Avec une largeur maximale de seulement 77 cm, tous nos broyeurs mobiles s'int\u00e8grent facilement au fond de votre jardin. Ainsi, tous les d\u00e9chets de taille sont trait\u00e9s imm\u00e9diatement, que vous travailliez dans un espace public ou dans un petit jardin. <strong>Fini les branches tra\u00een\u00e9es, gagnez du temps et de l'argent<\/strong>.<\/p>\n\n\n\n<h2 class=\"wp-block-heading\">Vitesse de travail et le volume<\/h2>\n\n\n\n<h3 class=\"wp-block-heading\">Une machine puissante, qu'est-ce que cela signifie r\u00e9ellement ?<\/h3>\n\n\n\n<p>La puissance de traction agressive et les lames tranchantes de notre syst\u00e8me de broyage garantissent une extraction des branches sans effort. Ce syst\u00e8me de broyage \u00e0 rotor efficace et la large entr\u00e9e de nos machines garantissent une vitesse de travail \u00e9lev\u00e9e. Ins\u00e9rez la branche, rel\u00e2chez-la, et c'est parti ! Vous aurez rapidement une brouette ou une remorque remplie de copeaux !<\/p>\n\n\n\n<figure class=\"wp-block-image size-large\"><img loading=\"lazy\" decoding=\"async\" width=\"1024\" height=\"724\" src=\"http:\/\/b2c.gtmdev.nl\/wp-content\/uploads\/2023\/03\/Grafiek-capaciteit_2023-1024x724.png\" alt=\"\" class=\"wp-image-137\" srcset=\"https:\/\/b2c.gtmdev.nl\/wp-content\/uploads\/2023\/03\/Grafiek-capaciteit_2023-1024x724.png 1024w, https:\/\/b2c.gtmdev.nl\/wp-content\/uploads\/2023\/03\/Grafiek-capaciteit_2023-300x212.png 300w, https:\/\/b2c.gtmdev.nl\/wp-content\/uploads\/2023\/03\/Grafiek-capaciteit_2023-768x543.png 768w, https:\/\/b2c.gtmdev.nl\/wp-content\/uploads\/2023\/03\/Grafiek-capaciteit_2023-1536x1086.png 1536w, https:\/\/b2c.gtmdev.nl\/wp-content\/uploads\/2023\/03\/Grafiek-capaciteit_2023-2048x1448.png 2048w, https:\/\/b2c.gtmdev.nl\/wp-content\/uploads\/2023\/03\/Grafiek-capaciteit_2023-18x12.png 18w, https:\/\/b2c.gtmdev.nl\/wp-content\/uploads\/2023\/03\/Grafiek-capaciteit_2023-600x424.png 600w, https:\/\/b2c.gtmdev.nl\/wp-content\/uploads\/2023\/03\/Grafiek-capaciteit_2023.png 4959w\" sizes=\"auto, (max-width: 1024px) 100vw, 1024px\" \/><\/figure>\n\n\n\n<p>La quantit\u00e9 exacte de copeaux de bois que vous pouvez produire par heure d\u00e9pend naturellement de plusieurs facteurs, notamment le type de bois, l'environnement et l'op\u00e9rateur. Pour vous donner une id\u00e9e des performances de nos machines, nous les avons test\u00e9es en conditions de travail naturelles, avec un seul op\u00e9rateur et diff\u00e9rentes essences de bois. Le rendement est exprim\u00e9 en m\u00e8tres cubes par heure.<\/p>","protected":false},"excerpt":{"rendered":"<p>Een kwestie van tijd, geld en ruimte Als hovenier of boomverzorger neem je vaak behoorlijk wat materiaal mee naar een klus. Je wilt natuurlijk alles bij de hand hebben en zo zit je bus of aanhangwagen al snel vol. Hoe zit het eigenlijk met een houtversnipperaar? Zo\u2019n machine is toch een hele investering en bovendien [&hellip;]<\/p>\n","protected":false},"author":5,"featured_media":138,"parent":0,"menu_order":4,"comment_status":"closed","ping_status":"closed","template":"","meta":{"_acf_changed":false,"footnotes":""},"class_list":["post-55","page","type-page","status-publish","has-post-thumbnail","hentry"],"acf":[],"_links":{"self":[{"href":"https:\/\/b2c.gtmdev.nl\/fr\/wp-json\/wp\/v2\/pages\/55","targetHints":{"allow":["GET"]}}],"collection":[{"href":"https:\/\/b2c.gtmdev.nl\/fr\/wp-json\/wp\/v2\/pages"}],"about":[{"href":"https:\/\/b2c.gtmdev.nl\/fr\/wp-json\/wp\/v2\/types\/page"}],"author":[{"embeddable":true,"href":"https:\/\/b2c.gtmdev.nl\/fr\/wp-json\/wp\/v2\/users\/5"}],"replies":[{"embeddable":true,"href":"https:\/\/b2c.gtmdev.nl\/fr\/wp-json\/wp\/v2\/comments?post=55"}],"version-history":[{"count":2,"href":"https:\/\/b2c.gtmdev.nl\/fr\/wp-json\/wp\/v2\/pages\/55\/revisions"}],"predecessor-version":[{"id":145,"href":"https:\/\/b2c.gtmdev.nl\/fr\/wp-json\/wp\/v2\/pages\/55\/revisions\/145"}],"wp:featuredmedia":[{"embeddable":true,"href":"https:\/\/b2c.gtmdev.nl\/fr\/wp-json\/wp\/v2\/media\/138"}],"wp:attachment":[{"href":"https:\/\/b2c.gtmdev.nl\/fr\/wp-json\/wp\/v2\/media?parent=55"}],"curies":[{"name":"wp","href":"https:\/\/api.w.org\/{rel}","templated":true}]}}