
{"id":117670,"date":"2024-06-08T06:01:29","date_gmt":"2024-06-08T06:01:29","guid":{"rendered":"https:\/\/b2c.gtmdev.nl\/product\/rugspuit-cobra-20l-extra\/"},"modified":"2026-03-18T03:03:25","modified_gmt":"2026-03-18T03:03:25","slug":"rugspuit-cobra-20l-extra","status":"publish","type":"product","link":"https:\/\/b2c.gtmdev.nl\/fr\/product\/rugspuit-cobra-20l-extra\/","title":{"rendered":"Rugspuit Cobra 20L Extra"},"content":{"rendered":"","protected":false},"excerpt":{"rendered":"<p>Deze lichte rugspuit is verkrijgbaar met 15 liter tank of 20 liter tank en steeds met messing lans. De rugspuit weegt 3.2 kg en is zeer sterk. Hij is handig en instelbaar voor zowel links- als rechtshandigen. Enkele pompslagen zijn voldoende om vele vierkante meters oppervlakte te behandelen. Zowel pompgroep als tank zijn gemaakt van een hoogwaardig kunststof, bestand tegen alle chemische bestrijdingsmiddelen die in de land- en tuinbouw worden gebruikt.<\/p>\n<p><a href=\"\/fr\/pdf\/FCO652001.pdf\/\" target=\"_blank\" rel=\"noopener\">KLIK HIER VOOR DE ONDERDELENTEKENING<\/a><\/p>","protected":false},"featured_media":124890,"comment_status":"open","ping_status":"closed","template":"","meta":{"_acf_changed":false},"product_brand":[],"product_cat":[2345],"product_tag":[],"class_list":{"0":"post-117670","1":"product","2":"type-product","3":"status-publish","4":"has-post-thumbnail","6":"product_cat-water-bodem","8":"first","9":"onbackorder","10":"shipping-taxable","11":"purchasable","12":"product-type-simple"},"acf":{"media":{"afbeelding_1":null,"afbeelding_2":null,"afbeelding_3":null,"afbeelding_4":null,"afbeelding_5":null,"video":null,"video_thumbnail":null},"de":{"titel_en":"","omschrijving_de":"Das Cobra R\u00fcckenspr\u00fchger\u00e4t ist erh\u00e4ltlich mit 15 und 20 L Tank. Dieses leichte Spr\u00fchger\u00e4t von 3.2 kg ist so stabil, da\u00df es auch hohem Druck standh\u00e4lt. Es ist praktisch und ohne Probleme umstellbar auf rechts- und linksh\u00e4ndigen Betrieb. Einige Pumpbewegungen gen\u00fcgen, um viele Quadratmeter Oberfl\u00e4che zu behandeln. Sowohl Pumpeneinheit als auch Tank sind aus hochwertigem Kunststoff hergestellt. \r\nUnempfindlich gegen\u00fcber Unkrautbek\u00e4mpfungsmitteln, wie sie in der Landwirtschaft und im Gartenbau verwendet werden.\r\nErh\u00e4ltlich mit Messingzubeh\u00f6r, wie einem Zwei- oder Dreiwegespr\u00fchkopf, einer Spr\u00fchhaube oder verschiedenen Verl\u00e4ngerungsst\u00fccken.","specs_overview_de":"<!DOCTYPE HTML PUBLIC \"-\/\/W3C\/\/DTD HTML 4.0 Transitional\/\/EN\">\r\n<html><head>\r\n<meta content=\"text\/html; charset=utf-8\" http-equiv=\"Content-Type\" \/>\r\n<\/head>\r\n<body>- Leichtes R\u00fcckenspr\u00fchger\u00e4t<br \/>- Mit 20 Liter Tank<br \/>- Einstellbar f\u00fcr \r\nLinks- und Rechtsh\u00e4nder<br \/>- Gewicht 3,2 kg<\/body><\/html>","specs_de":""},"nl":{"specs_overview_nl":"<!DOCTYPE HTML PUBLIC \"-\/\/W3C\/\/DTD HTML 4.0 Transitional\/\/EN\">\r\n<html><head>\r\n<meta content=\"text\/html; charset=utf-8\" http-equiv=\"Content-Type\" \/>\r\n<\/head>\r\n<body>- Lichtgewicht rugspuit<br \/>- Met 20 liter tank<br \/>- Instelbaar voor links- \r\nen rechtshandigen<br \/>- Gewicht 3,2 kg<\/body><\/html>"},"cat":"W&B","attributes":[{"attribute_acf":"dwactie","term_acf":"False"},{"attribute_acf":"dwartcat_code","term_acf":"W&B"},{"attribute_acf":"dwartsubcat_code","term_acf":"RUGSP"},{"attribute_acf":"dwcompo","term_acf":"False"},{"attribute_acf":"dwctwebsupgrp_code_0","term_acf":"HANDSPUI"},{"attribute_acf":"dwfpagekeurd","term_acf":"False"},{"attribute_acf":"dwhaksuitvoer","term_acf":"False"},{"attribute_acf":"dwleveringdealer","term_acf":"True"},{"attribute_acf":"dwnieuw","term_acf":"False"},{"attribute_acf":"dwonderdelentekening","term_acf":"True"},{"attribute_acf":"dwpriority","term_acf":"0"},{"attribute_acf":"dwrugsptype_code","term_acf":"HAND"},{"attribute_acf":"dwseizoen","term_acf":"False"},{"attribute_acf":"dwvijlbaar","term_acf":"False"},{"attribute_acf":"dwvozinclhoes","term_acf":"False"},{"attribute_acf":"dwvzinclhoes","term_acf":"False"},{"attribute_acf":"dwzichtbaarparticulier","term_acf":"True"},{"attribute_acf":"dwzichtbaarwebsite","term_acf":"True"},{"attribute_acf":"lift","term_acf":"False"}],"elynx_update_at":""},"_links":{"self":[{"href":"https:\/\/b2c.gtmdev.nl\/fr\/wp-json\/wp\/v2\/product\/117670","targetHints":{"allow":["GET"]}}],"collection":[{"href":"https:\/\/b2c.gtmdev.nl\/fr\/wp-json\/wp\/v2\/product"}],"about":[{"href":"https:\/\/b2c.gtmdev.nl\/fr\/wp-json\/wp\/v2\/types\/product"}],"replies":[{"embeddable":true,"href":"https:\/\/b2c.gtmdev.nl\/fr\/wp-json\/wp\/v2\/comments?post=117670"}],"wp:featuredmedia":[{"embeddable":true,"href":"https:\/\/b2c.gtmdev.nl\/fr\/wp-json\/wp\/v2\/media\/124890"}],"wp:attachment":[{"href":"https:\/\/b2c.gtmdev.nl\/fr\/wp-json\/wp\/v2\/media?parent=117670"}],"wp:term":[{"taxonomy":"product_brand","embeddable":true,"href":"https:\/\/b2c.gtmdev.nl\/fr\/wp-json\/wp\/v2\/product_brand?post=117670"},{"taxonomy":"product_cat","embeddable":true,"href":"https:\/\/b2c.gtmdev.nl\/fr\/wp-json\/wp\/v2\/product_cat?post=117670"},{"taxonomy":"product_tag","embeddable":true,"href":"https:\/\/b2c.gtmdev.nl\/fr\/wp-json\/wp\/v2\/product_tag?post=117670"}],"curies":[{"name":"wp","href":"https:\/\/api.w.org\/{rel}","templated":true}]}}