
{"id":119249,"date":"2024-06-08T06:16:08","date_gmt":"2024-06-08T06:16:08","guid":{"rendered":"https:\/\/b2c.gtmdev.nl\/product\/kantensnijder-k-25\/"},"modified":"2026-03-18T06:01:22","modified_gmt":"2026-03-18T06:01:22","slug":"kantensnijder-k-25","status":"publish","type":"product","link":"https:\/\/b2c.gtmdev.nl\/fr\/product\/kantensnijder-k-25\/","title":{"rendered":"Kantensnijder K-25"},"content":{"rendered":"<ul>\n<li>Honda GX25 4-takt motor\n  <\/li>\n<li>25 cc\n  <\/li>\n<li>1.0 pk \/ 0.72 kW\n  <\/li>\n<li>0.58 l tankinhoud\n  <\/li>\n<li>4 tands gehard blad\n  <\/li>\n<li>Haakse overbrenging\n  <\/li>\n<li>Hoogteverstelling 6 posities\n  <\/li>\n<li>Maximale snijdiepte: 8 cm\n  <\/li>\n<li>4 anti-vibratie punten\n  <\/li>\n<li>10&nbsp;kg<\/li>\n<\/ul>","protected":false},"excerpt":{"rendered":"<p>Een handige kantensnijder van GTM Professional voor particulier gebruik. Tijdens het gebruik loopt de maaier op het 4-tandsmes dat van hard staal is gemaakt.<\/p>\n<p>Het loopwiel dient als transportwiel en als hoogte-instelling. De K-25 is zeer solide, handig en wendbaar, maar gaat kaarsrecht als u hem laat gaan. Deze kantensnijder is voorzien van een anti-vibratiesysteem wat een hoog werkcomfort geeft. <\/p>","protected":false},"featured_media":133385,"comment_status":"open","ping_status":"closed","template":"","meta":{"_acf_changed":false},"product_brand":[],"product_cat":[2351],"product_tag":[],"class_list":{"0":"post-119249","1":"product","2":"type-product","3":"status-publish","4":"has-post-thumbnail","6":"product_cat-gazon","8":"first","9":"instock","10":"shipping-taxable","11":"purchasable","12":"product-type-simple"},"acf":{"media":{"afbeelding_1":131360,"afbeelding_2":131361,"afbeelding_3":"","afbeelding_4":"","afbeelding_5":"","video":"","video_thumbnail":""},"de":{"titel_en":"","omschrijving_de":"<p>Ein praktisches Ger\u00e4t f\u00fcr private Anwendung. Der Kantenschneider zieht sich mit dem 4-Zahnigen Messer selbst nach vorne und l\u00e4uft dabei kerzengerade. Das Rad funktioniert als H\u00f6henverstellung. Der K-25 ist zuverl\u00e4ssig, leicht, stark und wendig.<\/p>","specs_overview_de":"\r\n<ul>\r\n  <li>Semiprofessioneller Kantenschneider<\/li>\r\n  <li>Honda GX25 Motor<\/li>\r\n  <li>25,6 cc - 1,07 PS<\/li>\r\n  <li>H\u00f6henverstellbar in 6 Positionen<\/li><\/ul>","specs_de":"\r\n<ul>\r\n  <li>Honda GX25 4-Takt Motor \r\n  <\/li><li>25 cc \r\n  <\/li><li>1.0 PS \/ 0.72 kW \r\n  <\/li><li>0.58 l Tankinhalt \r\n  <\/li><li>4-Zahniges geh\u00e4rtetes Blatt \r\n  <\/li><li>Winkelrechte \u00dcbertragung \r\n  <\/li><li>H\u00f6henverstellung 6 Positionen \r\n  <\/li><li>Maximale Schnitttiefe: 8 cm \r\n  <\/li><li>4 D\u00e4mpfungsgummi's \r\n  <\/li><li>10 Kg<\/li><\/ul>"},"nl":{"specs_overview_nl":"\r\n<ul>\r\n  <li>Semi-professionele kantensnijder <\/li>\r\n  <li>Honda GX25 motor<\/li>\r\n  <li>25,6 cc - 1,07 pk <\/li>\r\n  <li>Hoogte verstelbaar in 6 posities<\/li><\/ul>"},"cat":"GAZON","attributes":[{"attribute_acf":"dwactie","term_acf":"False"},{"attribute_acf":"dwartcat_code","term_acf":"GAZON"},{"attribute_acf":"dwartsubcat_code","term_acf":"KANT"},{"attribute_acf":"dwcompo","term_acf":"False"},{"attribute_acf":"dwctwebhfdgrp_code","term_acf":"TUIN"},{"attribute_acf":"dwctwebsupgrp_code_0","term_acf":"KANT"},{"attribute_acf":"dwfpagekeurd","term_acf":"False"},{"attribute_acf":"dwhaksuitvoer","term_acf":"False"},{"attribute_acf":"dwleveringdealer","term_acf":"True"},{"attribute_acf":"dwnieuw","term_acf":"False"},{"attribute_acf":"dwonderdelentekening","term_acf":"False"},{"attribute_acf":"dwpriority","term_acf":"999"},{"attribute_acf":"dwseizoen","term_acf":"False"},{"attribute_acf":"dwvijlbaar","term_acf":"False"},{"attribute_acf":"dwvozinclhoes","term_acf":"False"},{"attribute_acf":"dwvzinclhoes","term_acf":"False"},{"attribute_acf":"dwzichtbaarparticulier","term_acf":"True"},{"attribute_acf":"dwzichtbaarwebsite","term_acf":"True"},{"attribute_acf":"lift","term_acf":"False"}],"elynx_update_at":"2026-03-18T04:47:49.703Z"},"_links":{"self":[{"href":"https:\/\/b2c.gtmdev.nl\/fr\/wp-json\/wp\/v2\/product\/119249","targetHints":{"allow":["GET"]}}],"collection":[{"href":"https:\/\/b2c.gtmdev.nl\/fr\/wp-json\/wp\/v2\/product"}],"about":[{"href":"https:\/\/b2c.gtmdev.nl\/fr\/wp-json\/wp\/v2\/types\/product"}],"replies":[{"embeddable":true,"href":"https:\/\/b2c.gtmdev.nl\/fr\/wp-json\/wp\/v2\/comments?post=119249"}],"wp:featuredmedia":[{"embeddable":true,"href":"https:\/\/b2c.gtmdev.nl\/fr\/wp-json\/wp\/v2\/media\/133385"}],"wp:attachment":[{"href":"https:\/\/b2c.gtmdev.nl\/fr\/wp-json\/wp\/v2\/media?parent=119249"}],"wp:term":[{"taxonomy":"product_brand","embeddable":true,"href":"https:\/\/b2c.gtmdev.nl\/fr\/wp-json\/wp\/v2\/product_brand?post=119249"},{"taxonomy":"product_cat","embeddable":true,"href":"https:\/\/b2c.gtmdev.nl\/fr\/wp-json\/wp\/v2\/product_cat?post=119249"},{"taxonomy":"product_tag","embeddable":true,"href":"https:\/\/b2c.gtmdev.nl\/fr\/wp-json\/wp\/v2\/product_tag?post=119249"}],"curies":[{"name":"wp","href":"https:\/\/api.w.org\/{rel}","templated":true}]}}