
{"id":119354,"date":"2024-06-08T06:16:44","date_gmt":"2024-06-08T06:16:44","guid":{"rendered":"https:\/\/b2c.gtmdev.nl\/product\/gtv500\/"},"modified":"2026-03-18T06:02:49","modified_gmt":"2026-03-18T06:02:49","slug":"gtv500","status":"publish","type":"product","link":"https:\/\/b2c.gtmdev.nl\/fr\/product\/gtv500\/","title":{"rendered":"GTV500"},"content":{"rendered":"<ul>\n<li>Motor: Briggs &amp; Stratton XR750<\/li>\n<li>Cilinderinhoud: 163 cc<\/li>\n<li>3000 rpm<\/li>\n<li>Tankinhoud: 1 l<\/li>\n<li>Instelbare gashendel<\/li>\n<li>Werkbreedte: 52 cm<\/li>\n<li>Gelagerde stalen wielen<\/li>\n<li>Gewicht: 61 kg<\/li>\n<\/ul>","protected":false},"excerpt":{"rendered":"<p>Met de GTV500 verticuteerder kunt u zeer gemakkelijk uw gazon van mos ontdoen. De verticuteermachine is een topper wegens zijn prijs\/kwaliteit verhouding en kent al veel tevreden particuliere alsmede professionele gebruikers. De \u00e9\u00e9n-assige machine beschikt over 4 sub-assen met hieraan loshangend, gehard metalen klepels die mos en onkruid wegslaan uit het gazon. Deze krachtige robuuste machine wordt aanbevolen om gazons te verticuteren tot 2500 vierkante meter.<\/p>","protected":false},"featured_media":132569,"comment_status":"open","ping_status":"closed","template":"","meta":{"_acf_changed":false},"product_brand":[],"product_cat":[2351],"product_tag":[],"class_list":{"0":"post-119354","1":"product","2":"type-product","3":"status-publish","4":"has-post-thumbnail","6":"product_cat-gazon","8":"first","9":"instock","10":"shipping-taxable","11":"purchasable","12":"product-type-simple"},"acf":{"media":{"afbeelding_1":131366,"afbeelding_2":131367,"afbeelding_3":131368,"afbeelding_4":"","afbeelding_5":"","video":"https:\/\/www.youtube.com\/watch?v=rSWfdQRxTQg","video_thumbnail":131367},"de":{"titel_en":"","omschrijving_de":"<p>Mit dem GTV500 Vertikutierer k\u00f6nnen Sie sehr leicht den Rasen bel\u00fcften und entmoosen. Die einachsige Maschine verf\u00fcgt \u00fcber 4 Sub-Achsen, an denen Schwengel aus geh\u00e4rtetem Metall h\u00e4ngen, die Moos und Unkraut aus dem Rasen fortschleudern.<\/p>\r\n\r\n<p>Mit dem kr\u00e4ftigen Vertikutierer k\u00f6nnen Sie Rasen bis zu 2500 Quadratmeter vertikutieren.<\/p>","specs_overview_de":"\r\n<ul>\r\n  <li>GTV500 Vertikutierer <\/li>\r\n  <li>B&S XR750 Motor<\/li>\r\n  <li>Arbeitsbreite 52 cm<\/li>\r\n  <li>F\u00fcr Rasen bis etwa 2500 m\u00b2<\/li><\/ul>","specs_de":"\r\n<ul>\r\n  <li>Motor: Briggs & Stratton XR750<\/li>\r\n  <li>Verdr\u00e4ngung: 163 cc<\/li>\r\n  <li>3000 rpm<\/li>\r\n  <li>Tankinhalt: 1 l <\/li>\r\n  <li>Einstellbarer Gashebel<\/li>\r\n  <li>Arbeitsbreite: 52 cm<\/li>\r\n  <li>Gelagerte R\u00e4der<\/li>\r\n  <li>Gewicht: 61 kg<\/li><\/ul>"},"nl":{"specs_overview_nl":"\r\n<ul>\r\n  <li>GTV500 verticuteerder <\/li>\r\n  <li>B&S XR750 motor <\/li>\r\n  <li>Werkbreedte 52 cm<\/li>\r\n  <li>Gazons tot 2500 m\u00b2<\/li><\/ul>"},"cat":"GAZON","attributes":[{"attribute_acf":"dwactie","term_acf":"False"},{"attribute_acf":"dwartcat_code","term_acf":"GAZON"},{"attribute_acf":"dwartsubcat_code","term_acf":"VERT"},{"attribute_acf":"dwcompo","term_acf":"False"},{"attribute_acf":"dwctwebhfdgrp_code","term_acf":"TUIN"},{"attribute_acf":"dwctwebsupgrp_code","term_acf":"VERT"},{"attribute_acf":"dwfpagekeurd","term_acf":"False"},{"attribute_acf":"dwgazonmaaibr_code","term_acf":"52"},{"attribute_acf":"dwgazonmotor_code","term_acf":"BENZINE"},{"attribute_acf":"dwhaksuitvoer","term_acf":"False"},{"attribute_acf":"dwleveringdealer","term_acf":"True"},{"attribute_acf":"dwnieuw","term_acf":"False"},{"attribute_acf":"dwonderdelentekening","term_acf":"False"},{"attribute_acf":"dwpriority","term_acf":"0"},{"attribute_acf":"dwseizoen","term_acf":"True"},{"attribute_acf":"dwvijlbaar","term_acf":"False"},{"attribute_acf":"dwvozinclhoes","term_acf":"False"},{"attribute_acf":"dwvzinclhoes","term_acf":"False"},{"attribute_acf":"dwzichtbaarparticulier","term_acf":"True"},{"attribute_acf":"dwzichtbaarwebsite","term_acf":"True"},{"attribute_acf":"lift","term_acf":"False"}],"elynx_update_at":"2026-03-18T04:56:11.078Z"},"_links":{"self":[{"href":"https:\/\/b2c.gtmdev.nl\/fr\/wp-json\/wp\/v2\/product\/119354","targetHints":{"allow":["GET"]}}],"collection":[{"href":"https:\/\/b2c.gtmdev.nl\/fr\/wp-json\/wp\/v2\/product"}],"about":[{"href":"https:\/\/b2c.gtmdev.nl\/fr\/wp-json\/wp\/v2\/types\/product"}],"replies":[{"embeddable":true,"href":"https:\/\/b2c.gtmdev.nl\/fr\/wp-json\/wp\/v2\/comments?post=119354"}],"wp:featuredmedia":[{"embeddable":true,"href":"https:\/\/b2c.gtmdev.nl\/fr\/wp-json\/wp\/v2\/media\/132569"}],"wp:attachment":[{"href":"https:\/\/b2c.gtmdev.nl\/fr\/wp-json\/wp\/v2\/media?parent=119354"}],"wp:term":[{"taxonomy":"product_brand","embeddable":true,"href":"https:\/\/b2c.gtmdev.nl\/fr\/wp-json\/wp\/v2\/product_brand?post=119354"},{"taxonomy":"product_cat","embeddable":true,"href":"https:\/\/b2c.gtmdev.nl\/fr\/wp-json\/wp\/v2\/product_cat?post=119354"},{"taxonomy":"product_tag","embeddable":true,"href":"https:\/\/b2c.gtmdev.nl\/fr\/wp-json\/wp\/v2\/product_tag?post=119354"}],"curies":[{"name":"wp","href":"https:\/\/api.w.org\/{rel}","templated":true}]}}