
{"id":119415,"date":"2024-06-08T06:16:57","date_gmt":"2024-06-08T06:16:57","guid":{"rendered":"https:\/\/b2c.gtmdev.nl\/product\/stand-new-for-gtl5000h-7000h\/"},"modified":"2026-03-18T03:01:21","modified_gmt":"2026-03-18T03:01:21","slug":"stand-new-for-gtl5000h-7000h","status":"publish","type":"product","link":"https:\/\/b2c.gtmdev.nl\/fr\/product\/stand-new-for-gtl5000h-7000h\/","title":{"rendered":"stand NEW for GTL5000H \/ 7000H"},"content":{"rendered":"<p>-<\/p>","protected":false},"excerpt":{"rendered":"<p>Deze werkverhoger biedt u meer gebruiksgemak tijdens het werken met de GTL5000H of GTL7000H horizontale houtkliever.<br \/>\nU kunt de houtkliever verhogen tot 78 cm hoogte.<\/p>","protected":false},"featured_media":132805,"comment_status":"open","ping_status":"closed","template":"","meta":{"_acf_changed":false},"product_brand":[],"product_cat":[2349],"product_tag":[],"class_list":{"0":"post-119415","1":"product","2":"type-product","3":"status-publish","4":"has-post-thumbnail","6":"product_cat-accessoires","8":"first","9":"instock","10":"shipping-taxable","11":"purchasable","12":"product-type-simple"},"acf":{"media":{"afbeelding_1":null,"afbeelding_2":null,"afbeelding_3":null,"afbeelding_4":null,"afbeelding_5":null,"video":null,"video_thumbnail":null},"de":{"titel_en":"","omschrijving_de":"Dieser erh\u00f6hte Rahmen bietet Ihnen eine komfortable Bedienung des GTL5000H oder GTL7000H horizontalen Holzspalter.\r\nSie k\u00f6nnen den Sp\u00e4ter hiermit auf eine H\u00f6he von 78 cm anheben. \r\n<b><u>\r\n<\/u><\/b>","specs_overview_de":"- F\u00fcr horizontale Holzspalter<br>\r\n- H\u00f6he bis zu 78 cm","specs_de":""},"nl":{"specs_overview_nl":"- Voor horizontale houtklievers<br>\r\n- Hoogte tot 78 cm"},"cat":"ACCESS","attributes":[{"attribute_acf":"dwactie","term_acf":"False"},{"attribute_acf":"dwartcat_code","term_acf":"ACCESS"},{"attribute_acf":"dwcompo","term_acf":"False"},{"attribute_acf":"dwfpagekeurd","term_acf":"False"},{"attribute_acf":"dwhaksuitvoer","term_acf":"False"},{"attribute_acf":"dwleveringdealer","term_acf":"True"},{"attribute_acf":"dwnieuw","term_acf":"False"},{"attribute_acf":"dwonderdelentekening","term_acf":"False"},{"attribute_acf":"dwpriority","term_acf":"0"},{"attribute_acf":"dwprodgrp_code","term_acf":"ACCHOUT"},{"attribute_acf":"dwseizoen","term_acf":"False"},{"attribute_acf":"dwvijlbaar","term_acf":"False"},{"attribute_acf":"dwvozinclhoes","term_acf":"False"},{"attribute_acf":"dwvzinclhoes","term_acf":"False"},{"attribute_acf":"dwzichtbaarparticulier","term_acf":"True"},{"attribute_acf":"dwzichtbaarwebsite","term_acf":"True"},{"attribute_acf":"lift","term_acf":"False"}],"elynx_update_at":"2026-03-14T14:08:44.233Z"},"_links":{"self":[{"href":"https:\/\/b2c.gtmdev.nl\/fr\/wp-json\/wp\/v2\/product\/119415","targetHints":{"allow":["GET"]}}],"collection":[{"href":"https:\/\/b2c.gtmdev.nl\/fr\/wp-json\/wp\/v2\/product"}],"about":[{"href":"https:\/\/b2c.gtmdev.nl\/fr\/wp-json\/wp\/v2\/types\/product"}],"replies":[{"embeddable":true,"href":"https:\/\/b2c.gtmdev.nl\/fr\/wp-json\/wp\/v2\/comments?post=119415"}],"wp:featuredmedia":[{"embeddable":true,"href":"https:\/\/b2c.gtmdev.nl\/fr\/wp-json\/wp\/v2\/media\/132805"}],"wp:attachment":[{"href":"https:\/\/b2c.gtmdev.nl\/fr\/wp-json\/wp\/v2\/media?parent=119415"}],"wp:term":[{"taxonomy":"product_brand","embeddable":true,"href":"https:\/\/b2c.gtmdev.nl\/fr\/wp-json\/wp\/v2\/product_brand?post=119415"},{"taxonomy":"product_cat","embeddable":true,"href":"https:\/\/b2c.gtmdev.nl\/fr\/wp-json\/wp\/v2\/product_cat?post=119415"},{"taxonomy":"product_tag","embeddable":true,"href":"https:\/\/b2c.gtmdev.nl\/fr\/wp-json\/wp\/v2\/product_tag?post=119415"}],"curies":[{"name":"wp","href":"https:\/\/api.w.org\/{rel}","templated":true}]}}