
{"id":119487,"date":"2024-06-08T06:17:19","date_gmt":"2024-06-08T06:17:19","guid":{"rendered":"https:\/\/b2c.gtmdev.nl\/product\/trilplaat-gtpc360l\/"},"modified":"2026-03-18T06:02:27","modified_gmt":"2026-03-18T06:02:27","slug":"trilplaat-gtpc360l","status":"publish","type":"product","link":"https:\/\/b2c.gtmdev.nl\/fr\/product\/trilplaat-gtpc360l\/","title":{"rendered":"GTPC360L"},"content":{"rendered":"<ul>\n<li>Motor: luchtgekoelde 1 cilinder 4 takt&nbsp;\n  <\/li>\n<li>Motortype: Loncin G200F&nbsp;\n  <\/li>\n<li>Motorvermogen: 6 pk&nbsp;\n  <\/li>\n<li>Gewicht: 69 kg&nbsp;\n  <\/li>\n<li>Frequentie (trillingen): 93 Hz&nbsp;\n  <\/li>\n<li>Slagkracht: 1050 kg&nbsp;\n  <\/li>\n<li>Aantrildiepte: 20 cm&nbsp;\n  <\/li>\n<li>Snelheid: 0-24 m \/ min&nbsp;\n  <\/li>\n<li>Capaciteit: 450 m2 \/ u&nbsp;\n  <\/li>\n<li>Plaatafmetingen: 50 x 36 cm&nbsp;\n  <\/li>\n<li>Afmetingen: 108 x 36 x 80 cm<\/li>\n<\/ul>","protected":false},"excerpt":{"rendered":"<p>De GTPC360L is een trilplaat met benzinemotor die beschikt over een<br \/>\ncapaciteit van 450 vierkante meter per uur met een maximale slagkracht van 1050<br \/>\nkg. De trilplaat is voorzien van een gegoten plaat die altijd vlak is en het<br \/>\nstraatwerk niet beschadigt. De rond gegoten voorkant voorkomt stuiteren. Een<br \/>\ncomfortabele werkhouding is gegarandeerd met de stuurboom die tot 90 graden<br \/>\naanpasbaar is.<\/p>\n<p>De trilplaat wordt standaard geleverd met een set wielen voor transport en<br \/>\neen rubberen mat om sierbestrating aan te trillen.<\/p>","protected":false},"featured_media":132812,"comment_status":"open","ping_status":"closed","template":"","meta":{"_acf_changed":false},"product_brand":[],"product_cat":[2345],"product_tag":[],"class_list":{"0":"post-119487","1":"product","2":"type-product","3":"status-publish","4":"has-post-thumbnail","6":"product_cat-water-bodem","8":"first","9":"instock","10":"shipping-taxable","11":"purchasable","12":"product-type-simple"},"acf":{"media":{"afbeelding_1":null,"afbeelding_2":null,"afbeelding_3":null,"afbeelding_4":null,"afbeelding_5":null,"video":null,"video_thumbnail":null},"de":{"titel_en":"","omschrijving_de":"\r\n<p>Kr\u00e4ftige R\u00fcttelplatten f\u00fcr den G\u00e4rtner, mit einem zuverl\u00e4ssigen Loncin G200F \r\nMotor. Die GTPC360L hat eine Kapazit\u00e4t von 450 Quadratmeter pro Stunde, mit \r\neiner maximalen Schlagleistung von 1050 Kg. Die R\u00fcttelplatte ist mit einer \r\nGussplatte ausger\u00fcstet die immer flach ist und das Pflaster nicht besch\u00e4digt. \r\nDie runde geformte Vorderseite verhindert das abprallen. Eine komfortable \r\nArbeitsposition ist mit dem um 90 Grad verstellbaren Lenker garantiert. <\/p>\r\n<p>Die R\u00fcttelplatte wird standardm\u00e4\u00dfig mit einem R\u00e4dersatz f\u00fcr den Transport, \r\nund einer Gummimatte zum anr\u00fctteln des Pflasters geliefert.<\/p>","specs_overview_de":"\r\n<ul>\r\n  <li>Loncin G200F-Motor<\/li>\r\n  <li>6 PS<\/li>\r\n  <li>Schlagkraft 1050 kg<\/li>\r\n  <li>Breite 36 cm<\/li><\/ul>","specs_de":"\r\n<ul>\r\n  <li>Motor: Luftgek\u00fchlter 1 Zylinder Viertaktmotor  \r\n  <\/li><li>Motortyp: Loncin G200F  \r\n  <\/li><li>Motorleistung: 6 Ps  \r\n  <\/li><li>Gewicht: 69 Kg  \r\n  <\/li><li>Frequenz (Schwingungen): 93 Hz  \r\n  <\/li><li>Schlagleistung: 1050 kg  \r\n  <\/li><li>Anr\u00fctteltiefe: 20 cm  \r\n  <\/li><li>Geschwindigkeit: 0-24 m \/ min  \r\n  <\/li><li>Kapazit\u00e4t: 450 m2 \/ S  \r\n  <\/li><li>Abmessungen der Platte: 50 x 36 cm  \r\n  <\/li><li>Abmessungen: 108 x 36 x 80 cm<\/li><\/ul>"},"nl":{"specs_overview_nl":"\r\n<ul>\r\n  <li>Loncin G200F motor<\/li>\r\n  <li>6 pk<\/li>\r\n  <li>Slagkracht 1050 kg<\/li>\r\n  <li>Breedte 36 cm<\/li><\/ul>"},"cat":"W&B","attributes":[{"attribute_acf":"dwactie","term_acf":"False"},{"attribute_acf":"dwartcat_code","term_acf":"W&B"},{"attribute_acf":"dwartsubcat_code","term_acf":"TRIL"},{"attribute_acf":"dwcompo","term_acf":"False"},{"attribute_acf":"dwctwebhfdgrp_code","term_acf":"TUIN"},{"attribute_acf":"dwctwebsupgrp_code_0","term_acf":"TRIL"},{"attribute_acf":"dwfpagekeurd","term_acf":"False"},{"attribute_acf":"dwhaksuitvoer","term_acf":"False"},{"attribute_acf":"dwleveringdealer","term_acf":"True"},{"attribute_acf":"dwnieuw","term_acf":"False"},{"attribute_acf":"dwonderdelentekening","term_acf":"False"},{"attribute_acf":"dwplaatbr_code","term_acf":"36"},{"attribute_acf":"dwpriority","term_acf":"0"},{"attribute_acf":"dwseizoen","term_acf":"False"},{"attribute_acf":"dwvijlbaar","term_acf":"False"},{"attribute_acf":"dwvozinclhoes","term_acf":"False"},{"attribute_acf":"dwvzinclhoes","term_acf":"False"},{"attribute_acf":"dwyoutube","term_acf":"K2LHJxLqJ_4"},{"attribute_acf":"dwzichtbaarparticulier","term_acf":"True"},{"attribute_acf":"dwzichtbaarwebsite","term_acf":"True"},{"attribute_acf":"lift","term_acf":"False"}],"elynx_update_at":"2026-03-18T04:54:43.980Z"},"_links":{"self":[{"href":"https:\/\/b2c.gtmdev.nl\/fr\/wp-json\/wp\/v2\/product\/119487","targetHints":{"allow":["GET"]}}],"collection":[{"href":"https:\/\/b2c.gtmdev.nl\/fr\/wp-json\/wp\/v2\/product"}],"about":[{"href":"https:\/\/b2c.gtmdev.nl\/fr\/wp-json\/wp\/v2\/types\/product"}],"replies":[{"embeddable":true,"href":"https:\/\/b2c.gtmdev.nl\/fr\/wp-json\/wp\/v2\/comments?post=119487"}],"wp:featuredmedia":[{"embeddable":true,"href":"https:\/\/b2c.gtmdev.nl\/fr\/wp-json\/wp\/v2\/media\/132812"}],"wp:attachment":[{"href":"https:\/\/b2c.gtmdev.nl\/fr\/wp-json\/wp\/v2\/media?parent=119487"}],"wp:term":[{"taxonomy":"product_brand","embeddable":true,"href":"https:\/\/b2c.gtmdev.nl\/fr\/wp-json\/wp\/v2\/product_brand?post=119487"},{"taxonomy":"product_cat","embeddable":true,"href":"https:\/\/b2c.gtmdev.nl\/fr\/wp-json\/wp\/v2\/product_cat?post=119487"},{"taxonomy":"product_tag","embeddable":true,"href":"https:\/\/b2c.gtmdev.nl\/fr\/wp-json\/wp\/v2\/product_tag?post=119487"}],"curies":[{"name":"wp","href":"https:\/\/api.w.org\/{rel}","templated":true}]}}