
{"id":120229,"date":"2024-06-08T06:27:46","date_gmt":"2024-06-08T06:27:46","guid":{"rendered":"https:\/\/b2c.gtmdev.nl\/product\/1800cwd-honda\/"},"modified":"2026-03-18T03:00:24","modified_gmt":"2026-03-18T03:00:24","slug":"1800cwd-honda","status":"publish","type":"product","link":"https:\/\/b2c.gtmdev.nl\/fr\/product\/1800cwd-honda\/","title":{"rendered":"1800CWD Honda"},"content":{"rendered":"<ul>\n<li>Motor: Honda GX630 Twin e-start\n  <\/li>\n<li>Vermogen: 21 pk \/ 15,4 kW\n  <\/li>\n<li>Cilinderinhoud: 688 cc\n  <\/li>\n<li>Tankinhoud: 20 l (extern)\n  <\/li>\n<li>Brandstof: Euro98 (E5)\n  <\/li>\n<li>Oliesensor\n  <\/li>\n<li>Oplaadtijd accu: 4,5 uur\n  <\/li>\n<li>Max. diameter hout: 12 cm\n  <\/li>\n<li>Invoer hoogte: 106 cm\n  <\/li>\n<li>Invoer afmetingen: 50 x 35 cm\n  <\/li>\n<li>Uitvoer hoogte (hoge uitvoer):&nbsp;160 cm, draaibaar tot 270\u00b0\n  <\/li>\n<li>Deflector: traploos aanpasbaar tot 100\u00b0\n  <\/li>\n<li>Uitvoer hoogte (lage uitvoer): 35 cm\n  <\/li>\n<li>Veiligheidsbeugel en veiligheidsschakelaars\n  <\/li>\n<li>Wielen met kogellagers achter: 39 cm\n  <\/li>\n<li>Zwenkwielen voor: 25 cm\n  <\/li>\n<li>2 PRO messen + 1 tegenmes\n  <\/li>\n<li>Afmetingen (l x b x h): 208 x 72 x 163 cm\n  <\/li>\n<li>Gewicht: 255 kg<\/li>\n<\/ul>","protected":false},"excerpt":{"rendered":"<p>GTM Professional presenteert de 1800CWD, een multifunctionele, krachtige en<br \/>\nzelfrijdende houtversnipperaar om op moeilijk begaanbaar en heuvelachtig terrein<br \/>\nte opereren. De 1800CWD heeft zowel een hoge als lage uitvoer om allerlei<br \/>\nsoorten materiaal te verwerken. <\/p>\n<p>De machine is voorzien van een accu aangedreven zelfrijdend systeem. Hierdoor<br \/>\nis de machine makkelijk verplaatsbaar en kan hellingen tot 15\u00ba aan. Over vlakke<br \/>\nwegen kan de machine een afstand van 6 km rijden, over modderig of heuvelachtig<br \/>\nterrein ca. 2 km. De hoge uitvoer is geschikt voor het versnipperen van takken<br \/>\ntot een diameter van 12 cm. Gebruik de lage uitvoer voor het verwerken van<br \/>\nzachtere materialen zoals grassen, haagscheersel of plantenresten. <\/p>\n<p>Met verschillende veiligheidsvoorzieningen, zoals de noodstopbeugel en<br \/>\nveiligheidsschakelaars, voldoet de 1800CWD als zwaartekracht gevoede<br \/>\nhoutversnipperaar aan de norm voor de bosbouwmachines (EN 13525:2020).<\/p>","protected":false},"featured_media":133025,"comment_status":"open","ping_status":"closed","template":"","meta":{"_acf_changed":false},"product_brand":[],"product_cat":[2352],"product_tag":[],"class_list":{"0":"post-120229","1":"product","2":"type-product","3":"status-publish","4":"has-post-thumbnail","6":"product_cat-hakselaar","8":"first","9":"onbackorder","10":"shipping-taxable","11":"purchasable","12":"product-type-simple"},"acf":{"media":{"afbeelding_1":null,"afbeelding_2":null,"afbeelding_3":null,"afbeelding_4":null,"afbeelding_5":null,"video":null,"video_thumbnail":null},"de":{"titel_en":"","omschrijving_de":"<p>GTM Professional pr\u00e4sentiert den 1800CWD, ein multifunktionaler, leistungsstarker und selbstfahrender H\u00e4cksler mit zwei verschiedenen Auswurfoptionen. Der 1800CWD kommt mit sowohl hohem als auch niedrigem Auswurf zur verarbeitung aller Arten von Material. <\/p>\r\n<p>Die Maschine ist mit einem akkubetriebenen Selbstfahrsystem ausgestattet. Dadurch ist die Maschine leicht zu bewegen und kann es Steigungen bis zu 15\u00ba bew\u00e4ltigen. Auf ebenen Stra\u00dfen kann die Maschine eine Strecke von 6 km zur\u00fccklegen. \u00dcber schlammiges oder h\u00fcgeliges Gel\u00e4nde je nach Gegebenheiten ca. 2 km. Der hohe Auswurf ist f\u00fcr die Zerkleinerung von \u00c4sten bis zu einen Durchmesser von 12 cm geeignet. Den niedrigen Auswurf verwenden Sie f\u00fcr die Verarbeitung weicher Materialien wie Gr\u00e4ser, Heckenschnitt oder Pflanzenreste.<\/p>\r\n<p>Mit zalreichen Sicherheitsmerkmalen wie z. B. dem Sichterheitsdruckleiste und Sicherheitsschalter, erf\u00fcllt die 1800CWD als einzige schwerkraftbetriebenen H\u00e4cksler, der die Norm f\u00fcr Forstmaschinen (EN 13525:2020).<\/p>","specs_overview_de":"\r\n<ul>\r\n  <li>Selbstfahrendes System mit Batterie  \r\n  <\/li><li>Mit drehbare Auswurf  \r\n  <\/li><li>Honda GX630 Twin e-start - 21 PS  \r\n  <\/li><li>Astst\u00e4rke bis 12 cm <\/li><\/ul>","specs_de":"\r\n<ul>\r\n  <li>Motor: Honda GX630 Twin e-start \r\n  <\/li><li>Leistung: 21 PS \/ 15,4 kW \r\n  <\/li><li>Verdr\u00e4ngung: 688 cc \r\n  <\/li><li>Tankkapazit\u00e4t: 20 l (extern) \r\n  <\/li><li>Kraftstoff: Euro98 (E5) \r\n  <\/li><li>\u00d6lsensor \r\n  <\/li><li>Ladezeit des Akkus: 4,5 Stunden \r\n  <\/li><li>Max. Astst\u00e4rke: 12 cm \r\n  <\/li><li>H\u00f6he der Einfuhr: 106 cm \r\n  <\/li><li>Abmessungen Einfuhr: 50 x 35 cm \r\n  <\/li><li>Auswurfh\u00f6he (hohen Auswurf): 160 cm, drehbar bis zu 270\u00ba \r\n  <\/li><li>Deflektor: stufenlos einstellbar bis zu 100\u00b0 \r\n  <\/li><li>Auswurfh\u00f6he (niedrige Auswurf): 35 cm \r\n  <\/li><li>Sicherheitsdruckleiste und Sicherheitsschalter \r\n  <\/li><li>R\u00e4der mit Kugellager hinten: 39 cm \r\n  <\/li><li>Schwenkr\u00e4der vorne: 25 cm \r\n  <\/li><li>2 PRO Messer + 1 Gegen Messer \r\n  <\/li><li>Abmessungen (L x B x H): 208 x 72 x 163 cm \r\n  <\/li><li>Gewicht: 255 kg<\/li><\/ul>"},"nl":{"specs_overview_nl":"\r\n<ul>\r\n  <li>Zelfrijdend systeem op accu  \r\n  <\/li><li>Met draaibare uitvoer  \r\n  <\/li><li>Honda GX630 Twin e-start - 21 pk  \r\n  <\/li><li>Diameter takken tot 12 cm<\/li><\/ul>"},"cat":"HAKS","attributes":[{"attribute_acf":"dwactie","term_acf":"False"},{"attribute_acf":"dwartcat_code","term_acf":"HAKS"},{"attribute_acf":"dwcompo","term_acf":"True"},{"attribute_acf":"dwctwebsupgrp_code","term_acf":"HAKS"},{"attribute_acf":"dwfpagekeurd","term_acf":"False"},{"attribute_acf":"dwhaksmotor_code","term_acf":"ELEK-START"},{"attribute_acf":"dwhaksserie_code","term_acf":"1800"},{"attribute_acf":"dwhakstakdia_code","term_acf":"12"},{"attribute_acf":"dwhaksuitvoer","term_acf":"True"},{"attribute_acf":"dwhaksverpl_code","term_acf":"WHEEL"},{"attribute_acf":"dwleveringdealer","term_acf":"True"},{"attribute_acf":"dwnieuw","term_acf":"True"},{"attribute_acf":"dwonderdelentekening","term_acf":"True"},{"attribute_acf":"dwpriority","term_acf":"952"},{"attribute_acf":"dwseizoen","term_acf":"False"},{"attribute_acf":"dwvijlbaar","term_acf":"False"},{"attribute_acf":"dwvozinclhoes","term_acf":"False"},{"attribute_acf":"dwvzinclhoes","term_acf":"False"},{"attribute_acf":"dwzichtbaarparticulier","term_acf":"True"},{"attribute_acf":"dwzichtbaarwebsite","term_acf":"True"},{"attribute_acf":"lift","term_acf":"False"}],"elynx_update_at":"2026-03-14T14:09:24.196Z"},"_links":{"self":[{"href":"https:\/\/b2c.gtmdev.nl\/fr\/wp-json\/wp\/v2\/product\/120229","targetHints":{"allow":["GET"]}}],"collection":[{"href":"https:\/\/b2c.gtmdev.nl\/fr\/wp-json\/wp\/v2\/product"}],"about":[{"href":"https:\/\/b2c.gtmdev.nl\/fr\/wp-json\/wp\/v2\/types\/product"}],"replies":[{"embeddable":true,"href":"https:\/\/b2c.gtmdev.nl\/fr\/wp-json\/wp\/v2\/comments?post=120229"}],"wp:featuredmedia":[{"embeddable":true,"href":"https:\/\/b2c.gtmdev.nl\/fr\/wp-json\/wp\/v2\/media\/133025"}],"wp:attachment":[{"href":"https:\/\/b2c.gtmdev.nl\/fr\/wp-json\/wp\/v2\/media?parent=120229"}],"wp:term":[{"taxonomy":"product_brand","embeddable":true,"href":"https:\/\/b2c.gtmdev.nl\/fr\/wp-json\/wp\/v2\/product_brand?post=120229"},{"taxonomy":"product_cat","embeddable":true,"href":"https:\/\/b2c.gtmdev.nl\/fr\/wp-json\/wp\/v2\/product_cat?post=120229"},{"taxonomy":"product_tag","embeddable":true,"href":"https:\/\/b2c.gtmdev.nl\/fr\/wp-json\/wp\/v2\/product_tag?post=120229"}],"curies":[{"name":"wp","href":"https:\/\/api.w.org\/{rel}","templated":true}]}}