
{"id":120247,"date":"2024-06-08T06:27:54","date_gmt":"2024-06-08T06:27:54","guid":{"rendered":"https:\/\/b2c.gtmdev.nl\/product\/1300r-honda\/"},"modified":"2026-03-18T03:00:23","modified_gmt":"2026-03-18T03:00:23","slug":"1300r-honda","status":"publish","type":"product","link":"https:\/\/b2c.gtmdev.nl\/fr\/product\/1300r-honda\/","title":{"rendered":"1300R Honda"},"content":{"rendered":"<ul>\n<li>Motor: Honda GX390<\/li>\n<li>Vermogen: 13 pk \/ 8.7 kW<\/li>\n<li>Cilinderinhoud: 391 cc<\/li>\n<li>Tankinhoud: 6.1 liter<\/li>\n<li>Brandstof: Euro98 (E5)<\/li>\n<li>Max. diameter hout: 10 cm<\/li>\n<li>Invoer: 50 x 28 cm<\/li>\n<li>Invoerhoogte: 111 cm<\/li>\n<li>Uitworp hoogte: 160 cm<\/li>\n<li>Deflector traploos tot 85\u00b0 aanpasbaar<\/li>\n<li>Draaibare uitvoer<\/li>\n<li>Noodstop beugel en veiligheidschakelaars<\/li>\n<li>2 PRO messen + 1 tegenmes<\/li>\n<li>Afmetingen: 215 x 72 x 160 cm ( l x b x h )<\/li>\n<li>Gewicht: 362 kg<\/li>\n<\/ul>\n<p>Rupsonderstel:<\/p>\n<ul>\n<li>Honda GX160 (4.8 pk)<\/li>\n<li>Aantal versnellingen: 3 x vooruit en 1 x achteruit<\/li>\n<li>Max. snelheid: 4,5 km\/u<\/li>\n<li>Breedte rupsbanden: 18 cm<\/li>\n<\/ul>","protected":false},"excerpt":{"rendered":"<p>Zelfrijdende houtversnipperaar op rupsbanden voor ruw terrein.<\/p>\n<p>De 1300R houtversnipperaar is voorzien van rupsbanden om op ruw en moeilijk toegankelijk terrein te opereren. Daarmee is deze machine niet alleen geschikt voor tuin en park, maar ook voor de bosbouw. De constructie kan gemakkelijk steile hellingen tot 20\u00b0 aan.<\/p>\n<p>De 1300R is een krachtige houtversnipperaar met compacte afmetingen. De machine past daarmee in een bestelwagen, op elke aanhanger en gaat gemakkelijk door een standaard tuinpoort.<\/p>\n<p>Het versnippersysteem bestaat uit een metalen trommel (rotor) waarop twee messen zijn gemonteerd. Dit werkt snel, effici\u00ebnt en heeft een hoge capaciteit. Het systeem trekt vers hout met een diameter tot 10 cm naar binnen (droog hout tot \u00d8 8 cm), waarna dit moeiteloos wordt versnipperd in fijne houtsnippers.<\/p>\n<p>De houtsnippers worden hoog uitgeworpen en gaan rechtstreeks in een aanhanger of kruiwagen via de draaibare uitvoer met aanpasbare deflector. De houtversnipperaar wordt standaard geleverd met PRO messen, die dubbel zo lang meegaan als gewone messen.<\/p>\n<p>De 1300R is gecertificeerd door T\u00dcV Rheinland en voldoet aan de hoogste veiligheidseisen.<\/p>","protected":false},"featured_media":132957,"comment_status":"open","ping_status":"closed","template":"","meta":{"_acf_changed":false},"product_brand":[],"product_cat":[2352],"product_tag":[],"class_list":{"0":"post-120247","1":"product","2":"type-product","3":"status-publish","4":"has-post-thumbnail","6":"product_cat-hakselaar","8":"first","9":"instock","10":"shipping-taxable","11":"purchasable","12":"product-type-simple"},"acf":{"media":{"afbeelding_1":null,"afbeelding_2":null,"afbeelding_3":null,"afbeelding_4":null,"afbeelding_5":null,"video":null,"video_thumbnail":null},"de":{"titel_en":"","omschrijving_de":"<p>Selbstfahrender Holzh\u00e4cksler auf Raupen f\u00fcr schwer zug\u00e4nglichen Gel\u00e4nde.<\/p>\r\n\r\n<p>Der 1300R Holzh\u00e4cksler ist auf Raupen ausgestattet f\u00fcr den Betrieb auf rauen und schwer zug\u00e4nglichen Gel\u00e4nde. Die Maschine ist damit nicht nur f\u00fcr die Gartenarbeit und Landschaftsbau geeignet, sondern jetzt auch f\u00fcr die Forstwirtschaft. Die Konstruktion kann steilen H\u00fcgeln bis zu 20\u00b0 leicht verwalten. Das Gestell wurde speziell gesenkt, damit die Einfuhrh\u00f6he nur 10 cm h\u00f6her liegt als den 1300 auf R\u00e4der.<\/p>\r\n\r\n<p>Der 1300R ist ein starker Holzh\u00e4cksler mit kompakten Abmessungen. Die Maschine wird in einem Lastwagen, auf jedem Anh\u00e4nger, und selbst durch Standard-Gartenz\u00e4une passen.<\/p>\r\n\r\n<p>Der Schneidmechanismus besteht aus einer Metalltrommel (Rotor) worauf zwei Klingen montiert sind. Dieses System funktioniert schnell, effizient und hat eine hohe Kapazit\u00e4t. Das Schwerkraftzuf\u00fchrungssystem zieht frisches Holz mit einer max. Astst\u00e4rke bis zu 10 cm herein (trockenes Holz bis zu \u00d8 8 cm), nachdem es m\u00fchelos in sauberen Holzschnipsel verarbeitet wird.<\/p>\r\n\r\n<p>Die Holzschnipsel werden hoch ausgeworfen und fallen durch die drehbare Ausfuhr mit verstellbarem Deflektor direkt in einen Anh\u00e4nger oder eine Schubkarre. Der Holzh\u00e4cksler wird serienm\u00e4\u00dfig mit PRO-Klingen ausgestattet, die zweimal so lange durchhalten als Standardklingen.<\/p>\r\n\r\n<p>Der 1300R ist T\u00dcV Rheinland zertifiziert und entspricht den h\u00f6chsten Sicherheitsstandards.<\/p>","specs_overview_de":"\r\n<ul>\r\n  <li>Auf Raupen<\/li>\r\n  <li>Mit drehbare Auswurf<\/li>\r\n  <li>Honda GX390 Motor - 13 PS<\/li>\r\n  <li>Astst\u00e4rke bis 10 cm<\/li><\/ul>","specs_de":"\r\n<ul>\r\n  <li>Motor: Honda GX390<\/li>\r\n  <li>Leistung: 13 PS \/ 8.7 kW<\/li>\r\n  <li>Verdr\u00e4ngung: 391 cc<\/li>\r\n  <li>Tankkapazit\u00e4t: 6.1 L<\/li>\r\n  <li>Kraftstoff: Euro98 (E5)<\/li>\r\n  <li>Max. Astst\u00e4rke: 10 cm<\/li>\r\n  <li>Eingabeabmessungen: 50 x 28 cm<\/li>\r\n  <li>Eingabeh\u00f6he: 111 cm<\/li>\r\n  <li>Ausgabeh\u00f6he: 160 cm<\/li>\r\n  <li>Deflektor stufenlos bis zu 85\u00b0 verstellbar<\/li>\r\n  <li>Drehbare Ausfuhr<\/li>\r\n  <li>Sicherheitsb\u00fcgel und Sicherheitsschaltern<\/li>\r\n  <li>2 PRO Klingen + 1 Gegenklinge<\/li>\r\n  <li>Abmessungen: 215 x 72 x 160 cm<\/li>\r\n  <li>Gewicht: 362 kg<\/li><\/ul>\r\n<p>Gestell:<\/p>\r\n<ul>\r\n  <li>Honda GX160 (4.8 PS)<\/li>\r\n  <li>Anzahl der G\u00e4nge: 3 x vorw\u00e4rts und 1 x r\u00fcckw\u00e4rts <\/li>\r\n  <li>Max. Geschwindigkeit: 4.5 km\/S<\/li>\r\n  <li>Breite der Raupen: 18 cm<\/li><\/ul>"},"nl":{"specs_overview_nl":"\r\n<ul>\r\n  <li>Op rupsbanden<\/li>\r\n  <li>Met draaibare uitvoer<\/li>\r\n  <li>Honda GX390 motor - 13 pk<\/li>\r\n  <li>Diameter takken tot 10 cm<\/li><\/ul>"},"cat":"HAKS","attributes":[{"attribute_acf":"dwactie","term_acf":"False"},{"attribute_acf":"dwartcat_code","term_acf":"HAKS"},{"attribute_acf":"dwcompo","term_acf":"False"},{"attribute_acf":"dwctwebsupgrp_code","term_acf":"HAKS"},{"attribute_acf":"dwfpagekeurd","term_acf":"False"},{"attribute_acf":"dwhaksmotor_code","term_acf":"BENZINE"},{"attribute_acf":"dwhaksserie_code","term_acf":"1300"},{"attribute_acf":"dwhakstakdia_code","term_acf":"10"},{"attribute_acf":"dwhaksuitvoer","term_acf":"True"},{"attribute_acf":"dwhaksverpl_code","term_acf":"RUPS"},{"attribute_acf":"dwleveringdealer","term_acf":"True"},{"attribute_acf":"dwnieuw","term_acf":"False"},{"attribute_acf":"dwonderdelentekening","term_acf":"False"},{"attribute_acf":"dwpriority","term_acf":"956"},{"attribute_acf":"dwseizoen","term_acf":"True"},{"attribute_acf":"dwvijlbaar","term_acf":"False"},{"attribute_acf":"dwvozinclhoes","term_acf":"False"},{"attribute_acf":"dwvzinclhoes","term_acf":"False"},{"attribute_acf":"dwyoutube","term_acf":"CFlK854LXdc"},{"attribute_acf":"dwzichtbaarparticulier","term_acf":"True"},{"attribute_acf":"dwzichtbaarwebsite","term_acf":"True"},{"attribute_acf":"lift","term_acf":"False"}],"elynx_update_at":"2026-03-14T14:09:35.231Z"},"_links":{"self":[{"href":"https:\/\/b2c.gtmdev.nl\/fr\/wp-json\/wp\/v2\/product\/120247","targetHints":{"allow":["GET"]}}],"collection":[{"href":"https:\/\/b2c.gtmdev.nl\/fr\/wp-json\/wp\/v2\/product"}],"about":[{"href":"https:\/\/b2c.gtmdev.nl\/fr\/wp-json\/wp\/v2\/types\/product"}],"replies":[{"embeddable":true,"href":"https:\/\/b2c.gtmdev.nl\/fr\/wp-json\/wp\/v2\/comments?post=120247"}],"wp:featuredmedia":[{"embeddable":true,"href":"https:\/\/b2c.gtmdev.nl\/fr\/wp-json\/wp\/v2\/media\/132957"}],"wp:attachment":[{"href":"https:\/\/b2c.gtmdev.nl\/fr\/wp-json\/wp\/v2\/media?parent=120247"}],"wp:term":[{"taxonomy":"product_brand","embeddable":true,"href":"https:\/\/b2c.gtmdev.nl\/fr\/wp-json\/wp\/v2\/product_brand?post=120247"},{"taxonomy":"product_cat","embeddable":true,"href":"https:\/\/b2c.gtmdev.nl\/fr\/wp-json\/wp\/v2\/product_cat?post=120247"},{"taxonomy":"product_tag","embeddable":true,"href":"https:\/\/b2c.gtmdev.nl\/fr\/wp-json\/wp\/v2\/product_tag?post=120247"}],"curies":[{"name":"wp","href":"https:\/\/api.w.org\/{rel}","templated":true}]}}