
{"id":125866,"date":"2024-12-02T06:00:18","date_gmt":"2024-12-02T06:00:18","guid":{"rendered":"https:\/\/b2c.gtmdev.nl\/product\/gtv400\/"},"modified":"2026-03-18T06:01:58","modified_gmt":"2026-03-18T06:01:58","slug":"gtv400","status":"publish","type":"product","link":"https:\/\/b2c.gtmdev.nl\/fr\/product\/gtv400\/","title":{"rendered":"GTV400"},"content":{"rendered":"<ul>\n<li>Motor: Loncin G200F\n  <\/li>\n<li>Cilinderinhoud: 196 cc\n  <\/li>\n<li>3600 rpm\n  <\/li>\n<li>Tankinhoud:&nbsp;3.6 l\n  <\/li>\n<li>Instelbare gashendel\n  <\/li>\n<li>Werkbreedte:&nbsp;41 cm\n  <\/li>\n<li>Gelagerde stalen wielen\n  <\/li>\n<li>Afmetingen (l x b x h): 75 x 58 x 66 cm\n  <\/li>\n<li>Gewicht:&nbsp;49 kg<\/li>\n<\/ul>","protected":false},"excerpt":{"rendered":"<p>Met de GTV400 verticuteerder kunt u zeer gemakkelijk uw gazon van mos<br \/>\nontdoen. De \u00e9\u00e9n-assige machine beschikt over 4 sub-assen met gehard metalen<br \/>\nklepels die mos en onkruid wegslaan uit het gazon.<\/p>\n<p>De werkdiepte is in 5 posities instelbaar van 0 tot 2,5 cm middels de hendels<br \/>\naan elk van de voorwielen. Dit compacte en lichtgewicht model heeft een<br \/>\nwerkbreedte van 41 cm en wordt aanbevolen voor gazons tot ca. 2000<br \/>\nm\u00b2.<\/p>","protected":false},"featured_media":125865,"comment_status":"open","ping_status":"closed","template":"","meta":{"_acf_changed":false},"product_brand":[],"product_cat":[2351],"product_tag":[],"class_list":{"0":"post-125866","1":"product","2":"type-product","3":"status-publish","4":"has-post-thumbnail","6":"product_cat-gazon","8":"first","9":"instock","10":"shipping-taxable","11":"purchasable","12":"product-type-simple"},"acf":{"media":{"afbeelding_1":131364,"afbeelding_2":131365,"afbeelding_3":"","afbeelding_4":"","afbeelding_5":"","video":"","video_thumbnail":""},"de":{"titel_en":"","omschrijving_de":"<p>Mit dem GTV400 Vertikutierer k\u00f6nnen Sie sehr leicht den Rasen entmoosen. Der einachsige Vertikutierer hat 4 Unterachsen mit geharteten Metallschlegeln, die Moos und Unkraut vom Rasen beseitigen.<\/p>\r\n\r\n<p>Die Arbeitstiefe ist in 5 Positionen einstellbar von 0 bis 2,5 cm \u00fcber die Hebel an den beiden Vorderr\u00e4dern einstellbar. Dieses kompakte und leichte Modell hat eine Arbeitsbreite von 41 cm und wird f\u00fcr Rasenfl\u00e4chen bis ca. 2000 m\u00b2 empfohlen.<\/p>","specs_overview_de":"\r\n<ul>\r\n  <li>GTV400 Vertikutierer\r\n  <\/li><li>Loncin G200F Motor\r\n  <\/li><li>Arbeitsbreite 41 cm\r\n  <\/li><li>F\u00fcr Rasen bis etwa 2000 m\u00b2<\/li><\/ul>","specs_de":"\r\n<ul>\r\n  <li>Motor: Loncin G200F \r\n  <\/li><li>Verdr\u00e4ngung: 196 cc \r\n  <\/li><li>3600 rpm \r\n  <\/li><li>Tankinhalt: 3.6 l  \r\n  <\/li><li>Einstellbarer Gashebel \r\n  <\/li><li>Arbeitsbreite: 41 cm \r\n  <\/li><li>Gelagerte R\u00e4der \r\n  <\/li><li>Abmessungen (L x B x H): 75 x 58 x 66 cm \r\n  <\/li><li>Gewicht: 49 kg<\/li><\/ul>"},"nl":{"specs_overview_nl":"\r\n<ul>\r\n  <li>GTV400 verticuteerder\r\n  <\/li><li>Loncin G200F motor\r\n  <\/li><li>Werkbreedte 41 cm\r\n  <\/li><li>Gazons tot 2000 m\u00b2<\/li><\/ul>"},"cat":"GAZON","attributes":[{"attribute_acf":"dwactie","term_acf":"False"},{"attribute_acf":"dwartcat_code","term_acf":"GAZON"},{"attribute_acf":"dwartsubcat_code","term_acf":"VERT"},{"attribute_acf":"dwcompo","term_acf":"False"},{"attribute_acf":"dwctwebhfdgrp_code","term_acf":"TUIN"},{"attribute_acf":"dwctwebsupgrp_code","term_acf":"VERT"},{"attribute_acf":"dwfpagekeurd","term_acf":"False"},{"attribute_acf":"dwgazonmaaibr_code","term_acf":"41"},{"attribute_acf":"dwgazonmotor_code","term_acf":"BENZINE"},{"attribute_acf":"dwhaksuitvoer","term_acf":"False"},{"attribute_acf":"dwleveringdealer","term_acf":"True"},{"attribute_acf":"dwnieuw","term_acf":"False"},{"attribute_acf":"dwonderdelentekening","term_acf":"False"},{"attribute_acf":"dwpriority","term_acf":"0"},{"attribute_acf":"dwseizoen","term_acf":"False"},{"attribute_acf":"dwvijlbaar","term_acf":"False"},{"attribute_acf":"dwvozinclhoes","term_acf":"False"},{"attribute_acf":"dwvzinclhoes","term_acf":"False"},{"attribute_acf":"dwzichtbaarparticulier","term_acf":"True"},{"attribute_acf":"dwzichtbaarwebsite","term_acf":"True"},{"attribute_acf":"lift","term_acf":"False"}],"elynx_update_at":"2026-03-18T04:51:54.842Z"},"_links":{"self":[{"href":"https:\/\/b2c.gtmdev.nl\/fr\/wp-json\/wp\/v2\/product\/125866","targetHints":{"allow":["GET"]}}],"collection":[{"href":"https:\/\/b2c.gtmdev.nl\/fr\/wp-json\/wp\/v2\/product"}],"about":[{"href":"https:\/\/b2c.gtmdev.nl\/fr\/wp-json\/wp\/v2\/types\/product"}],"replies":[{"embeddable":true,"href":"https:\/\/b2c.gtmdev.nl\/fr\/wp-json\/wp\/v2\/comments?post=125866"}],"wp:featuredmedia":[{"embeddable":true,"href":"https:\/\/b2c.gtmdev.nl\/fr\/wp-json\/wp\/v2\/media\/125865"}],"wp:attachment":[{"href":"https:\/\/b2c.gtmdev.nl\/fr\/wp-json\/wp\/v2\/media?parent=125866"}],"wp:term":[{"taxonomy":"product_brand","embeddable":true,"href":"https:\/\/b2c.gtmdev.nl\/fr\/wp-json\/wp\/v2\/product_brand?post=125866"},{"taxonomy":"product_cat","embeddable":true,"href":"https:\/\/b2c.gtmdev.nl\/fr\/wp-json\/wp\/v2\/product_cat?post=125866"},{"taxonomy":"product_tag","embeddable":true,"href":"https:\/\/b2c.gtmdev.nl\/fr\/wp-json\/wp\/v2\/product_tag?post=125866"}],"curies":[{"name":"wp","href":"https:\/\/api.w.org\/{rel}","templated":true}]}}