
{"id":132262,"date":"2026-02-19T14:18:29","date_gmt":"2026-02-19T14:18:29","guid":{"rendered":"https:\/\/b2c.gtmdev.nl\/product\/gtm410-p-c-40v\/"},"modified":"2026-03-18T03:00:16","modified_gmt":"2026-03-18T03:00:16","slug":"gtm410-p-c-40v","status":"publish","type":"product","link":"https:\/\/b2c.gtmdev.nl\/fr\/product\/gtm410-p-c-40v\/","title":{"rendered":"GTM410 P C 40V"},"content":{"rendered":"<ul>\n<li>Maaibreedte: 41 cm\n  <\/li>\n<li>Maaihoogte 7 x instelbaar 25-75 mm\n  <\/li>\n<li>Batterij (40V \/ 4Ah) en oplader (40V \/ 2A) inbegrepen\n  <\/li>\n<li>Oplaadtijd batterij: 2 uur\n  <\/li>\n<li>Werktijd (belast): 60 minuten\n  <\/li>\n<li>3100 tpm\n  <\/li>\n<li>Stalen maaidek\n  <\/li>\n<li>2-in-1: maaien met opvangzak of mulchen\n  <\/li>\n<li>Mulch plug inbegrepen\n  <\/li>\n<li>Ergonomische duwbeugel met softgrip\n  <\/li>\n<li>Duwbeugel verstelbaar in 3 hoogtes\n  <\/li>\n<li>Diameter wielen voor: 18 cm&nbsp;\n  <\/li>\n<li>Diameter wielen achter: 20 cm\n  <\/li>\n<li>Opvangzak 50 l\n  <\/li>\n<li>Gewicht: 21,4 kg<\/li>\n<\/ul>","protected":false},"excerpt":{"rendered":"<p>Moeiteloos maaien zonder uitstoot en zonder lawaai. De GTM410 P C accu maaier<br \/>\nvan GTM Professional is voorzien van een duurzame Lithium-Ion 40V batterij, goed<br \/>\nvoor 50 minuten werken met volledige capaciteit. Het indicatorsysteem (op de<br \/>\nbatterij en duwbeugel) geeft een constante bewaking van de resterende energie.<br \/>\nDe krachtige motor zonder koolborstels garandeert een soepele werking.<\/p>\n<p>Deze 2-in-1 grasmaaier heeft een stalen maaidek met een maaibreedte van 41 cm<br \/>\nen 7 verschillende maaihoogtes van 25 tot 75 mm. Het gras wordt opgevangen in<br \/>\neen geventileerde opvangzak van 50 liter met niveau-indicator die aangeeft<br \/>\nwanneer de zak vol is. De maaier is ook geschikt om mee te mulchen. Mulch plug<br \/>\nis inbegrepen.<\/p>\n<p>De ergonomische duwbeugel met softgrip is verstelbaar in 3 verschillende<br \/>\nhoogtes voor een comfortabele werkhouding.<\/p>","protected":false},"featured_media":132261,"comment_status":"open","ping_status":"closed","template":"","meta":{"_acf_changed":false},"product_brand":[],"product_cat":[2351],"product_tag":[],"class_list":{"0":"post-132262","1":"product","2":"type-product","3":"status-publish","4":"has-post-thumbnail","6":"product_cat-gazon","8":"first","9":"instock","10":"shipping-taxable","11":"purchasable","12":"product-type-simple"},"acf":{"media":{"afbeelding_1":131373,"afbeelding_2":131374,"afbeelding_3":131375,"afbeelding_4":"","afbeelding_5":"","video":"https:\/\/www.youtube.com\/watch?v=z_yy6qZbIWA","video_thumbnail":131383},"de":{"titel_en":"","omschrijving_de":"<p>M\u00fcheloses M\u00e4hen ohne Abgase und ohne Ger\u00e4usch. Der akkubetriebener GTM410 P C Rasenm\u00e4her von GTM Professional ist mit einem dauerhaften Lithium-Ionen 40V Akku ausgestattet, und erm\u00f6glicht 60 Minuten m\u00e4hen auf voller Kapazit\u00e4t. Das Anzeigesystem (auf der Batterie und Griff) bietet eine st\u00e4ndige \u00dcberwachung von der verbleibender Akkuleistung. Der kr\u00e4ftiger, b\u00fcrstenloser Motor garantiert eine reibungslose Leistung.<\/p>\r\n<p>Dieser 2-in-1 Rasenm\u00e4her verf\u00fcgt \u00fcber einen Stahlblechgeh\u00e4use mit einer Schnittbreite von 41 cm und 7-stufige Schnitth\u00f6henverstellung von 25 bis 75 mm. Das Gras wird in einem bel\u00fcfteten Grasfangbox von 50 Liter aufgefangen, und durch ein Anzeigesystem gibt der Box an wenn es Zeit zu entleeren ist. Der Rasenm\u00e4her ist auch f\u00fcr das Mulchen geeignet und Mulchkit wird mitgeliefert.<\/p>\r\n<p>Der ergonomischer Softgriff ist auf 3 verschiedene H\u00f6hen verstellbar f\u00fcr eine bessere K\u00f6rperhaltung.<\/p>","specs_overview_de":"\r\n<ul>\r\n  <li>Akku-Rasenm\u00e4her \u00d8 41 cm<\/li>\r\n  <li>Akku und Ladeger\u00e4t mitgeliefert<\/li>\r\n  <li>Optimale Mobilit\u00e4t<\/li>\r\n  <li>Gewebe Fangsack 50 L<\/li><\/ul>","specs_de":"\r\n<ul>\r\n  <li>Schnittbreite: 41 cm \r\n  <\/li><li>Schnitth\u00f6he 7 x verstellbar 25-75 mm \r\n  <\/li><li>Akku (40V \/ 4Ah) und Ladeger\u00e4t (40V \/ 2A) mitgeliefert \r\n  <\/li><li>Akkuladezeit: 2 Stunden \r\n  <\/li><li>Arbeitszeit (belastet): 60 Minuten \r\n  <\/li><li>3100 U\/min \r\n  <\/li><li>Stahlblechgeh\u00e4use \r\n  <\/li><li>2-in-1: M\u00e4hen mit Grasfangbox oder Mulchen \r\n  <\/li><li>Mulchkit mitgeliefert \r\n  <\/li><li>Ergonomischer Softgriff \r\n  <\/li><li>Griff verstellbar auf 3 H\u00f6hen \r\n  <\/li><li>Diameter Vorderr\u00e4der 18 cm \r\n  <\/li><li>Diameter Hinterr\u00e4der 20 cm \r\n  <\/li><li>Gewebe Fangsack 50 L \r\n  <\/li><li>Gewicht: 21,4 kg<\/li><\/ul>"},"nl":{"specs_overview_nl":"\r\n<ul>\r\n  <li>Accu maaier \u00d8 41 cm<\/li>\r\n  <li>Batterij en oplader inclusief<\/li>\r\n  <li>Optimale bewegingsvrijheid<\/li>\r\n  <li>Opvangzak 50 l<\/li><\/ul>"},"cat":"GAZON","attributes":[{"attribute_acf":"dwactie","term_acf":"False"},{"attribute_acf":"dwartcat_code","term_acf":"GAZON"},{"attribute_acf":"dwartcat_code_0","term_acf":"ACCU"},{"attribute_acf":"dwartcat_code_1","term_acf":"W&B"},{"attribute_acf":"dwartsubcat_code","term_acf":"GRASM"},{"attribute_acf":"dwartsubcat_code_0","term_acf":"GTMSS"},{"attribute_acf":"dwartsubcat_code_1","term_acf":"KANT"},{"attribute_acf":"dwcompo","term_acf":"False"},{"attribute_acf":"dwctwebhfdgrp_code","term_acf":"TUIN"},{"attribute_acf":"dwctwebsupgrp_code_0","term_acf":"MAAIERS"},{"attribute_acf":"dwfpagekeurd","term_acf":"False"},{"attribute_acf":"dwgazonmaaibr_code","term_acf":"41"},{"attribute_acf":"dwgazonmotor_code","term_acf":"ACCU"},{"attribute_acf":"dwhaksuitvoer","term_acf":"False"},{"attribute_acf":"dwleveringdealer","term_acf":"True"},{"attribute_acf":"dwnieuw","term_acf":"False"},{"attribute_acf":"dwonderdelentekening","term_acf":"False"},{"attribute_acf":"dwpriority","term_acf":"999"},{"attribute_acf":"dwseizoen","term_acf":"False"},{"attribute_acf":"dwvijlbaar","term_acf":"False"},{"attribute_acf":"dwvozinclhoes","term_acf":"False"},{"attribute_acf":"dwvzinclhoes","term_acf":"False"},{"attribute_acf":"dwyoutube","term_acf":"z_yy6qZbIWA"},{"attribute_acf":"dwzichtbaarparticulier","term_acf":"True"},{"attribute_acf":"dwzichtbaarwebsite","term_acf":"True"},{"attribute_acf":"lift","term_acf":"False"}],"elynx_update_at":"2026-02-19T14:03:12.302Z"},"_links":{"self":[{"href":"https:\/\/b2c.gtmdev.nl\/fr\/wp-json\/wp\/v2\/product\/132262","targetHints":{"allow":["GET"]}}],"collection":[{"href":"https:\/\/b2c.gtmdev.nl\/fr\/wp-json\/wp\/v2\/product"}],"about":[{"href":"https:\/\/b2c.gtmdev.nl\/fr\/wp-json\/wp\/v2\/types\/product"}],"replies":[{"embeddable":true,"href":"https:\/\/b2c.gtmdev.nl\/fr\/wp-json\/wp\/v2\/comments?post=132262"}],"wp:featuredmedia":[{"embeddable":true,"href":"https:\/\/b2c.gtmdev.nl\/fr\/wp-json\/wp\/v2\/media\/132261"}],"wp:attachment":[{"href":"https:\/\/b2c.gtmdev.nl\/fr\/wp-json\/wp\/v2\/media?parent=132262"}],"wp:term":[{"taxonomy":"product_brand","embeddable":true,"href":"https:\/\/b2c.gtmdev.nl\/fr\/wp-json\/wp\/v2\/product_brand?post=132262"},{"taxonomy":"product_cat","embeddable":true,"href":"https:\/\/b2c.gtmdev.nl\/fr\/wp-json\/wp\/v2\/product_cat?post=132262"},{"taxonomy":"product_tag","embeddable":true,"href":"https:\/\/b2c.gtmdev.nl\/fr\/wp-json\/wp\/v2\/product_tag?post=132262"}],"curies":[{"name":"wp","href":"https:\/\/api.w.org\/{rel}","templated":true}]}}